{"id":29226,"date":"2023-08-28T11:19:59","date_gmt":"2023-08-28T08:19:59","guid":{"rendered":"https:\/\/biospa.ee\/vanaveeb2026\/?post_type=product&#038;p=29226"},"modified":"2026-03-26T10:55:16","modified_gmt":"2026-03-26T08:55:16","slug":"uus-pro-flex","status":"publish","type":"product","link":"https:\/\/biospa.ee\/vanaveeb2026\/toode\/uus-pro-flex\/","title":{"rendered":"Pro FLEX"},"content":{"rendered":"<p>Selles tootes on kombineeritud looduslik bioloogiliselt aktiivne kollageen koos viirukiekstrakti,<br \/>\nkaltsiumfruktoboraadi ja munakoore membraanist saadud toitainetega.<\/p>\n","protected":false},"excerpt":{"rendered":"<p>Pro Flex \u00fchendab loodusliku, bioloogiliselt t\u00e4ielikult aktiivse II t\u00fc\u00fcpi kollageeni viirukiekstrakti, kaltsiumfruktoboraadi ja munakoore membraanist p\u00e4rit liigeste toitainetega.<\/p>\n<ul>\n<li aria-level=\"1\">natiivse UC-II\u00ae kollageeniga \u2013 moduleerib p\u00f5letikulist reaktsiooni liigeses<\/li>\n<li aria-level=\"1\">Naturaalsest munakoore membraanist (OVOMET\u00ae) valmistatud vuukide ehitusplokid<\/li>\n<li aria-level=\"1\">Viirukiekstrakt 65% bosveliinhappega<\/li>\n<li aria-level=\"1\">Boor kui k\u00f5rge biosaadavusega orgaaniline kaltsiumfruktoboraat (FruiteX-B\u00ae)<\/li>\n<li aria-level=\"1\">liigesep\u00f5letiku ja valu korral<\/li>\n<\/ul>\n<p>Toidulisand 25g \/60 kapslit( sisaldab loomset p\u00e4ritolu toitaineid)<\/p>\n<p><a href=\"https:\/\/biospa.ee\/vanaveeb2026\/wp-content\/uploads\/2020\/11\/TISSOgramm_Glutenfrei.png\" data-caption=\"\"><img decoding=\"async\" class=\"alignnone wp-image-13290 size-full\" title=\"Gluteenivaba \" src=\"https:\/\/biospa.ee\/vanaveeb2026\/wp-content\/uploads\/2020\/11\/TISSOgramm_Glutenfrei.png\" alt=\"\" width=\"45\" height=\"45\" \/><\/a>\u00a0<a href=\"https:\/\/biospa.ee\/vanaveeb2026\/wp-content\/uploads\/2020\/11\/TISSOgramm_Hefefrei.png\" data-caption=\"\"><img decoding=\"async\" class=\"alignnone wp-image-13293 size-full\" title=\"P\u00e4rmivaba \" src=\"https:\/\/biospa.ee\/vanaveeb2026\/wp-content\/uploads\/2020\/11\/TISSOgramm_Hefefrei.png\" alt=\"\" width=\"45\" height=\"45\" \/><\/a>\u00a0<a href=\"https:\/\/biospa.ee\/vanaveeb2026\/wp-content\/uploads\/2020\/11\/TISSOgramm_ohne-zusatz-von.png\" data-caption=\"\"><img decoding=\"async\" class=\"alignnone wp-image-13299 size-full\" title=\"Ei sisalda magusaineid, s\u00e4ilitusaineid, aroome, v\u00e4rvaineid, maitsetugevdajaid, kunstlikke koostisosi\" src=\"https:\/\/biospa.ee\/vanaveeb2026\/wp-content\/uploads\/2020\/11\/TISSOgramm_ohne-zusatz-von.png\" alt=\"\" width=\"45\" height=\"45\" \/><\/a>\u00a0<a href=\"https:\/\/biospa.ee\/vanaveeb2026\/wp-content\/uploads\/2020\/11\/TISSOgramm_Schadstofffrei.png\" data-caption=\"\"><img decoding=\"async\" class=\"alignnone wp-image-13287 size-full\" title=\"Kahjulike koostisaineteta\" src=\"https:\/\/biospa.ee\/vanaveeb2026\/wp-content\/uploads\/2020\/11\/TISSOgramm_Schadstofffrei.png\" alt=\"\" width=\"45\" height=\"45\" \/><\/a>\u00a0<a href=\"https:\/\/biospa.ee\/vanaveeb2026\/wp-content\/uploads\/2020\/11\/TISSOgramm_Vegan.png\" data-caption=\"\"><img decoding=\"async\" class=\"alignnone wp-image-13275 size-full\" title=\"Vegan\" src=\"https:\/\/biospa.ee\/vanaveeb2026\/wp-content\/uploads\/2020\/11\/TISSOgramm_Vegan.png\" alt=\"\" width=\"45\" height=\"45\" \/><\/a>\u00a0<a href=\"https:\/\/biospa.ee\/vanaveeb2026\/wp-content\/uploads\/2020\/11\/TISSOgramm_Natuerliche-Inhaltsstoffe.png\" data-caption=\"\"><img decoding=\"async\" class=\"alignnone wp-image-13278 size-full\" title=\"Looduslikud koostisosad\" src=\"https:\/\/biospa.ee\/vanaveeb2026\/wp-content\/uploads\/2020\/11\/TISSOgramm_Natuerliche-Inhaltsstoffe.png\" alt=\"\" width=\"45\" height=\"45\" \/><\/a>\u00a0<a href=\"https:\/\/biospa.ee\/vanaveeb2026\/wp-content\/uploads\/2020\/11\/TISSOgramm_Lactosefrei.png\" data-caption=\"\"><img decoding=\"async\" class=\"alignnone wp-image-13281 size-full\" title=\"Laktoosivaba \" src=\"https:\/\/biospa.ee\/vanaveeb2026\/wp-content\/uploads\/2020\/11\/TISSOgramm_Lactosefrei.png\" alt=\"\" width=\"45\" height=\"45\" \/><\/a>\u00a0<a href=\"https:\/\/biospa.ee\/vanaveeb2026\/wp-content\/uploads\/2020\/11\/TISSOgramm_Hypoallergen.png\" data-caption=\"\"><img decoding=\"async\" class=\"alignnone wp-image-13284 size-full\" title=\"H\u00fcpoallergeenne \" src=\"https:\/\/biospa.ee\/vanaveeb2026\/wp-content\/uploads\/2020\/11\/TISSOgramm_Hypoallergen.png\" alt=\"\" width=\"45\" height=\"45\" \/><\/a><\/p>\n","protected":false},"featured_media":96911,"template":"","meta":[],"product_brand":[],"product_cat":[263],"product_tag":[],"class_list":{"0":"post-29226","1":"product","2":"type-product","3":"status-publish","4":"has-post-thumbnail","6":"product_cat-toidulisandid","8":"first","9":"instock","10":"taxable","11":"shipping-taxable","12":"purchasable","13":"product-type-simple"},"yoast_head":"<!-- This site is optimized with the Yoast SEO plugin v27.3 - https:\/\/yoast.com\/product\/yoast-seo-wordpress\/ -->\n<title>Pro FLEX - Loodus BioSpa<\/title>\n<meta name=\"robots\" content=\"index, follow, max-snippet:-1, max-image-preview:large, max-video-preview:-1\" \/>\n<link rel=\"canonical\" href=\"https:\/\/biospa.ee\/vanaveeb2026\/toode\/uus-pro-flex\/\" \/>\n<meta property=\"og:locale\" content=\"et_EE\" \/>\n<meta property=\"og:type\" content=\"article\" \/>\n<meta property=\"og:title\" content=\"Pro FLEX - Loodus BioSpa\" \/>\n<meta property=\"og:description\" content=\"Pro Flex \u00fchendab loodusliku, bioloogiliselt t\u00e4ielikult aktiivse II t\u00fc\u00fcpi kollageeni viirukiekstrakti, kaltsiumfruktoboraadi ja munakoore membraanist p\u00e4rit liigeste toitainetega.   natiivse UC-II\u00ae kollageeniga \u2013 moduleerib p\u00f5letikulist reaktsiooni liigeses  Naturaalsest munakoore membraanist (OVOMET\u00ae) valmistatud vuukide ehitusplokid  Viirukiekstrakt 65% bosveliinhappega  Boor kui k\u00f5rge biosaadavusega orgaaniline kaltsiumfruktoboraat (FruiteX-B\u00ae)  liigesep\u00f5letiku ja valu korral  Toidulisand 25g \/60 kapslit( sisaldab loomset p\u00e4ritolu toitaineid)  \u00a0\u00a0\u00a0\u00a0\u00a0\u00a0\u00a0\" \/>\n<meta property=\"og:url\" content=\"https:\/\/biospa.ee\/vanaveeb2026\/toode\/uus-pro-flex\/\" \/>\n<meta property=\"og:site_name\" content=\"Loodus BioSpa\" \/>\n<meta property=\"article:publisher\" content=\"https:\/\/www.facebook.com\/LoodusBioSpa\/\" \/>\n<meta property=\"article:modified_time\" content=\"2026-03-26T08:55:16+00:00\" \/>\n<meta property=\"og:image\" content=\"https:\/\/biospa.ee\/vanaveeb2026\/wp-content\/uploads\/2023\/08\/TISSO_Naturprodukte_Pro-Flex_FS_Icon-1.jpg\" \/>\n\t<meta property=\"og:image:width\" content=\"1080\" \/>\n\t<meta property=\"og:image:height\" content=\"1080\" \/>\n\t<meta property=\"og:image:type\" content=\"image\/jpeg\" \/>\n<meta name=\"twitter:card\" content=\"summary_large_image\" \/>\n<meta name=\"twitter:label1\" content=\"Est. reading time\" \/>\n\t<meta name=\"twitter:data1\" content=\"1 minut\" \/>\n<script type=\"application\/ld+json\" class=\"yoast-schema-graph\">{\"@context\":\"https:\\\/\\\/schema.org\",\"@graph\":[{\"@type\":\"WebPage\",\"@id\":\"https:\\\/\\\/biospa.ee\\\/vanaveeb2026\\\/toode\\\/uus-pro-flex\\\/\",\"url\":\"https:\\\/\\\/biospa.ee\\\/vanaveeb2026\\\/toode\\\/uus-pro-flex\\\/\",\"name\":\"Pro FLEX - Loodus BioSpa\",\"isPartOf\":{\"@id\":\"https:\\\/\\\/biospa.ee\\\/vanaveeb2026\\\/#website\"},\"primaryImageOfPage\":{\"@id\":\"https:\\\/\\\/biospa.ee\\\/vanaveeb2026\\\/toode\\\/uus-pro-flex\\\/#primaryimage\"},\"image\":{\"@id\":\"https:\\\/\\\/biospa.ee\\\/vanaveeb2026\\\/toode\\\/uus-pro-flex\\\/#primaryimage\"},\"thumbnailUrl\":\"https:\\\/\\\/biospa.ee\\\/vanaveeb2026\\\/wp-content\\\/uploads\\\/2023\\\/08\\\/TISSO_Naturprodukte_Pro-Flex_FS_Icon-1.jpg\",\"datePublished\":\"2023-08-28T08:19:59+00:00\",\"dateModified\":\"2026-03-26T08:55:16+00:00\",\"breadcrumb\":{\"@id\":\"https:\\\/\\\/biospa.ee\\\/vanaveeb2026\\\/toode\\\/uus-pro-flex\\\/#breadcrumb\"},\"inLanguage\":\"et\",\"potentialAction\":[{\"@type\":\"ReadAction\",\"target\":[\"https:\\\/\\\/biospa.ee\\\/vanaveeb2026\\\/toode\\\/uus-pro-flex\\\/\"]}]},{\"@type\":\"ImageObject\",\"inLanguage\":\"et\",\"@id\":\"https:\\\/\\\/biospa.ee\\\/vanaveeb2026\\\/toode\\\/uus-pro-flex\\\/#primaryimage\",\"url\":\"https:\\\/\\\/biospa.ee\\\/vanaveeb2026\\\/wp-content\\\/uploads\\\/2023\\\/08\\\/TISSO_Naturprodukte_Pro-Flex_FS_Icon-1.jpg\",\"contentUrl\":\"https:\\\/\\\/biospa.ee\\\/vanaveeb2026\\\/wp-content\\\/uploads\\\/2023\\\/08\\\/TISSO_Naturprodukte_Pro-Flex_FS_Icon-1.jpg\",\"width\":1080,\"height\":1080},{\"@type\":\"BreadcrumbList\",\"@id\":\"https:\\\/\\\/biospa.ee\\\/vanaveeb2026\\\/toode\\\/uus-pro-flex\\\/#breadcrumb\",\"itemListElement\":[{\"@type\":\"ListItem\",\"position\":1,\"name\":\"Home\",\"item\":\"https:\\\/\\\/biospa.ee\\\/vanaveeb2026\\\/\"},{\"@type\":\"ListItem\",\"position\":2,\"name\":\"Pood\",\"item\":\"https:\\\/\\\/biospa.ee\\\/vanaveeb2026\\\/pood\\\/\"},{\"@type\":\"ListItem\",\"position\":3,\"name\":\"Pro FLEX\"}]},{\"@type\":\"WebSite\",\"@id\":\"https:\\\/\\\/biospa.ee\\\/vanaveeb2026\\\/#website\",\"url\":\"https:\\\/\\\/biospa.ee\\\/vanaveeb2026\\\/\",\"name\":\"Loodus BioSpa\",\"description\":\"Loodus BioSpa\",\"publisher\":{\"@id\":\"https:\\\/\\\/biospa.ee\\\/vanaveeb2026\\\/#organization\"},\"potentialAction\":[{\"@type\":\"SearchAction\",\"target\":{\"@type\":\"EntryPoint\",\"urlTemplate\":\"https:\\\/\\\/biospa.ee\\\/vanaveeb2026\\\/?s={search_term_string}\"},\"query-input\":{\"@type\":\"PropertyValueSpecification\",\"valueRequired\":true,\"valueName\":\"search_term_string\"}}],\"inLanguage\":\"et\"},{\"@type\":\"Organization\",\"@id\":\"https:\\\/\\\/biospa.ee\\\/vanaveeb2026\\\/#organization\",\"name\":\"Tesmasan O\u00dc\",\"url\":\"https:\\\/\\\/biospa.ee\\\/vanaveeb2026\\\/\",\"logo\":{\"@type\":\"ImageObject\",\"inLanguage\":\"et\",\"@id\":\"https:\\\/\\\/biospa.ee\\\/vanaveeb2026\\\/#\\\/schema\\\/logo\\\/image\\\/\",\"url\":\"https:\\\/\\\/biospa.ee\\\/vanaveeb2026\\\/vanaveeb2026\\\/wp-content\\\/uploads\\\/2023\\\/06\\\/BioSpa-loggo-est1-0-143.png\",\"contentUrl\":\"https:\\\/\\\/biospa.ee\\\/vanaveeb2026\\\/vanaveeb2026\\\/wp-content\\\/uploads\\\/2023\\\/06\\\/BioSpa-loggo-est1-0-143.png\",\"width\":143,\"height\":59,\"caption\":\"Tesmasan O\u00dc\"},\"image\":{\"@id\":\"https:\\\/\\\/biospa.ee\\\/vanaveeb2026\\\/#\\\/schema\\\/logo\\\/image\\\/\"},\"sameAs\":[\"https:\\\/\\\/www.facebook.com\\\/LoodusBioSpa\\\/\",\"https:\\\/\\\/www.instagram.com\\\/loodusbiospa\\\/\"]}]}<\/script>\n<!-- \/ Yoast SEO plugin. -->","yoast_head_json":{"title":"Pro FLEX - Loodus BioSpa","robots":{"index":"index","follow":"follow","max-snippet":"max-snippet:-1","max-image-preview":"max-image-preview:large","max-video-preview":"max-video-preview:-1"},"canonical":"https:\/\/biospa.ee\/vanaveeb2026\/toode\/uus-pro-flex\/","og_locale":"et_EE","og_type":"article","og_title":"Pro FLEX - Loodus BioSpa","og_description":"Pro Flex \u00fchendab loodusliku, bioloogiliselt t\u00e4ielikult aktiivse II t\u00fc\u00fcpi kollageeni viirukiekstrakti, kaltsiumfruktoboraadi ja munakoore membraanist p\u00e4rit liigeste toitainetega.   natiivse UC-II\u00ae kollageeniga \u2013 moduleerib p\u00f5letikulist reaktsiooni liigeses  Naturaalsest munakoore membraanist (OVOMET\u00ae) valmistatud vuukide ehitusplokid  Viirukiekstrakt 65% bosveliinhappega  Boor kui k\u00f5rge biosaadavusega orgaaniline kaltsiumfruktoboraat (FruiteX-B\u00ae)  liigesep\u00f5letiku ja valu korral  Toidulisand 25g \/60 kapslit( sisaldab loomset p\u00e4ritolu toitaineid)  \u00a0\u00a0\u00a0\u00a0\u00a0\u00a0\u00a0","og_url":"https:\/\/biospa.ee\/vanaveeb2026\/toode\/uus-pro-flex\/","og_site_name":"Loodus BioSpa","article_publisher":"https:\/\/www.facebook.com\/LoodusBioSpa\/","article_modified_time":"2026-03-26T08:55:16+00:00","og_image":[{"width":1080,"height":1080,"url":"https:\/\/biospa.ee\/vanaveeb2026\/wp-content\/uploads\/2023\/08\/TISSO_Naturprodukte_Pro-Flex_FS_Icon-1.jpg","type":"image\/jpeg"}],"twitter_card":"summary_large_image","twitter_misc":{"Est. reading time":"1 minut"},"schema":{"@context":"https:\/\/schema.org","@graph":[{"@type":"WebPage","@id":"https:\/\/biospa.ee\/vanaveeb2026\/toode\/uus-pro-flex\/","url":"https:\/\/biospa.ee\/vanaveeb2026\/toode\/uus-pro-flex\/","name":"Pro FLEX - Loodus BioSpa","isPartOf":{"@id":"https:\/\/biospa.ee\/vanaveeb2026\/#website"},"primaryImageOfPage":{"@id":"https:\/\/biospa.ee\/vanaveeb2026\/toode\/uus-pro-flex\/#primaryimage"},"image":{"@id":"https:\/\/biospa.ee\/vanaveeb2026\/toode\/uus-pro-flex\/#primaryimage"},"thumbnailUrl":"https:\/\/biospa.ee\/vanaveeb2026\/wp-content\/uploads\/2023\/08\/TISSO_Naturprodukte_Pro-Flex_FS_Icon-1.jpg","datePublished":"2023-08-28T08:19:59+00:00","dateModified":"2026-03-26T08:55:16+00:00","breadcrumb":{"@id":"https:\/\/biospa.ee\/vanaveeb2026\/toode\/uus-pro-flex\/#breadcrumb"},"inLanguage":"et","potentialAction":[{"@type":"ReadAction","target":["https:\/\/biospa.ee\/vanaveeb2026\/toode\/uus-pro-flex\/"]}]},{"@type":"ImageObject","inLanguage":"et","@id":"https:\/\/biospa.ee\/vanaveeb2026\/toode\/uus-pro-flex\/#primaryimage","url":"https:\/\/biospa.ee\/vanaveeb2026\/wp-content\/uploads\/2023\/08\/TISSO_Naturprodukte_Pro-Flex_FS_Icon-1.jpg","contentUrl":"https:\/\/biospa.ee\/vanaveeb2026\/wp-content\/uploads\/2023\/08\/TISSO_Naturprodukte_Pro-Flex_FS_Icon-1.jpg","width":1080,"height":1080},{"@type":"BreadcrumbList","@id":"https:\/\/biospa.ee\/vanaveeb2026\/toode\/uus-pro-flex\/#breadcrumb","itemListElement":[{"@type":"ListItem","position":1,"name":"Home","item":"https:\/\/biospa.ee\/vanaveeb2026\/"},{"@type":"ListItem","position":2,"name":"Pood","item":"https:\/\/biospa.ee\/vanaveeb2026\/pood\/"},{"@type":"ListItem","position":3,"name":"Pro FLEX"}]},{"@type":"WebSite","@id":"https:\/\/biospa.ee\/vanaveeb2026\/#website","url":"https:\/\/biospa.ee\/vanaveeb2026\/","name":"Loodus BioSpa","description":"Loodus BioSpa","publisher":{"@id":"https:\/\/biospa.ee\/vanaveeb2026\/#organization"},"potentialAction":[{"@type":"SearchAction","target":{"@type":"EntryPoint","urlTemplate":"https:\/\/biospa.ee\/vanaveeb2026\/?s={search_term_string}"},"query-input":{"@type":"PropertyValueSpecification","valueRequired":true,"valueName":"search_term_string"}}],"inLanguage":"et"},{"@type":"Organization","@id":"https:\/\/biospa.ee\/vanaveeb2026\/#organization","name":"Tesmasan O\u00dc","url":"https:\/\/biospa.ee\/vanaveeb2026\/","logo":{"@type":"ImageObject","inLanguage":"et","@id":"https:\/\/biospa.ee\/vanaveeb2026\/#\/schema\/logo\/image\/","url":"https:\/\/biospa.ee\/vanaveeb2026\/vanaveeb2026\/wp-content\/uploads\/2023\/06\/BioSpa-loggo-est1-0-143.png","contentUrl":"https:\/\/biospa.ee\/vanaveeb2026\/vanaveeb2026\/wp-content\/uploads\/2023\/06\/BioSpa-loggo-est1-0-143.png","width":143,"height":59,"caption":"Tesmasan O\u00dc"},"image":{"@id":"https:\/\/biospa.ee\/vanaveeb2026\/#\/schema\/logo\/image\/"},"sameAs":["https:\/\/www.facebook.com\/LoodusBioSpa\/","https:\/\/www.instagram.com\/loodusbiospa\/"]}]}},"_links":{"self":[{"href":"https:\/\/biospa.ee\/vanaveeb2026\/wp-json\/wp\/v2\/product\/29226","targetHints":{"allow":["GET"]}}],"collection":[{"href":"https:\/\/biospa.ee\/vanaveeb2026\/wp-json\/wp\/v2\/product"}],"about":[{"href":"https:\/\/biospa.ee\/vanaveeb2026\/wp-json\/wp\/v2\/types\/product"}],"wp:featuredmedia":[{"embeddable":true,"href":"https:\/\/biospa.ee\/vanaveeb2026\/wp-json\/wp\/v2\/media\/96911"}],"wp:attachment":[{"href":"https:\/\/biospa.ee\/vanaveeb2026\/wp-json\/wp\/v2\/media?parent=29226"}],"wp:term":[{"taxonomy":"product_brand","embeddable":true,"href":"https:\/\/biospa.ee\/vanaveeb2026\/wp-json\/wp\/v2\/product_brand?post=29226"},{"taxonomy":"product_cat","embeddable":true,"href":"https:\/\/biospa.ee\/vanaveeb2026\/wp-json\/wp\/v2\/product_cat?post=29226"},{"taxonomy":"product_tag","embeddable":true,"href":"https:\/\/biospa.ee\/vanaveeb2026\/wp-json\/wp\/v2\/product_tag?post=29226"}],"curies":[{"name":"wp","href":"https:\/\/api.w.org\/{rel}","templated":true}]}}