{"id":29874,"date":"2023-10-16T10:46:03","date_gmt":"2023-10-16T07:46:03","guid":{"rendered":"https:\/\/biospa.ee\/vanaveeb2026\/?post_type=product&#038;p=29874"},"modified":"2026-03-31T16:32:47","modified_gmt":"2026-03-31T13:32:47","slug":"uus-pro-somnia-relax","status":"publish","type":"product","link":"https:\/\/biospa.ee\/vanaveeb2026\/toode\/uus-pro-somnia-relax\/","title":{"rendered":"PRO SOMNIA RELAX"},"content":{"rendered":"<p>Enamiku inimeste jaoks on stress pidev igap\u00e4evane kaaslane ja \u00fcks levinumaid uneh\u00e4irete p\u00f5hjuseid.\u00a0Viimase eest vastutab eelk\u00f5ige hormoon kortisool.\u00a0Unehormooni melatoniini loomuliku antagonistina tagab see, et sa \u00e4rkad hommikul ja p\u00fcsid \u00e4rkvel p\u00e4eval.\u00a0Kortisool on aga ka stressihormoon ja kui seda pidevalt liigselt eraldub, p\u00e4rsib see \u00f5htuti melatoniini tootmist ja r\u00f6\u00f6vib une.<\/p>\n<p>Kahe uuendusliku ja patenteeritud koostisosaga Pro Somnia Relax soodustab\u00a0 stressi ja kortisooli v\u00e4henemist ning seel\u00e4bi paraneb uni. Piimapeptiid alfa-kasosepiin (Lactium\u00ae) ja rohelise spargli bioaktiivsed \u00fchendid (ETAS\u00ae50) toimivad erinevate mehhanismide kaudu ja t\u00e4iendavad teineteist oma positiivsete m\u00f5jude poolest. Lisaks sisaldab Pro Somnia Relax k\u00f5rgekvaliteedilise bisgl\u00fctsinaadi kujul stressivastast mineraali magneesiumi. See magneesiumi\u00fchend on v\u00e4ga biosaadav, eriti h\u00e4sti talutav ja annab teile ka aminohapet gl\u00fctsiini, millel on ka rahustav toime.<\/p>\n<p>Magage sama s\u00fcgavalt ja \u00f5ndsalt nagu \u00e4sja rinnapiima saanud laps \u2013 see on v\u00f5imalik: alfa-kasosepiiniga, mis on eriline peptiid rinnapiima kaseiinist.\u00a0Selle und soodustav toime imikutele p\u00f5hineb asjaolul, et see\u00a0tugevdab rahustava neurotransmitteri GABA (gamma-aminov\u00f5ihappe) toimet ja v\u00e4hendab stressihormooni kortisooli taset, seondudes ajus GABA\u00a0<sub>A retseptoriga.\u00a0<\/sub>Sama mehhanismi kasutavad ka bensodiasepiinide kategooria magamis- ja rahustid.\u00a0Alfa-kasosepiinil on aga oluliselt madalam seondumisafiinsus, mist\u00f5ttu sellel ei ole k\u00f5rvalm\u00f5jusid ega harjumisefekte.<\/p>\n<p>Tavaliselt toodavad alfa-kasosepiini moodustamiseks spetsiifilisi ens\u00fc\u00fcme ainult vasts\u00fcndinud.\u00a0Pro Somnia Relaxis sisalduva patenteeritud piimavalgu h\u00fcdrol\u00fcsaadi Lactium\u00ae abil on esimest korda olnud v\u00f5imalik peptiid lehmapiimast ens\u00fcmaatiliselt eraldada.\u00a0Nii saate ka teie t\u00e4iskasvanuna selle stressi leevendavatest omadustest kasu saada.<\/p>\n","protected":false},"excerpt":{"rendered":"<p><strong>Rahu ja rahulikkuse tagamiseks \u2013 p\u00e4eval ja \u00f6\u00f6sel:<\/strong> Pro Somnia Relax toetab rahutuse, stressi ja stressiga seotud uneh\u00e4irete leevenemist ainulaadse s\u00fcnergilise kombinatsiooniga piimapeptiidist alfa-kasosepiinist (Lactium\u00ae), patenteeritud spargliekstraktist (ETAS\u00ae50) ja stressivastane mineraalne magneesium.<\/p>\n<ul>\n<li>Optimaalne kombinatsioon alfa-kasosepiinist (Lactium\u00ae) ja spargliekstraktist ETAS\u00ae50<\/li>\n<li>pluss k\u00f5rge biosaadav magneesium (bisgl\u00fctsinaat) tugevate n\u00e4rvide jaoks<\/li>\n<li>looduslik, \u00f5rn ja t\u00f5hus stressi ja k\u00f5rge kortisoolisisalduse vastu<\/li>\n<li>rohkem rahulikkust, sisemist rahu ja paremat und<\/li>\n<li>ilma k\u00f5rvalm\u00f5judeta, ilma harjumisefektita, ilma melatoniinita<\/li>\n<\/ul>\n<p><br data-v-807dd356=\"\" \/><span class=\"d-block\" data-v-bdc95f06=\"\" data-v-807dd356=\"\">33g = 60 kapslit<\/span><\/p>\n<p><a href=\"https:\/\/biospa.ee\/vanaveeb2026\/wp-content\/uploads\/2020\/11\/TISSOgramm_Glutenfrei.png\"><img decoding=\"async\" class=\"alignnone wp-image-13290 size-full\" title=\"Gluteenivaba \" src=\"https:\/\/biospa.ee\/vanaveeb2026\/wp-content\/uploads\/2020\/11\/TISSOgramm_Glutenfrei.png\" alt=\"\" width=\"45\" height=\"45\" \/><\/a> <a href=\"https:\/\/biospa.ee\/vanaveeb2026\/wp-content\/uploads\/2020\/11\/TISSOgramm_Hefefrei.png\"><img decoding=\"async\" class=\"alignnone wp-image-13293 size-full\" title=\"P\u00e4rmivaba \" src=\"https:\/\/biospa.ee\/vanaveeb2026\/wp-content\/uploads\/2020\/11\/TISSOgramm_Hefefrei.png\" alt=\"\" width=\"45\" height=\"45\" \/><\/a> <a href=\"https:\/\/biospa.ee\/vanaveeb2026\/wp-content\/uploads\/2020\/11\/TISSOgramm_ohne-zusatz-von.png\"><img decoding=\"async\" class=\"alignnone wp-image-13299 size-full\" title=\"Ei sisalda magusaineid, s\u00e4ilitusaineid, aroome, v\u00e4rvaineid, maitsetugevdajaid, kunstlikke koostisosi\" src=\"https:\/\/biospa.ee\/vanaveeb2026\/wp-content\/uploads\/2020\/11\/TISSOgramm_ohne-zusatz-von.png\" alt=\"\" width=\"45\" height=\"45\" \/><\/a> <a href=\"https:\/\/biospa.ee\/vanaveeb2026\/wp-content\/uploads\/2020\/11\/TISSOgramm_Schadstofffrei.png\"><img decoding=\"async\" class=\"alignnone wp-image-13287 size-full\" title=\"Kahjulike koostisaineteta\" src=\"https:\/\/biospa.ee\/vanaveeb2026\/wp-content\/uploads\/2020\/11\/TISSOgramm_Schadstofffrei.png\" alt=\"\" width=\"45\" height=\"45\" \/><\/a> <a href=\"https:\/\/biospa.ee\/vanaveeb2026\/wp-content\/uploads\/2020\/11\/TISSOgramm_Vegan.png\"><img decoding=\"async\" class=\"alignnone wp-image-13275 size-full\" title=\"Vegan\" src=\"https:\/\/biospa.ee\/vanaveeb2026\/wp-content\/uploads\/2020\/11\/TISSOgramm_Vegan.png\" alt=\"\" width=\"45\" height=\"45\" \/><\/a> <a href=\"https:\/\/biospa.ee\/vanaveeb2026\/wp-content\/uploads\/2020\/11\/TISSOgramm_Natuerliche-Inhaltsstoffe.png\"><img decoding=\"async\" class=\"alignnone wp-image-13278 size-full\" title=\"Looduslikud koostisosad\" src=\"https:\/\/biospa.ee\/vanaveeb2026\/wp-content\/uploads\/2020\/11\/TISSOgramm_Natuerliche-Inhaltsstoffe.png\" alt=\"\" width=\"45\" height=\"45\" \/><\/a> <a href=\"https:\/\/biospa.ee\/vanaveeb2026\/wp-content\/uploads\/2020\/11\/TISSOgramm_Lactosefrei.png\"><img decoding=\"async\" class=\"alignnone wp-image-13281 size-full\" title=\"Laktoosivaba \" src=\"https:\/\/biospa.ee\/vanaveeb2026\/wp-content\/uploads\/2020\/11\/TISSOgramm_Lactosefrei.png\" alt=\"\" width=\"45\" height=\"45\" \/><\/a> <a href=\"https:\/\/biospa.ee\/vanaveeb2026\/wp-content\/uploads\/2020\/11\/TISSOgramm_Hypoallergen.png\"><img decoding=\"async\" class=\"alignnone wp-image-13284 size-full\" title=\"H\u00fcpoallergeenne \" src=\"https:\/\/biospa.ee\/vanaveeb2026\/wp-content\/uploads\/2020\/11\/TISSOgramm_Hypoallergen.png\" alt=\"\" width=\"45\" height=\"45\" \/><\/a><\/p>\n","protected":false},"featured_media":97182,"template":"","meta":[],"product_brand":[],"product_cat":[263],"product_tag":[310,311,312,313,314],"class_list":{"0":"post-29874","1":"product","2":"type-product","3":"status-publish","4":"has-post-thumbnail","6":"product_cat-toidulisandid","7":"product_tag-probiootik","8":"product_tag-terve-soolestik","9":"product_tag-head-bakterid","10":"product_tag-tugev-seedimine","11":"product_tag-toidulisand","13":"first","14":"instock","15":"taxable","16":"shipping-taxable","17":"purchasable","18":"product-type-simple"},"yoast_head":"<!-- This site is optimized with the Yoast SEO plugin v27.3 - https:\/\/yoast.com\/product\/yoast-seo-wordpress\/ -->\n<title>PRO SOMNIA RELAX - Loodus BioSpa<\/title>\n<meta name=\"robots\" content=\"index, follow, max-snippet:-1, max-image-preview:large, max-video-preview:-1\" \/>\n<link rel=\"canonical\" href=\"https:\/\/biospa.ee\/vanaveeb2026\/toode\/uus-pro-somnia-relax\/\" \/>\n<meta property=\"og:locale\" content=\"et_EE\" \/>\n<meta property=\"og:type\" content=\"article\" \/>\n<meta property=\"og:title\" content=\"PRO SOMNIA RELAX - Loodus BioSpa\" \/>\n<meta property=\"og:description\" content=\"Rahu ja rahulikkuse tagamiseks \u2013 p\u00e4eval ja \u00f6\u00f6sel: Pro Somnia Relax toetab rahutuse, stressi ja stressiga seotud uneh\u00e4irete leevenemist ainulaadse s\u00fcnergilise kombinatsiooniga piimapeptiidist alfa-kasosepiinist (Lactium\u00ae), patenteeritud spargliekstraktist (ETAS\u00ae50) ja stressivastane mineraalne magneesium.   Optimaalne kombinatsioon alfa-kasosepiinist (Lactium\u00ae) ja spargliekstraktist ETAS\u00ae50  pluss k\u00f5rge biosaadav magneesium (bisgl\u00fctsinaat) tugevate n\u00e4rvide jaoks  looduslik, \u00f5rn ja t\u00f5hus stressi ja k\u00f5rge kortisoolisisalduse vastu  rohkem rahulikkust, sisemist rahu ja paremat und  ilma k\u00f5rvalm\u00f5judeta, ilma harjumisefektita, ilma melatoniinita  33g = 60 kapslit\" \/>\n<meta property=\"og:url\" content=\"https:\/\/biospa.ee\/vanaveeb2026\/toode\/uus-pro-somnia-relax\/\" \/>\n<meta property=\"og:site_name\" content=\"Loodus BioSpa\" \/>\n<meta property=\"article:publisher\" content=\"https:\/\/www.facebook.com\/LoodusBioSpa\/\" \/>\n<meta property=\"article:modified_time\" content=\"2026-03-31T13:32:47+00:00\" \/>\n<meta property=\"og:image\" content=\"https:\/\/biospa.ee\/vanaveeb2026\/wp-content\/uploads\/2023\/10\/TISSO_Naturprodukte_Pro-Somnia-Relax_FS_Icon-1.jpg\" \/>\n\t<meta property=\"og:image:width\" content=\"1080\" \/>\n\t<meta property=\"og:image:height\" content=\"1080\" \/>\n\t<meta property=\"og:image:type\" content=\"image\/jpeg\" \/>\n<meta name=\"twitter:card\" content=\"summary_large_image\" \/>\n<meta name=\"twitter:label1\" content=\"Est. reading time\" \/>\n\t<meta name=\"twitter:data1\" content=\"2 minutit\" \/>\n<script type=\"application\/ld+json\" class=\"yoast-schema-graph\">{\"@context\":\"https:\\\/\\\/schema.org\",\"@graph\":[{\"@type\":\"WebPage\",\"@id\":\"https:\\\/\\\/biospa.ee\\\/vanaveeb2026\\\/toode\\\/uus-pro-somnia-relax\\\/\",\"url\":\"https:\\\/\\\/biospa.ee\\\/vanaveeb2026\\\/toode\\\/uus-pro-somnia-relax\\\/\",\"name\":\"PRO SOMNIA RELAX - Loodus BioSpa\",\"isPartOf\":{\"@id\":\"https:\\\/\\\/biospa.ee\\\/vanaveeb2026\\\/?lang=ru\\\/#website\"},\"primaryImageOfPage\":{\"@id\":\"https:\\\/\\\/biospa.ee\\\/vanaveeb2026\\\/toode\\\/uus-pro-somnia-relax\\\/#primaryimage\"},\"image\":{\"@id\":\"https:\\\/\\\/biospa.ee\\\/vanaveeb2026\\\/toode\\\/uus-pro-somnia-relax\\\/#primaryimage\"},\"thumbnailUrl\":\"https:\\\/\\\/biospa.ee\\\/vanaveeb2026\\\/wp-content\\\/uploads\\\/2023\\\/10\\\/TISSO_Naturprodukte_Pro-Somnia-Relax_FS_Icon-1.jpg\",\"datePublished\":\"2023-10-16T07:46:03+00:00\",\"dateModified\":\"2026-03-31T13:32:47+00:00\",\"breadcrumb\":{\"@id\":\"https:\\\/\\\/biospa.ee\\\/vanaveeb2026\\\/toode\\\/uus-pro-somnia-relax\\\/#breadcrumb\"},\"inLanguage\":\"et\",\"potentialAction\":[{\"@type\":\"ReadAction\",\"target\":[\"https:\\\/\\\/biospa.ee\\\/vanaveeb2026\\\/toode\\\/uus-pro-somnia-relax\\\/\"]}]},{\"@type\":\"ImageObject\",\"inLanguage\":\"et\",\"@id\":\"https:\\\/\\\/biospa.ee\\\/vanaveeb2026\\\/toode\\\/uus-pro-somnia-relax\\\/#primaryimage\",\"url\":\"https:\\\/\\\/biospa.ee\\\/vanaveeb2026\\\/wp-content\\\/uploads\\\/2023\\\/10\\\/TISSO_Naturprodukte_Pro-Somnia-Relax_FS_Icon-1.jpg\",\"contentUrl\":\"https:\\\/\\\/biospa.ee\\\/vanaveeb2026\\\/wp-content\\\/uploads\\\/2023\\\/10\\\/TISSO_Naturprodukte_Pro-Somnia-Relax_FS_Icon-1.jpg\",\"width\":1080,\"height\":1080},{\"@type\":\"BreadcrumbList\",\"@id\":\"https:\\\/\\\/biospa.ee\\\/vanaveeb2026\\\/toode\\\/uus-pro-somnia-relax\\\/#breadcrumb\",\"itemListElement\":[{\"@type\":\"ListItem\",\"position\":1,\"name\":\"Home\",\"item\":\"https:\\\/\\\/biospa.ee\\\/vanaveeb2026\\\/\"},{\"@type\":\"ListItem\",\"position\":2,\"name\":\"Pood\",\"item\":\"https:\\\/\\\/biospa.ee\\\/vanaveeb2026\\\/pood\\\/\"},{\"@type\":\"ListItem\",\"position\":3,\"name\":\"PRO SOMNIA RELAX\"}]},{\"@type\":\"WebSite\",\"@id\":\"https:\\\/\\\/biospa.ee\\\/vanaveeb2026\\\/?lang=ru\\\/#website\",\"url\":\"https:\\\/\\\/biospa.ee\\\/vanaveeb2026\\\/?lang=ru\\\/\",\"name\":\"Loodus BioSpa\",\"description\":\"Loodus BioSpa\",\"publisher\":{\"@id\":\"https:\\\/\\\/biospa.ee\\\/vanaveeb2026\\\/?lang=ru\\\/#organization\"},\"potentialAction\":[{\"@type\":\"SearchAction\",\"target\":{\"@type\":\"EntryPoint\",\"urlTemplate\":\"https:\\\/\\\/biospa.ee\\\/vanaveeb2026\\\/?lang=ru\\\/?s={search_term_string}\"},\"query-input\":{\"@type\":\"PropertyValueSpecification\",\"valueRequired\":true,\"valueName\":\"search_term_string\"}}],\"inLanguage\":\"et\"},{\"@type\":\"Organization\",\"@id\":\"https:\\\/\\\/biospa.ee\\\/vanaveeb2026\\\/?lang=ru\\\/#organization\",\"name\":\"Tesmasan O\u00dc\",\"url\":\"https:\\\/\\\/biospa.ee\\\/vanaveeb2026\\\/?lang=ru\\\/\",\"logo\":{\"@type\":\"ImageObject\",\"inLanguage\":\"et\",\"@id\":\"https:\\\/\\\/biospa.ee\\\/vanaveeb2026\\\/?lang=ru\\\/#\\\/schema\\\/logo\\\/image\\\/\",\"url\":\"https:\\\/\\\/biospa.ee\\\/vanaveeb2026\\\/vanaveeb2026\\\/wp-content\\\/uploads\\\/2023\\\/06\\\/BioSpa-loggo-est1-0-143.png\",\"contentUrl\":\"https:\\\/\\\/biospa.ee\\\/vanaveeb2026\\\/vanaveeb2026\\\/wp-content\\\/uploads\\\/2023\\\/06\\\/BioSpa-loggo-est1-0-143.png\",\"width\":143,\"height\":59,\"caption\":\"Tesmasan O\u00dc\"},\"image\":{\"@id\":\"https:\\\/\\\/biospa.ee\\\/vanaveeb2026\\\/?lang=ru\\\/#\\\/schema\\\/logo\\\/image\\\/\"},\"sameAs\":[\"https:\\\/\\\/www.facebook.com\\\/LoodusBioSpa\\\/\",\"https:\\\/\\\/www.instagram.com\\\/loodusbiospa\\\/\"]}]}<\/script>\n<!-- \/ Yoast SEO plugin. -->","yoast_head_json":{"title":"PRO SOMNIA RELAX - Loodus BioSpa","robots":{"index":"index","follow":"follow","max-snippet":"max-snippet:-1","max-image-preview":"max-image-preview:large","max-video-preview":"max-video-preview:-1"},"canonical":"https:\/\/biospa.ee\/vanaveeb2026\/toode\/uus-pro-somnia-relax\/","og_locale":"et_EE","og_type":"article","og_title":"PRO SOMNIA RELAX - Loodus BioSpa","og_description":"Rahu ja rahulikkuse tagamiseks \u2013 p\u00e4eval ja \u00f6\u00f6sel: Pro Somnia Relax toetab rahutuse, stressi ja stressiga seotud uneh\u00e4irete leevenemist ainulaadse s\u00fcnergilise kombinatsiooniga piimapeptiidist alfa-kasosepiinist (Lactium\u00ae), patenteeritud spargliekstraktist (ETAS\u00ae50) ja stressivastane mineraalne magneesium.   Optimaalne kombinatsioon alfa-kasosepiinist (Lactium\u00ae) ja spargliekstraktist ETAS\u00ae50  pluss k\u00f5rge biosaadav magneesium (bisgl\u00fctsinaat) tugevate n\u00e4rvide jaoks  looduslik, \u00f5rn ja t\u00f5hus stressi ja k\u00f5rge kortisoolisisalduse vastu  rohkem rahulikkust, sisemist rahu ja paremat und  ilma k\u00f5rvalm\u00f5judeta, ilma harjumisefektita, ilma melatoniinita  33g = 60 kapslit","og_url":"https:\/\/biospa.ee\/vanaveeb2026\/toode\/uus-pro-somnia-relax\/","og_site_name":"Loodus BioSpa","article_publisher":"https:\/\/www.facebook.com\/LoodusBioSpa\/","article_modified_time":"2026-03-31T13:32:47+00:00","og_image":[{"width":1080,"height":1080,"url":"https:\/\/biospa.ee\/vanaveeb2026\/wp-content\/uploads\/2023\/10\/TISSO_Naturprodukte_Pro-Somnia-Relax_FS_Icon-1.jpg","type":"image\/jpeg"}],"twitter_card":"summary_large_image","twitter_misc":{"Est. reading time":"2 minutit"},"schema":{"@context":"https:\/\/schema.org","@graph":[{"@type":"WebPage","@id":"https:\/\/biospa.ee\/vanaveeb2026\/toode\/uus-pro-somnia-relax\/","url":"https:\/\/biospa.ee\/vanaveeb2026\/toode\/uus-pro-somnia-relax\/","name":"PRO SOMNIA RELAX - Loodus BioSpa","isPartOf":{"@id":"https:\/\/biospa.ee\/vanaveeb2026\/?lang=ru\/#website"},"primaryImageOfPage":{"@id":"https:\/\/biospa.ee\/vanaveeb2026\/toode\/uus-pro-somnia-relax\/#primaryimage"},"image":{"@id":"https:\/\/biospa.ee\/vanaveeb2026\/toode\/uus-pro-somnia-relax\/#primaryimage"},"thumbnailUrl":"https:\/\/biospa.ee\/vanaveeb2026\/wp-content\/uploads\/2023\/10\/TISSO_Naturprodukte_Pro-Somnia-Relax_FS_Icon-1.jpg","datePublished":"2023-10-16T07:46:03+00:00","dateModified":"2026-03-31T13:32:47+00:00","breadcrumb":{"@id":"https:\/\/biospa.ee\/vanaveeb2026\/toode\/uus-pro-somnia-relax\/#breadcrumb"},"inLanguage":"et","potentialAction":[{"@type":"ReadAction","target":["https:\/\/biospa.ee\/vanaveeb2026\/toode\/uus-pro-somnia-relax\/"]}]},{"@type":"ImageObject","inLanguage":"et","@id":"https:\/\/biospa.ee\/vanaveeb2026\/toode\/uus-pro-somnia-relax\/#primaryimage","url":"https:\/\/biospa.ee\/vanaveeb2026\/wp-content\/uploads\/2023\/10\/TISSO_Naturprodukte_Pro-Somnia-Relax_FS_Icon-1.jpg","contentUrl":"https:\/\/biospa.ee\/vanaveeb2026\/wp-content\/uploads\/2023\/10\/TISSO_Naturprodukte_Pro-Somnia-Relax_FS_Icon-1.jpg","width":1080,"height":1080},{"@type":"BreadcrumbList","@id":"https:\/\/biospa.ee\/vanaveeb2026\/toode\/uus-pro-somnia-relax\/#breadcrumb","itemListElement":[{"@type":"ListItem","position":1,"name":"Home","item":"https:\/\/biospa.ee\/vanaveeb2026\/"},{"@type":"ListItem","position":2,"name":"Pood","item":"https:\/\/biospa.ee\/vanaveeb2026\/pood\/"},{"@type":"ListItem","position":3,"name":"PRO SOMNIA RELAX"}]},{"@type":"WebSite","@id":"https:\/\/biospa.ee\/vanaveeb2026\/?lang=ru\/#website","url":"https:\/\/biospa.ee\/vanaveeb2026\/?lang=ru\/","name":"Loodus BioSpa","description":"Loodus BioSpa","publisher":{"@id":"https:\/\/biospa.ee\/vanaveeb2026\/?lang=ru\/#organization"},"potentialAction":[{"@type":"SearchAction","target":{"@type":"EntryPoint","urlTemplate":"https:\/\/biospa.ee\/vanaveeb2026\/?lang=ru\/?s={search_term_string}"},"query-input":{"@type":"PropertyValueSpecification","valueRequired":true,"valueName":"search_term_string"}}],"inLanguage":"et"},{"@type":"Organization","@id":"https:\/\/biospa.ee\/vanaveeb2026\/?lang=ru\/#organization","name":"Tesmasan O\u00dc","url":"https:\/\/biospa.ee\/vanaveeb2026\/?lang=ru\/","logo":{"@type":"ImageObject","inLanguage":"et","@id":"https:\/\/biospa.ee\/vanaveeb2026\/?lang=ru\/#\/schema\/logo\/image\/","url":"https:\/\/biospa.ee\/vanaveeb2026\/vanaveeb2026\/wp-content\/uploads\/2023\/06\/BioSpa-loggo-est1-0-143.png","contentUrl":"https:\/\/biospa.ee\/vanaveeb2026\/vanaveeb2026\/wp-content\/uploads\/2023\/06\/BioSpa-loggo-est1-0-143.png","width":143,"height":59,"caption":"Tesmasan O\u00dc"},"image":{"@id":"https:\/\/biospa.ee\/vanaveeb2026\/?lang=ru\/#\/schema\/logo\/image\/"},"sameAs":["https:\/\/www.facebook.com\/LoodusBioSpa\/","https:\/\/www.instagram.com\/loodusbiospa\/"]}]}},"_links":{"self":[{"href":"https:\/\/biospa.ee\/vanaveeb2026\/wp-json\/wp\/v2\/product\/29874","targetHints":{"allow":["GET"]}}],"collection":[{"href":"https:\/\/biospa.ee\/vanaveeb2026\/wp-json\/wp\/v2\/product"}],"about":[{"href":"https:\/\/biospa.ee\/vanaveeb2026\/wp-json\/wp\/v2\/types\/product"}],"wp:featuredmedia":[{"embeddable":true,"href":"https:\/\/biospa.ee\/vanaveeb2026\/wp-json\/wp\/v2\/media\/97182"}],"wp:attachment":[{"href":"https:\/\/biospa.ee\/vanaveeb2026\/wp-json\/wp\/v2\/media?parent=29874"}],"wp:term":[{"taxonomy":"product_brand","embeddable":true,"href":"https:\/\/biospa.ee\/vanaveeb2026\/wp-json\/wp\/v2\/product_brand?post=29874"},{"taxonomy":"product_cat","embeddable":true,"href":"https:\/\/biospa.ee\/vanaveeb2026\/wp-json\/wp\/v2\/product_cat?post=29874"},{"taxonomy":"product_tag","embeddable":true,"href":"https:\/\/biospa.ee\/vanaveeb2026\/wp-json\/wp\/v2\/product_tag?post=29874"}],"curies":[{"name":"wp","href":"https:\/\/api.w.org\/{rel}","templated":true}]}}