{"id":34477,"date":"2025-01-23T09:42:30","date_gmt":"2025-01-23T07:42:30","guid":{"rendered":"https:\/\/biospa.ee\/vanaveeb2026\/?post_type=product&#038;p=34477"},"modified":"2026-03-26T13:34:41","modified_gmt":"2026-03-26T11:34:41","slug":"pro-pms-balance","status":"publish","type":"product","link":"https:\/\/biospa.ee\/vanaveeb2026\/toode\/pro-pms-balance\/","title":{"rendered":"Uus!Pro PMS Balance"},"content":{"rendered":"<p>Kergus igakuise ts\u00fckli ajal: Pro PMS Balance \u00fchendab t\u00f5estatud taimsete ekstraktide, v\u00e4\u00e4rtuslike mineraalide ja B6-vitamiini, et toetada hormoonide reguleerimist ning edendada lihaste, energiavahetuse, n\u00e4rvis\u00fcsteemi ja vaimse heaolu tervislikku toimimist. Tunne rohkem tasakaalu ja head enesetunnet \u2013 igal p\u00e4eval.<\/p>\n<ul>\n<li><em>Tervisealased v\u00e4ited:<\/em><br \/>\nMagneesium aitab kaasa tervislikule lihaste funktsioneerimisele.<br \/>\nMagneesium soodustab v\u00e4simuse ja kurnatuse v\u00e4henemist.<br \/>\nTsink toetab normaalset viljakust ja paljunemist.<br \/>\nTsink aitab kaitsta rakke oks\u00fcdatiivse stressi eest.<br \/>\nVask on v\u00e4\u00e4rtuslik tervisliku energiavahetuse jaoks.<br \/>\nVask toetab raudi transporti kehas.<br \/>\nB6-vitamiin soodustab normaalset energiavahetust.<br \/>\nB6-vitamiin aitab kaasa n\u00e4rvis\u00fcsteemi tervislikule funktsioneerimisele.<br \/>\nB6-vitamiin on v\u00e4\u00e4rtuslik normaalse vaimse funktsiooni jaoks.<br \/>\nB6-vitamiin toetab v\u00e4simuse ja kurnatuse v\u00e4henemist.<\/li>\n<\/ul>\n","protected":false},"excerpt":{"rendered":"<p>Tunne end h\u00e4sti \u2013 igal p\u00e4eval oma ts\u00fcklist! Pro PMS Balance \u00fchendab endas taimsete ekstraktide, oluliste mineraalide ja B6-vitamiini segu \u2013 vaimsele heaolule, lihastele ja naissuguhormoonide tervislikule tasakaalule.<\/p>\n<p>*parim kombinatsioon mungapipra, ingveri ekstrakti, mineraalide ja B6-vitamiiniga<br \/>\n*v\u00e4\u00e4rtuslik mungapipra ekstrakt \u2013 teaduslikult uuritud annuses<br \/>\n*patenteeritud ingveri ekstrakt (Ginfort\u00ae) \u00fcle 26 % gingeroide<br \/>\n*k\u00f5rge biosaadavusega mineraalid: magneesium, tsink ja vask<br \/>\n*bioaktiivne B6-vitamiin hormoonide tegevuse reguleerimiseks<\/p>\n<p>sisu: 50 g = 90 kapslit<\/p>\n<p>&nbsp;<\/p>\n<p><a href=\"https:\/\/biospa.ee\/vanaveeb2026\/wp-content\/uploads\/2020\/11\/TISSOgramm_Glutenfrei.png\" data-caption=\"\"><img decoding=\"async\" class=\"alignnone wp-image-13290 size-full\" title=\"Gluteenivaba \" src=\"https:\/\/biospa.ee\/vanaveeb2026\/wp-content\/uploads\/2020\/11\/TISSOgramm_Glutenfrei.png\" alt=\"\" width=\"45\" height=\"45\" \/><\/a><a href=\"https:\/\/biospa.ee\/vanaveeb2026\/wp-content\/uploads\/2020\/11\/TISSOgramm_Hypoallergen.png\">\u00a0<\/a><a href=\"https:\/\/biospa.ee\/vanaveeb2026\/wp-content\/uploads\/2020\/11\/TISSOgramm_Hefefrei.png\" data-caption=\"\"><img decoding=\"async\" class=\"alignnone wp-image-13293 size-full\" title=\"P\u00e4rmivaba \" src=\"https:\/\/biospa.ee\/vanaveeb2026\/wp-content\/uploads\/2020\/11\/TISSOgramm_Hefefrei.png\" alt=\"\" width=\"45\" height=\"45\" \/><\/a><a href=\"https:\/\/biospa.ee\/vanaveeb2026\/wp-content\/uploads\/2020\/11\/TISSOgramm_Hypoallergen.png\">\u00a0<\/a><a href=\"https:\/\/biospa.ee\/vanaveeb2026\/wp-content\/uploads\/2020\/11\/TISSOgramm_ohne-zusatz-von.png\" data-caption=\"\"><img decoding=\"async\" class=\"alignnone wp-image-13299 size-full\" title=\"Ei sisalda magusaineid, s\u00e4ilitusaineid, aroome, v\u00e4rvaineid, maitsetugevdajaid, kunstlikke koostisosi\" src=\"https:\/\/biospa.ee\/vanaveeb2026\/wp-content\/uploads\/2020\/11\/TISSOgramm_ohne-zusatz-von.png\" alt=\"\" width=\"45\" height=\"45\" \/><\/a><a href=\"https:\/\/biospa.ee\/vanaveeb2026\/wp-content\/uploads\/2020\/11\/TISSOgramm_Hypoallergen.png\">\u00a0<\/a><a href=\"https:\/\/biospa.ee\/vanaveeb2026\/wp-content\/uploads\/2020\/11\/TISSOgramm_Schadstofffrei.png\" data-caption=\"\"><img decoding=\"async\" class=\"alignnone wp-image-13287 size-full\" title=\"Kahjulike koostisaineteta\" src=\"https:\/\/biospa.ee\/vanaveeb2026\/wp-content\/uploads\/2020\/11\/TISSOgramm_Schadstofffrei.png\" alt=\"\" width=\"45\" height=\"45\" \/><\/a><a href=\"https:\/\/biospa.ee\/vanaveeb2026\/wp-content\/uploads\/2020\/11\/TISSOgramm_Hypoallergen.png\">\u00a0<\/a><a href=\"https:\/\/biospa.ee\/vanaveeb2026\/wp-content\/uploads\/2020\/11\/TISSOgramm_Vegan.png\" data-caption=\"\"><img decoding=\"async\" class=\"alignnone wp-image-13275 size-full\" title=\"Vegan\" src=\"https:\/\/biospa.ee\/vanaveeb2026\/wp-content\/uploads\/2020\/11\/TISSOgramm_Vegan.png\" alt=\"\" width=\"45\" height=\"45\" \/><\/a><a href=\"https:\/\/biospa.ee\/vanaveeb2026\/wp-content\/uploads\/2020\/11\/TISSOgramm_Hypoallergen.png\">\u00a0<\/a><a href=\"https:\/\/biospa.ee\/vanaveeb2026\/wp-content\/uploads\/2020\/11\/TISSOgramm_Natuerliche-Inhaltsstoffe.png\" data-caption=\"\"><img decoding=\"async\" class=\"alignnone wp-image-13278 size-full\" title=\"Looduslikud koostisosad\" src=\"https:\/\/biospa.ee\/vanaveeb2026\/wp-content\/uploads\/2020\/11\/TISSOgramm_Natuerliche-Inhaltsstoffe.png\" alt=\"\" width=\"45\" height=\"45\" \/><\/a><a href=\"https:\/\/biospa.ee\/vanaveeb2026\/wp-content\/uploads\/2020\/11\/TISSOgramm_Hypoallergen.png\">\u00a0<\/a><a href=\"https:\/\/biospa.ee\/vanaveeb2026\/wp-content\/uploads\/2020\/11\/TISSOgramm_Lactosefrei.png\" data-caption=\"\"><img decoding=\"async\" class=\"alignnone wp-image-13281 size-full\" title=\"Laktoosivaba \" src=\"https:\/\/biospa.ee\/vanaveeb2026\/wp-content\/uploads\/2020\/11\/TISSOgramm_Lactosefrei.png\" alt=\"\" width=\"45\" height=\"45\" \/><\/a><a href=\"https:\/\/biospa.ee\/vanaveeb2026\/wp-content\/uploads\/2020\/11\/TISSOgramm_Hypoallergen.png\">\u00a0<\/a><a href=\"https:\/\/biospa.ee\/vanaveeb2026\/wp-content\/uploads\/2020\/11\/TISSOgramm_Hypoallergen.png\" data-caption=\"\"><img decoding=\"async\" class=\"alignnone wp-image-13284 size-full\" title=\"H\u00fcpoallergeenne \" src=\"https:\/\/biospa.ee\/vanaveeb2026\/wp-content\/uploads\/2020\/11\/TISSOgramm_Hypoallergen.png\" alt=\"\" width=\"45\" height=\"45\" \/><\/a><\/p>\n","protected":false},"featured_media":97109,"template":"","meta":[],"product_brand":[],"product_cat":[412,423,263],"product_tag":[],"class_list":{"0":"post-34477","1":"product","2":"type-product","3":"status-publish","4":"has-post-thumbnail","6":"product_cat-uudis-uudis","7":"product_cat-uudis","8":"product_cat-toidulisandid","10":"first","11":"instock","12":"taxable","13":"shipping-taxable","14":"purchasable","15":"product-type-simple"},"yoast_head":"<!-- This site is optimized with the Yoast SEO plugin v27.3 - https:\/\/yoast.com\/product\/yoast-seo-wordpress\/ -->\n<title>Uus!Pro PMS Balance - Loodus BioSpa<\/title>\n<meta name=\"robots\" content=\"index, follow, max-snippet:-1, max-image-preview:large, max-video-preview:-1\" \/>\n<link rel=\"canonical\" href=\"https:\/\/biospa.ee\/vanaveeb2026\/toode\/pro-pms-balance\/\" \/>\n<meta property=\"og:locale\" content=\"et_EE\" \/>\n<meta property=\"og:type\" content=\"article\" \/>\n<meta property=\"og:title\" content=\"Uus!Pro PMS Balance - Loodus BioSpa\" \/>\n<meta property=\"og:description\" content=\"Tunne end h\u00e4sti \u2013 igal p\u00e4eval oma ts\u00fcklist! Pro PMS Balance \u00fchendab endas taimsete ekstraktide, oluliste mineraalide ja B6-vitamiini segu \u2013 vaimsele heaolule, lihastele ja naissuguhormoonide tervislikule tasakaalule.  *parim kombinatsioon mungapipra, ingveri ekstrakti, mineraalide ja B6-vitamiiniga *v\u00e4\u00e4rtuslik mungapipra ekstrakt \u2013 teaduslikult uuritud annuses *patenteeritud ingveri ekstrakt (Ginfort\u00ae) \u00fcle 26 % gingeroide *k\u00f5rge biosaadavusega mineraalid: magneesium, tsink ja vask *bioaktiivne B6-vitamiin hormoonide tegevuse reguleerimiseks  sisu: 50 g = 90 kapslit  &nbsp;  \u00a0\u00a0\u00a0\u00a0\u00a0\u00a0\u00a0\" \/>\n<meta property=\"og:url\" content=\"https:\/\/biospa.ee\/vanaveeb2026\/toode\/pro-pms-balance\/\" \/>\n<meta property=\"og:site_name\" content=\"Loodus BioSpa\" \/>\n<meta property=\"article:publisher\" content=\"https:\/\/www.facebook.com\/LoodusBioSpa\/\" \/>\n<meta property=\"article:modified_time\" content=\"2026-03-26T11:34:41+00:00\" \/>\n<meta property=\"og:image\" content=\"https:\/\/biospa.ee\/vanaveeb2026\/wp-content\/uploads\/2025\/01\/TISSO_Naturprodukte_Carousel_ProPMSBalance_1-1.jpg\" \/>\n\t<meta property=\"og:image:width\" content=\"1080\" \/>\n\t<meta property=\"og:image:height\" content=\"1080\" \/>\n\t<meta property=\"og:image:type\" content=\"image\/jpeg\" \/>\n<meta name=\"twitter:card\" content=\"summary_large_image\" \/>\n<meta name=\"twitter:label1\" content=\"Est. reading time\" \/>\n\t<meta name=\"twitter:data1\" content=\"1 minut\" \/>\n<script type=\"application\/ld+json\" class=\"yoast-schema-graph\">{\"@context\":\"https:\\\/\\\/schema.org\",\"@graph\":[{\"@type\":\"WebPage\",\"@id\":\"https:\\\/\\\/biospa.ee\\\/vanaveeb2026\\\/toode\\\/pro-pms-balance\\\/\",\"url\":\"https:\\\/\\\/biospa.ee\\\/vanaveeb2026\\\/toode\\\/pro-pms-balance\\\/\",\"name\":\"Uus!Pro PMS Balance - Loodus BioSpa\",\"isPartOf\":{\"@id\":\"https:\\\/\\\/biospa.ee\\\/vanaveeb2026\\\/#website\"},\"primaryImageOfPage\":{\"@id\":\"https:\\\/\\\/biospa.ee\\\/vanaveeb2026\\\/toode\\\/pro-pms-balance\\\/#primaryimage\"},\"image\":{\"@id\":\"https:\\\/\\\/biospa.ee\\\/vanaveeb2026\\\/toode\\\/pro-pms-balance\\\/#primaryimage\"},\"thumbnailUrl\":\"https:\\\/\\\/biospa.ee\\\/vanaveeb2026\\\/wp-content\\\/uploads\\\/2025\\\/01\\\/TISSO_Naturprodukte_Carousel_ProPMSBalance_1-1.jpg\",\"datePublished\":\"2025-01-23T07:42:30+00:00\",\"dateModified\":\"2026-03-26T11:34:41+00:00\",\"breadcrumb\":{\"@id\":\"https:\\\/\\\/biospa.ee\\\/vanaveeb2026\\\/toode\\\/pro-pms-balance\\\/#breadcrumb\"},\"inLanguage\":\"et\",\"potentialAction\":[{\"@type\":\"ReadAction\",\"target\":[\"https:\\\/\\\/biospa.ee\\\/vanaveeb2026\\\/toode\\\/pro-pms-balance\\\/\"]}]},{\"@type\":\"ImageObject\",\"inLanguage\":\"et\",\"@id\":\"https:\\\/\\\/biospa.ee\\\/vanaveeb2026\\\/toode\\\/pro-pms-balance\\\/#primaryimage\",\"url\":\"https:\\\/\\\/biospa.ee\\\/vanaveeb2026\\\/wp-content\\\/uploads\\\/2025\\\/01\\\/TISSO_Naturprodukte_Carousel_ProPMSBalance_1-1.jpg\",\"contentUrl\":\"https:\\\/\\\/biospa.ee\\\/vanaveeb2026\\\/wp-content\\\/uploads\\\/2025\\\/01\\\/TISSO_Naturprodukte_Carousel_ProPMSBalance_1-1.jpg\",\"width\":1080,\"height\":1080},{\"@type\":\"BreadcrumbList\",\"@id\":\"https:\\\/\\\/biospa.ee\\\/vanaveeb2026\\\/toode\\\/pro-pms-balance\\\/#breadcrumb\",\"itemListElement\":[{\"@type\":\"ListItem\",\"position\":1,\"name\":\"Home\",\"item\":\"https:\\\/\\\/biospa.ee\\\/vanaveeb2026\\\/\"},{\"@type\":\"ListItem\",\"position\":2,\"name\":\"Pood\",\"item\":\"https:\\\/\\\/biospa.ee\\\/vanaveeb2026\\\/pood\\\/\"},{\"@type\":\"ListItem\",\"position\":3,\"name\":\"Uus!Pro PMS Balance\"}]},{\"@type\":\"WebSite\",\"@id\":\"https:\\\/\\\/biospa.ee\\\/vanaveeb2026\\\/#website\",\"url\":\"https:\\\/\\\/biospa.ee\\\/vanaveeb2026\\\/\",\"name\":\"Loodus BioSpa\",\"description\":\"Loodus BioSpa\",\"publisher\":{\"@id\":\"https:\\\/\\\/biospa.ee\\\/vanaveeb2026\\\/#organization\"},\"potentialAction\":[{\"@type\":\"SearchAction\",\"target\":{\"@type\":\"EntryPoint\",\"urlTemplate\":\"https:\\\/\\\/biospa.ee\\\/vanaveeb2026\\\/?s={search_term_string}\"},\"query-input\":{\"@type\":\"PropertyValueSpecification\",\"valueRequired\":true,\"valueName\":\"search_term_string\"}}],\"inLanguage\":\"et\"},{\"@type\":\"Organization\",\"@id\":\"https:\\\/\\\/biospa.ee\\\/vanaveeb2026\\\/#organization\",\"name\":\"Tesmasan O\u00dc\",\"url\":\"https:\\\/\\\/biospa.ee\\\/vanaveeb2026\\\/\",\"logo\":{\"@type\":\"ImageObject\",\"inLanguage\":\"et\",\"@id\":\"https:\\\/\\\/biospa.ee\\\/vanaveeb2026\\\/#\\\/schema\\\/logo\\\/image\\\/\",\"url\":\"https:\\\/\\\/biospa.ee\\\/vanaveeb2026\\\/vanaveeb2026\\\/wp-content\\\/uploads\\\/2023\\\/06\\\/BioSpa-loggo-est1-0-143.png\",\"contentUrl\":\"https:\\\/\\\/biospa.ee\\\/vanaveeb2026\\\/vanaveeb2026\\\/wp-content\\\/uploads\\\/2023\\\/06\\\/BioSpa-loggo-est1-0-143.png\",\"width\":143,\"height\":59,\"caption\":\"Tesmasan O\u00dc\"},\"image\":{\"@id\":\"https:\\\/\\\/biospa.ee\\\/vanaveeb2026\\\/#\\\/schema\\\/logo\\\/image\\\/\"},\"sameAs\":[\"https:\\\/\\\/www.facebook.com\\\/LoodusBioSpa\\\/\",\"https:\\\/\\\/www.instagram.com\\\/loodusbiospa\\\/\"]}]}<\/script>\n<!-- \/ Yoast SEO plugin. -->","yoast_head_json":{"title":"Uus!Pro PMS Balance - Loodus BioSpa","robots":{"index":"index","follow":"follow","max-snippet":"max-snippet:-1","max-image-preview":"max-image-preview:large","max-video-preview":"max-video-preview:-1"},"canonical":"https:\/\/biospa.ee\/vanaveeb2026\/toode\/pro-pms-balance\/","og_locale":"et_EE","og_type":"article","og_title":"Uus!Pro PMS Balance - Loodus BioSpa","og_description":"Tunne end h\u00e4sti \u2013 igal p\u00e4eval oma ts\u00fcklist! Pro PMS Balance \u00fchendab endas taimsete ekstraktide, oluliste mineraalide ja B6-vitamiini segu \u2013 vaimsele heaolule, lihastele ja naissuguhormoonide tervislikule tasakaalule.  *parim kombinatsioon mungapipra, ingveri ekstrakti, mineraalide ja B6-vitamiiniga *v\u00e4\u00e4rtuslik mungapipra ekstrakt \u2013 teaduslikult uuritud annuses *patenteeritud ingveri ekstrakt (Ginfort\u00ae) \u00fcle 26 % gingeroide *k\u00f5rge biosaadavusega mineraalid: magneesium, tsink ja vask *bioaktiivne B6-vitamiin hormoonide tegevuse reguleerimiseks  sisu: 50 g = 90 kapslit  &nbsp;  \u00a0\u00a0\u00a0\u00a0\u00a0\u00a0\u00a0","og_url":"https:\/\/biospa.ee\/vanaveeb2026\/toode\/pro-pms-balance\/","og_site_name":"Loodus BioSpa","article_publisher":"https:\/\/www.facebook.com\/LoodusBioSpa\/","article_modified_time":"2026-03-26T11:34:41+00:00","og_image":[{"width":1080,"height":1080,"url":"https:\/\/biospa.ee\/vanaveeb2026\/wp-content\/uploads\/2025\/01\/TISSO_Naturprodukte_Carousel_ProPMSBalance_1-1.jpg","type":"image\/jpeg"}],"twitter_card":"summary_large_image","twitter_misc":{"Est. reading time":"1 minut"},"schema":{"@context":"https:\/\/schema.org","@graph":[{"@type":"WebPage","@id":"https:\/\/biospa.ee\/vanaveeb2026\/toode\/pro-pms-balance\/","url":"https:\/\/biospa.ee\/vanaveeb2026\/toode\/pro-pms-balance\/","name":"Uus!Pro PMS Balance - Loodus BioSpa","isPartOf":{"@id":"https:\/\/biospa.ee\/vanaveeb2026\/#website"},"primaryImageOfPage":{"@id":"https:\/\/biospa.ee\/vanaveeb2026\/toode\/pro-pms-balance\/#primaryimage"},"image":{"@id":"https:\/\/biospa.ee\/vanaveeb2026\/toode\/pro-pms-balance\/#primaryimage"},"thumbnailUrl":"https:\/\/biospa.ee\/vanaveeb2026\/wp-content\/uploads\/2025\/01\/TISSO_Naturprodukte_Carousel_ProPMSBalance_1-1.jpg","datePublished":"2025-01-23T07:42:30+00:00","dateModified":"2026-03-26T11:34:41+00:00","breadcrumb":{"@id":"https:\/\/biospa.ee\/vanaveeb2026\/toode\/pro-pms-balance\/#breadcrumb"},"inLanguage":"et","potentialAction":[{"@type":"ReadAction","target":["https:\/\/biospa.ee\/vanaveeb2026\/toode\/pro-pms-balance\/"]}]},{"@type":"ImageObject","inLanguage":"et","@id":"https:\/\/biospa.ee\/vanaveeb2026\/toode\/pro-pms-balance\/#primaryimage","url":"https:\/\/biospa.ee\/vanaveeb2026\/wp-content\/uploads\/2025\/01\/TISSO_Naturprodukte_Carousel_ProPMSBalance_1-1.jpg","contentUrl":"https:\/\/biospa.ee\/vanaveeb2026\/wp-content\/uploads\/2025\/01\/TISSO_Naturprodukte_Carousel_ProPMSBalance_1-1.jpg","width":1080,"height":1080},{"@type":"BreadcrumbList","@id":"https:\/\/biospa.ee\/vanaveeb2026\/toode\/pro-pms-balance\/#breadcrumb","itemListElement":[{"@type":"ListItem","position":1,"name":"Home","item":"https:\/\/biospa.ee\/vanaveeb2026\/"},{"@type":"ListItem","position":2,"name":"Pood","item":"https:\/\/biospa.ee\/vanaveeb2026\/pood\/"},{"@type":"ListItem","position":3,"name":"Uus!Pro PMS Balance"}]},{"@type":"WebSite","@id":"https:\/\/biospa.ee\/vanaveeb2026\/#website","url":"https:\/\/biospa.ee\/vanaveeb2026\/","name":"Loodus BioSpa","description":"Loodus BioSpa","publisher":{"@id":"https:\/\/biospa.ee\/vanaveeb2026\/#organization"},"potentialAction":[{"@type":"SearchAction","target":{"@type":"EntryPoint","urlTemplate":"https:\/\/biospa.ee\/vanaveeb2026\/?s={search_term_string}"},"query-input":{"@type":"PropertyValueSpecification","valueRequired":true,"valueName":"search_term_string"}}],"inLanguage":"et"},{"@type":"Organization","@id":"https:\/\/biospa.ee\/vanaveeb2026\/#organization","name":"Tesmasan O\u00dc","url":"https:\/\/biospa.ee\/vanaveeb2026\/","logo":{"@type":"ImageObject","inLanguage":"et","@id":"https:\/\/biospa.ee\/vanaveeb2026\/#\/schema\/logo\/image\/","url":"https:\/\/biospa.ee\/vanaveeb2026\/vanaveeb2026\/wp-content\/uploads\/2023\/06\/BioSpa-loggo-est1-0-143.png","contentUrl":"https:\/\/biospa.ee\/vanaveeb2026\/vanaveeb2026\/wp-content\/uploads\/2023\/06\/BioSpa-loggo-est1-0-143.png","width":143,"height":59,"caption":"Tesmasan O\u00dc"},"image":{"@id":"https:\/\/biospa.ee\/vanaveeb2026\/#\/schema\/logo\/image\/"},"sameAs":["https:\/\/www.facebook.com\/LoodusBioSpa\/","https:\/\/www.instagram.com\/loodusbiospa\/"]}]}},"_links":{"self":[{"href":"https:\/\/biospa.ee\/vanaveeb2026\/wp-json\/wp\/v2\/product\/34477","targetHints":{"allow":["GET"]}}],"collection":[{"href":"https:\/\/biospa.ee\/vanaveeb2026\/wp-json\/wp\/v2\/product"}],"about":[{"href":"https:\/\/biospa.ee\/vanaveeb2026\/wp-json\/wp\/v2\/types\/product"}],"wp:featuredmedia":[{"embeddable":true,"href":"https:\/\/biospa.ee\/vanaveeb2026\/wp-json\/wp\/v2\/media\/97109"}],"wp:attachment":[{"href":"https:\/\/biospa.ee\/vanaveeb2026\/wp-json\/wp\/v2\/media?parent=34477"}],"wp:term":[{"taxonomy":"product_brand","embeddable":true,"href":"https:\/\/biospa.ee\/vanaveeb2026\/wp-json\/wp\/v2\/product_brand?post=34477"},{"taxonomy":"product_cat","embeddable":true,"href":"https:\/\/biospa.ee\/vanaveeb2026\/wp-json\/wp\/v2\/product_cat?post=34477"},{"taxonomy":"product_tag","embeddable":true,"href":"https:\/\/biospa.ee\/vanaveeb2026\/wp-json\/wp\/v2\/product_tag?post=34477"}],"curies":[{"name":"wp","href":"https:\/\/api.w.org\/{rel}","templated":true}]}}