{"id":34698,"date":"2025-02-07T11:49:04","date_gmt":"2025-02-07T09:49:04","guid":{"rendered":"https:\/\/biospa.ee\/vanaveeb2026\/?post_type=product&#038;p=34698"},"modified":"2026-03-26T11:12:40","modified_gmt":"2026-03-26T09:12:40","slug":"pro-krypto-balance","status":"publish","type":"product","link":"https:\/\/biospa.ee\/vanaveeb2026\/toode\/pro-krypto-balance\/","title":{"rendered":"Pro Krypto Balance"},"content":{"rendered":"<p><strong>Pro Krypto Balance<\/strong> varustab keha spetsiaalselt suurenenud vajaduse korral optimaalselt annustatud B-vitamiinide, tsingi, mangaani ja kroomiga. Lisaks sisaldab see toitainete kompleks rohkelt vitamiine C ja E, et kaitsta rakke oks\u00fcdatiivse stressi eest. Toidust saadavad vitamiinid on sageli veel inaktiivsed eelvormid. Selleks, et need t\u00e4idaksid oma vitamiinfunktsioone, tuleb need k\u00f5igepealt muuta metaboolselt aktiivseteks vormideks. Seet\u00f5ttu pakub Pro Krypto Balance vitamiine B6, mis aitab kaasa homots\u00fcsteiini normaalsele ainevahetusele; foolhapet (B9), mis aitab kaasa homots\u00fcsteiini normaalsele ainevahetusele ja B12, mis aitab kaasa homots\u00fcsteiini normaalsele ainevahetusele. K\u00f5ik on juba metaboolselt aktiivsetes vormides, mida keha saab kohe kasutada:<\/p>\n<ul>\n<li>Vitamiin B6 kombinatsioonina Pyridoxal-5-fosfaadi (30%) ja Pyridoksiinh\u00fcdrokloriidi (70%) kujul.<\/li>\n<li>Foolhape\/vitamiin B9 kui 5-Met\u00fc\u00fcltetrah\u00fcdrofolaat.<\/li>\n<li>Vitamiin B12 kui met\u00fc\u00fclkobalamiin.<\/li>\n<\/ul>\n<p>Kvaliteet ja ohutus on TISSO jaoks esmat\u00e4htsad. Seet\u00f5ttu laseme oma tooteid regulaarselt kontrollida s\u00f5ltumatul laboris. Nii saad olla kindel, et meie tooted vastavad alati k\u00f5rgeimatele kvaliteedistandarditele.<\/p>\n","protected":false},"excerpt":{"rendered":"<p><strong>Pro Krypto Balance<\/strong> varustab keha nende toitainetega, eriti kui on suurenenud vajadus v\u00f5i stressirohkes elusituatsioonis. Lisaks sisaldab see toitainete kompleks vitamiine C ja E, et mis aitab kaitsta rakke oks\u00fcdatiivse stressi eest.<\/p>\n<ul>\n<li>Eriti B-vitamiinide, tsingi, mangaani ja kroomi vajaduseks, n\u00e4iteks KPU\/HPU korral.<\/li>\n<li>Sisaldab vitamiine B6, B12 ja foolhapet (aktiivne vorm).<\/li>\n<li>Aitab kaasa n\u00e4rvis\u00fcsteemi ja homots\u00fcstiini ainevahetusele.<\/li>\n<li>Vitamiinidega C, mis aitab kaitsta rakke oks\u00fcdatiivse stressi eest<\/li>\n<li>Vitamiin E, mis aitab kaitsta rakke oks\u00fcdatiivse stressi eest.<\/li>\n<\/ul>\n<p>sisu: 30 g = 60 kapslit<\/p>\n<p>&nbsp;<\/p>\n<p><a href=\"https:\/\/biospa.ee\/vanaveeb2026\/wp-content\/uploads\/2020\/11\/TISSOgramm_Glutenfrei.png\" data-caption=\"\"><img decoding=\"async\" class=\"alignnone wp-image-13290 size-full\" title=\"Gluteenivaba \" src=\"https:\/\/biospa.ee\/vanaveeb2026\/wp-content\/uploads\/2020\/11\/TISSOgramm_Glutenfrei.png\" alt=\"\" width=\"45\" height=\"45\" \/><\/a><a href=\"https:\/\/biospa.ee\/vanaveeb2026\/wp-content\/uploads\/2020\/11\/TISSOgramm_Hypoallergen.png\">\u00a0<\/a><a href=\"https:\/\/biospa.ee\/vanaveeb2026\/wp-content\/uploads\/2020\/11\/TISSOgramm_Hefefrei.png\" data-caption=\"\"><img decoding=\"async\" class=\"alignnone wp-image-13293 size-full\" title=\"P\u00e4rmivaba \" src=\"https:\/\/biospa.ee\/vanaveeb2026\/wp-content\/uploads\/2020\/11\/TISSOgramm_Hefefrei.png\" alt=\"\" width=\"45\" height=\"45\" \/><\/a><a href=\"https:\/\/biospa.ee\/vanaveeb2026\/wp-content\/uploads\/2020\/11\/TISSOgramm_Hypoallergen.png\">\u00a0<\/a><a href=\"https:\/\/biospa.ee\/vanaveeb2026\/wp-content\/uploads\/2020\/11\/TISSOgramm_ohne-zusatz-von.png\" data-caption=\"\"><img decoding=\"async\" class=\"alignnone wp-image-13299 size-full\" title=\"Ei sisalda magusaineid, s\u00e4ilitusaineid, aroome, v\u00e4rvaineid, maitsetugevdajaid, kunstlikke koostisosi\" src=\"https:\/\/biospa.ee\/vanaveeb2026\/wp-content\/uploads\/2020\/11\/TISSOgramm_ohne-zusatz-von.png\" alt=\"\" width=\"45\" height=\"45\" \/><\/a><a href=\"https:\/\/biospa.ee\/vanaveeb2026\/wp-content\/uploads\/2020\/11\/TISSOgramm_Hypoallergen.png\">\u00a0<\/a><a href=\"https:\/\/biospa.ee\/vanaveeb2026\/wp-content\/uploads\/2020\/11\/TISSOgramm_Schadstofffrei.png\" data-caption=\"\"><img decoding=\"async\" class=\"alignnone wp-image-13287 size-full\" title=\"Kahjulike koostisaineteta\" src=\"https:\/\/biospa.ee\/vanaveeb2026\/wp-content\/uploads\/2020\/11\/TISSOgramm_Schadstofffrei.png\" alt=\"\" width=\"45\" height=\"45\" \/><\/a><a href=\"https:\/\/biospa.ee\/vanaveeb2026\/wp-content\/uploads\/2020\/11\/TISSOgramm_Hypoallergen.png\">\u00a0<\/a><a href=\"https:\/\/biospa.ee\/vanaveeb2026\/wp-content\/uploads\/2020\/11\/TISSOgramm_Vegan.png\" data-caption=\"\"><img decoding=\"async\" class=\"alignnone wp-image-13275 size-full\" title=\"Vegan\" src=\"https:\/\/biospa.ee\/vanaveeb2026\/wp-content\/uploads\/2020\/11\/TISSOgramm_Vegan.png\" alt=\"\" width=\"45\" height=\"45\" \/><\/a><a href=\"https:\/\/biospa.ee\/vanaveeb2026\/wp-content\/uploads\/2020\/11\/TISSOgramm_Hypoallergen.png\">\u00a0<\/a><a href=\"https:\/\/biospa.ee\/vanaveeb2026\/wp-content\/uploads\/2020\/11\/TISSOgramm_Natuerliche-Inhaltsstoffe.png\" data-caption=\"\"><img decoding=\"async\" class=\"alignnone wp-image-13278 size-full\" title=\"Looduslikud koostisosad\" src=\"https:\/\/biospa.ee\/vanaveeb2026\/wp-content\/uploads\/2020\/11\/TISSOgramm_Natuerliche-Inhaltsstoffe.png\" alt=\"\" width=\"45\" height=\"45\" \/><\/a><a href=\"https:\/\/biospa.ee\/vanaveeb2026\/wp-content\/uploads\/2020\/11\/TISSOgramm_Hypoallergen.png\">\u00a0<\/a><a href=\"https:\/\/biospa.ee\/vanaveeb2026\/wp-content\/uploads\/2020\/11\/TISSOgramm_Lactosefrei.png\" data-caption=\"\"><img decoding=\"async\" class=\"alignnone wp-image-13281 size-full\" title=\"Laktoosivaba \" src=\"https:\/\/biospa.ee\/vanaveeb2026\/wp-content\/uploads\/2020\/11\/TISSOgramm_Lactosefrei.png\" alt=\"\" width=\"45\" height=\"45\" \/><\/a><a href=\"https:\/\/biospa.ee\/vanaveeb2026\/wp-content\/uploads\/2020\/11\/TISSOgramm_Hypoallergen.png\">\u00a0<\/a><a href=\"https:\/\/biospa.ee\/vanaveeb2026\/wp-content\/uploads\/2020\/11\/TISSOgramm_Hypoallergen.png\" data-caption=\"\"><img decoding=\"async\" class=\"alignnone wp-image-13284 size-full\" title=\"H\u00fcpoallergeenne \" src=\"https:\/\/biospa.ee\/vanaveeb2026\/wp-content\/uploads\/2020\/11\/TISSOgramm_Hypoallergen.png\" alt=\"\" width=\"45\" height=\"45\" \/><\/a><\/p>\n","protected":false},"featured_media":96947,"template":"","meta":[],"product_brand":[],"product_cat":[412,423,263],"product_tag":[],"class_list":{"0":"post-34698","1":"product","2":"type-product","3":"status-publish","4":"has-post-thumbnail","6":"product_cat-uudis-uudis","7":"product_cat-uudis","8":"product_cat-toidulisandid","10":"first","11":"instock","12":"taxable","13":"shipping-taxable","14":"purchasable","15":"product-type-simple"},"yoast_head":"<!-- This site is optimized with the Yoast SEO plugin v27.3 - https:\/\/yoast.com\/product\/yoast-seo-wordpress\/ -->\n<title>Pro Krypto Balance - Loodus BioSpa<\/title>\n<meta name=\"robots\" content=\"index, follow, max-snippet:-1, max-image-preview:large, max-video-preview:-1\" \/>\n<link rel=\"canonical\" href=\"https:\/\/biospa.ee\/vanaveeb2026\/toode\/pro-krypto-balance\/\" \/>\n<meta property=\"og:locale\" content=\"et_EE\" \/>\n<meta property=\"og:type\" content=\"article\" \/>\n<meta property=\"og:title\" content=\"Pro Krypto Balance - Loodus BioSpa\" \/>\n<meta property=\"og:description\" content=\"Pro Krypto Balance varustab keha nende toitainetega, eriti kui on suurenenud vajadus v\u00f5i stressirohkes elusituatsioonis. Lisaks sisaldab see toitainete kompleks vitamiine C ja E, et mis aitab kaitsta rakke oks\u00fcdatiivse stressi eest.   Eriti B-vitamiinide, tsingi, mangaani ja kroomi vajaduseks, n\u00e4iteks KPU\/HPU korral.  Sisaldab vitamiine B6, B12 ja foolhapet (aktiivne vorm).  Aitab kaasa n\u00e4rvis\u00fcsteemi ja homots\u00fcstiini ainevahetusele.  Vitamiinidega C, mis aitab kaitsta rakke oks\u00fcdatiivse stressi eest  Vitamiin E, mis aitab kaitsta rakke oks\u00fcdatiivse stressi eest.  sisu: 30 g = 60 kapslit  &nbsp;  \u00a0\u00a0\u00a0\u00a0\u00a0\u00a0\u00a0\" \/>\n<meta property=\"og:url\" content=\"https:\/\/biospa.ee\/vanaveeb2026\/toode\/pro-krypto-balance\/\" \/>\n<meta property=\"og:site_name\" content=\"Loodus BioSpa\" \/>\n<meta property=\"article:publisher\" content=\"https:\/\/www.facebook.com\/LoodusBioSpa\/\" \/>\n<meta property=\"article:modified_time\" content=\"2026-03-26T09:12:40+00:00\" \/>\n<meta property=\"og:image\" content=\"https:\/\/biospa.ee\/vanaveeb2026\/wp-content\/uploads\/2025\/02\/TISSO_Naturprodukte_Carousel_ProKryptoBalance_1-1.jpg\" \/>\n\t<meta property=\"og:image:width\" content=\"1080\" \/>\n\t<meta property=\"og:image:height\" content=\"1080\" \/>\n\t<meta property=\"og:image:type\" content=\"image\/jpeg\" \/>\n<meta name=\"twitter:card\" content=\"summary_large_image\" \/>\n<meta name=\"twitter:label1\" content=\"Est. reading time\" \/>\n\t<meta name=\"twitter:data1\" content=\"1 minut\" \/>\n<script type=\"application\/ld+json\" class=\"yoast-schema-graph\">{\"@context\":\"https:\\\/\\\/schema.org\",\"@graph\":[{\"@type\":\"WebPage\",\"@id\":\"https:\\\/\\\/biospa.ee\\\/vanaveeb2026\\\/toode\\\/pro-krypto-balance\\\/\",\"url\":\"https:\\\/\\\/biospa.ee\\\/vanaveeb2026\\\/toode\\\/pro-krypto-balance\\\/\",\"name\":\"Pro Krypto Balance - Loodus BioSpa\",\"isPartOf\":{\"@id\":\"https:\\\/\\\/biospa.ee\\\/vanaveeb2026\\\/?lang=ru\\\/#website\"},\"primaryImageOfPage\":{\"@id\":\"https:\\\/\\\/biospa.ee\\\/vanaveeb2026\\\/toode\\\/pro-krypto-balance\\\/#primaryimage\"},\"image\":{\"@id\":\"https:\\\/\\\/biospa.ee\\\/vanaveeb2026\\\/toode\\\/pro-krypto-balance\\\/#primaryimage\"},\"thumbnailUrl\":\"https:\\\/\\\/biospa.ee\\\/vanaveeb2026\\\/wp-content\\\/uploads\\\/2025\\\/02\\\/TISSO_Naturprodukte_Carousel_ProKryptoBalance_1-1.jpg\",\"datePublished\":\"2025-02-07T09:49:04+00:00\",\"dateModified\":\"2026-03-26T09:12:40+00:00\",\"breadcrumb\":{\"@id\":\"https:\\\/\\\/biospa.ee\\\/vanaveeb2026\\\/toode\\\/pro-krypto-balance\\\/#breadcrumb\"},\"inLanguage\":\"et\",\"potentialAction\":[{\"@type\":\"ReadAction\",\"target\":[\"https:\\\/\\\/biospa.ee\\\/vanaveeb2026\\\/toode\\\/pro-krypto-balance\\\/\"]}]},{\"@type\":\"ImageObject\",\"inLanguage\":\"et\",\"@id\":\"https:\\\/\\\/biospa.ee\\\/vanaveeb2026\\\/toode\\\/pro-krypto-balance\\\/#primaryimage\",\"url\":\"https:\\\/\\\/biospa.ee\\\/vanaveeb2026\\\/wp-content\\\/uploads\\\/2025\\\/02\\\/TISSO_Naturprodukte_Carousel_ProKryptoBalance_1-1.jpg\",\"contentUrl\":\"https:\\\/\\\/biospa.ee\\\/vanaveeb2026\\\/wp-content\\\/uploads\\\/2025\\\/02\\\/TISSO_Naturprodukte_Carousel_ProKryptoBalance_1-1.jpg\",\"width\":1080,\"height\":1080},{\"@type\":\"BreadcrumbList\",\"@id\":\"https:\\\/\\\/biospa.ee\\\/vanaveeb2026\\\/toode\\\/pro-krypto-balance\\\/#breadcrumb\",\"itemListElement\":[{\"@type\":\"ListItem\",\"position\":1,\"name\":\"Home\",\"item\":\"https:\\\/\\\/biospa.ee\\\/vanaveeb2026\\\/\"},{\"@type\":\"ListItem\",\"position\":2,\"name\":\"Pood\",\"item\":\"https:\\\/\\\/biospa.ee\\\/vanaveeb2026\\\/pood\\\/\"},{\"@type\":\"ListItem\",\"position\":3,\"name\":\"Pro Krypto Balance\"}]},{\"@type\":\"WebSite\",\"@id\":\"https:\\\/\\\/biospa.ee\\\/vanaveeb2026\\\/?lang=ru\\\/#website\",\"url\":\"https:\\\/\\\/biospa.ee\\\/vanaveeb2026\\\/?lang=ru\\\/\",\"name\":\"Loodus BioSpa\",\"description\":\"Loodus BioSpa\",\"publisher\":{\"@id\":\"https:\\\/\\\/biospa.ee\\\/vanaveeb2026\\\/?lang=ru\\\/#organization\"},\"potentialAction\":[{\"@type\":\"SearchAction\",\"target\":{\"@type\":\"EntryPoint\",\"urlTemplate\":\"https:\\\/\\\/biospa.ee\\\/vanaveeb2026\\\/?lang=ru\\\/?s={search_term_string}\"},\"query-input\":{\"@type\":\"PropertyValueSpecification\",\"valueRequired\":true,\"valueName\":\"search_term_string\"}}],\"inLanguage\":\"et\"},{\"@type\":\"Organization\",\"@id\":\"https:\\\/\\\/biospa.ee\\\/vanaveeb2026\\\/?lang=ru\\\/#organization\",\"name\":\"Tesmasan O\u00dc\",\"url\":\"https:\\\/\\\/biospa.ee\\\/vanaveeb2026\\\/?lang=ru\\\/\",\"logo\":{\"@type\":\"ImageObject\",\"inLanguage\":\"et\",\"@id\":\"https:\\\/\\\/biospa.ee\\\/vanaveeb2026\\\/?lang=ru\\\/#\\\/schema\\\/logo\\\/image\\\/\",\"url\":\"https:\\\/\\\/biospa.ee\\\/vanaveeb2026\\\/vanaveeb2026\\\/wp-content\\\/uploads\\\/2023\\\/06\\\/BioSpa-loggo-est1-0-143.png\",\"contentUrl\":\"https:\\\/\\\/biospa.ee\\\/vanaveeb2026\\\/vanaveeb2026\\\/wp-content\\\/uploads\\\/2023\\\/06\\\/BioSpa-loggo-est1-0-143.png\",\"width\":143,\"height\":59,\"caption\":\"Tesmasan O\u00dc\"},\"image\":{\"@id\":\"https:\\\/\\\/biospa.ee\\\/vanaveeb2026\\\/?lang=ru\\\/#\\\/schema\\\/logo\\\/image\\\/\"},\"sameAs\":[\"https:\\\/\\\/www.facebook.com\\\/LoodusBioSpa\\\/\",\"https:\\\/\\\/www.instagram.com\\\/loodusbiospa\\\/\"]}]}<\/script>\n<!-- \/ Yoast SEO plugin. -->","yoast_head_json":{"title":"Pro Krypto Balance - Loodus BioSpa","robots":{"index":"index","follow":"follow","max-snippet":"max-snippet:-1","max-image-preview":"max-image-preview:large","max-video-preview":"max-video-preview:-1"},"canonical":"https:\/\/biospa.ee\/vanaveeb2026\/toode\/pro-krypto-balance\/","og_locale":"et_EE","og_type":"article","og_title":"Pro Krypto Balance - Loodus BioSpa","og_description":"Pro Krypto Balance varustab keha nende toitainetega, eriti kui on suurenenud vajadus v\u00f5i stressirohkes elusituatsioonis. Lisaks sisaldab see toitainete kompleks vitamiine C ja E, et mis aitab kaitsta rakke oks\u00fcdatiivse stressi eest.   Eriti B-vitamiinide, tsingi, mangaani ja kroomi vajaduseks, n\u00e4iteks KPU\/HPU korral.  Sisaldab vitamiine B6, B12 ja foolhapet (aktiivne vorm).  Aitab kaasa n\u00e4rvis\u00fcsteemi ja homots\u00fcstiini ainevahetusele.  Vitamiinidega C, mis aitab kaitsta rakke oks\u00fcdatiivse stressi eest  Vitamiin E, mis aitab kaitsta rakke oks\u00fcdatiivse stressi eest.  sisu: 30 g = 60 kapslit  &nbsp;  \u00a0\u00a0\u00a0\u00a0\u00a0\u00a0\u00a0","og_url":"https:\/\/biospa.ee\/vanaveeb2026\/toode\/pro-krypto-balance\/","og_site_name":"Loodus BioSpa","article_publisher":"https:\/\/www.facebook.com\/LoodusBioSpa\/","article_modified_time":"2026-03-26T09:12:40+00:00","og_image":[{"width":1080,"height":1080,"url":"https:\/\/biospa.ee\/vanaveeb2026\/wp-content\/uploads\/2025\/02\/TISSO_Naturprodukte_Carousel_ProKryptoBalance_1-1.jpg","type":"image\/jpeg"}],"twitter_card":"summary_large_image","twitter_misc":{"Est. reading time":"1 minut"},"schema":{"@context":"https:\/\/schema.org","@graph":[{"@type":"WebPage","@id":"https:\/\/biospa.ee\/vanaveeb2026\/toode\/pro-krypto-balance\/","url":"https:\/\/biospa.ee\/vanaveeb2026\/toode\/pro-krypto-balance\/","name":"Pro Krypto Balance - Loodus BioSpa","isPartOf":{"@id":"https:\/\/biospa.ee\/vanaveeb2026\/?lang=ru\/#website"},"primaryImageOfPage":{"@id":"https:\/\/biospa.ee\/vanaveeb2026\/toode\/pro-krypto-balance\/#primaryimage"},"image":{"@id":"https:\/\/biospa.ee\/vanaveeb2026\/toode\/pro-krypto-balance\/#primaryimage"},"thumbnailUrl":"https:\/\/biospa.ee\/vanaveeb2026\/wp-content\/uploads\/2025\/02\/TISSO_Naturprodukte_Carousel_ProKryptoBalance_1-1.jpg","datePublished":"2025-02-07T09:49:04+00:00","dateModified":"2026-03-26T09:12:40+00:00","breadcrumb":{"@id":"https:\/\/biospa.ee\/vanaveeb2026\/toode\/pro-krypto-balance\/#breadcrumb"},"inLanguage":"et","potentialAction":[{"@type":"ReadAction","target":["https:\/\/biospa.ee\/vanaveeb2026\/toode\/pro-krypto-balance\/"]}]},{"@type":"ImageObject","inLanguage":"et","@id":"https:\/\/biospa.ee\/vanaveeb2026\/toode\/pro-krypto-balance\/#primaryimage","url":"https:\/\/biospa.ee\/vanaveeb2026\/wp-content\/uploads\/2025\/02\/TISSO_Naturprodukte_Carousel_ProKryptoBalance_1-1.jpg","contentUrl":"https:\/\/biospa.ee\/vanaveeb2026\/wp-content\/uploads\/2025\/02\/TISSO_Naturprodukte_Carousel_ProKryptoBalance_1-1.jpg","width":1080,"height":1080},{"@type":"BreadcrumbList","@id":"https:\/\/biospa.ee\/vanaveeb2026\/toode\/pro-krypto-balance\/#breadcrumb","itemListElement":[{"@type":"ListItem","position":1,"name":"Home","item":"https:\/\/biospa.ee\/vanaveeb2026\/"},{"@type":"ListItem","position":2,"name":"Pood","item":"https:\/\/biospa.ee\/vanaveeb2026\/pood\/"},{"@type":"ListItem","position":3,"name":"Pro Krypto Balance"}]},{"@type":"WebSite","@id":"https:\/\/biospa.ee\/vanaveeb2026\/?lang=ru\/#website","url":"https:\/\/biospa.ee\/vanaveeb2026\/?lang=ru\/","name":"Loodus BioSpa","description":"Loodus BioSpa","publisher":{"@id":"https:\/\/biospa.ee\/vanaveeb2026\/?lang=ru\/#organization"},"potentialAction":[{"@type":"SearchAction","target":{"@type":"EntryPoint","urlTemplate":"https:\/\/biospa.ee\/vanaveeb2026\/?lang=ru\/?s={search_term_string}"},"query-input":{"@type":"PropertyValueSpecification","valueRequired":true,"valueName":"search_term_string"}}],"inLanguage":"et"},{"@type":"Organization","@id":"https:\/\/biospa.ee\/vanaveeb2026\/?lang=ru\/#organization","name":"Tesmasan O\u00dc","url":"https:\/\/biospa.ee\/vanaveeb2026\/?lang=ru\/","logo":{"@type":"ImageObject","inLanguage":"et","@id":"https:\/\/biospa.ee\/vanaveeb2026\/?lang=ru\/#\/schema\/logo\/image\/","url":"https:\/\/biospa.ee\/vanaveeb2026\/vanaveeb2026\/wp-content\/uploads\/2023\/06\/BioSpa-loggo-est1-0-143.png","contentUrl":"https:\/\/biospa.ee\/vanaveeb2026\/vanaveeb2026\/wp-content\/uploads\/2023\/06\/BioSpa-loggo-est1-0-143.png","width":143,"height":59,"caption":"Tesmasan O\u00dc"},"image":{"@id":"https:\/\/biospa.ee\/vanaveeb2026\/?lang=ru\/#\/schema\/logo\/image\/"},"sameAs":["https:\/\/www.facebook.com\/LoodusBioSpa\/","https:\/\/www.instagram.com\/loodusbiospa\/"]}]}},"_links":{"self":[{"href":"https:\/\/biospa.ee\/vanaveeb2026\/wp-json\/wp\/v2\/product\/34698","targetHints":{"allow":["GET"]}}],"collection":[{"href":"https:\/\/biospa.ee\/vanaveeb2026\/wp-json\/wp\/v2\/product"}],"about":[{"href":"https:\/\/biospa.ee\/vanaveeb2026\/wp-json\/wp\/v2\/types\/product"}],"wp:featuredmedia":[{"embeddable":true,"href":"https:\/\/biospa.ee\/vanaveeb2026\/wp-json\/wp\/v2\/media\/96947"}],"wp:attachment":[{"href":"https:\/\/biospa.ee\/vanaveeb2026\/wp-json\/wp\/v2\/media?parent=34698"}],"wp:term":[{"taxonomy":"product_brand","embeddable":true,"href":"https:\/\/biospa.ee\/vanaveeb2026\/wp-json\/wp\/v2\/product_brand?post=34698"},{"taxonomy":"product_cat","embeddable":true,"href":"https:\/\/biospa.ee\/vanaveeb2026\/wp-json\/wp\/v2\/product_cat?post=34698"},{"taxonomy":"product_tag","embeddable":true,"href":"https:\/\/biospa.ee\/vanaveeb2026\/wp-json\/wp\/v2\/product_tag?post=34698"}],"curies":[{"name":"wp","href":"https:\/\/api.w.org\/{rel}","templated":true}]}}