{"id":34701,"date":"2025-02-07T11:54:54","date_gmt":"2025-02-07T09:54:54","guid":{"rendered":"https:\/\/biospa.ee\/vanaveeb2026\/?post_type=product&#038;p=34701"},"modified":"2026-03-26T14:35:36","modified_gmt":"2026-03-26T12:35:36","slug":"pro-omega-vegan","status":"publish","type":"product","link":"https:\/\/biospa.ee\/vanaveeb2026\/toode\/pro-omega-vegan\/","title":{"rendered":"Pro Omega Vegan"},"content":{"rendered":"<p><strong>Hea allikas Omega-3 rasvhappeid:<\/strong> K\u00f5rge kontsentratsiooniga Omega-3 rasvhapped (DHA ja EPA) mikrovetikast Schizochytrium sp. pakuvad olulisi rasvhappeid loomulikul trigl\u00fctseriidide kujul. Patenteeritud antioks\u00fcdantide kaitse (Qualitysilver\u00ae)* koos E-vitamiini ja rosmariini ekstraktiga kaitseb tundlikke rasvhappeid oks\u00fcdatsiooni eest. Omega-3 rasvhapped toetavad aju- ja silmafunktsiooni, edendavad s\u00fcdame tervist ja v\u00f5ivad v\u00e4hendada kehas vaikseid p\u00f5letikke. Mikrovetikas Schizochytrium sp. on mereline mikrovetikas, mis t\u00e4nu oma k\u00f5rgele lipiiditootmisele, eelk\u00f5ige pol\u00fck\u00fcllastamata rasvhapetele, dokosaheksaeenhappele (DHA) ja eikosapentaeenhappele (EPA), on suurep\u00e4rane rasvhapete allikas inimese organismile. See on oma looduslikus elupaigas merel v\u00e4ga levinud \u2013 peamiselt rannikualadel ja planktonirikkastes piirkondades. Toidulisandites kasutamiseks kasvatatakse ja fermenteeritakse see sobivates rajatistes maismaal.<\/p>\n<p>Eriti veganitele ja taimetoitlastele, kes ei soovi saada v\u00e4\u00e4rtuslikke Omega-3 rasvhappeid toidust v\u00f5i kala\u00f5li kaudu, on mikrovetikast Schizochytrium sp. saadud rasvhapped suurep\u00e4raselt sobivad. Rasvhapped DHA ja EPA aitavad igap\u00e4evase 250 mg tarbimise korral kaasa terve s\u00fcdamefunktsiooni s\u00e4ilitamisele. Lisaks aitab iga p\u00e4ev 250 mg DHA tagada terve aju- ja silmafunktsiooni. See teeb Omega-3 rasvhapped \u2013 vastavalt kohandatud annuses \u2013 eriti t\u00e4htsaks ka rasedatele ja imetavatele naistele. Mitte-vegan tooted, mis toidulisandites sisaldavad olulisi Omega-3 rasvhappeid, p\u00e4rinevad tavaliselt kala\u00f5lidest. Veganite ja taimetoitlaste toidulisandiks ei kasuta meie Pro Omega Vegan kala toiduahelat, mis algselt s\u00f6\u00f6b Omega-3 rikkaid f\u00fctoplanktonit (erinevaid vetikaid), vaid saame v\u00e4\u00e4rtuslikud rasvhapped j\u00e4tkusuutlikult ja otse vetikast. Seda kasvatatakse Prantsusmaal, maismaal rajatistes, spetsiaalselt selleks otstarbeks ja seda kontrollitakse saasteainete ja koormuste suhtes.<\/p>\n<p>Meie Pro Omega Vegan kapslites on ka mugav alternatiiv vedelatele kala\u00f5li toodetele reisil, kuna seda ei pea k\u00fclmkapis hoidma. Soovitame siiski igap\u00e4evast annust v\u00e4hemalt 1 800 mg EPA ja DHA, mis vastab viiele kapslile. Omega-3 taseme l\u00fchiajaline hoidmine, n\u00e4iteks puhkusel, on siiski piisavalt saavutatud kolm kapslit p\u00e4evas sel perioodil. Kapslid ise on valmistatud tapiokast\u00e4rklist, mida paljud tervisliku toitumise harrastajad tunnevad. Lisaks ei sisalda need karageeni.<\/p>\n","protected":false},"excerpt":{"rendered":"<p><strong>Veganitele sobivad Omega-3 rasvhapped kapslites:<\/strong> Omega-3 rasvhapped (DHA ja EPA) mikrovetikast Schizochytrium sp. saadud vetika\u00f5lis, millel on patenteeritud antioks\u00fcdantide kaitse (Qualitysilver\u00ae) \u2013 s\u00fcdamele, ajule ja n\u00e4gemisv\u00f5imele.<\/p>\n<ul>\n<li>DHA- ja EPA-rikka Omegavie\u00ae \u00f5li mikrovetikast Schizochytrium sp.<\/li>\n<li>Tervislik aju- ja s\u00fcdamefunktsioon ning n\u00e4gemine<\/li>\n<li>P\u00fcsivalt kasvatatud vetikatest \u2013 kontrollitud saasteainete suhtes<\/li>\n<li>Patenteeritud oks\u00fcdatsioonikaitse (Qualitysilver\u00ae)*, kapslid tapiokast\u00e4rklist<\/li>\n<li>T\u00e4iuslik veganitele ja taimetoitlastele<\/li>\n<li>Ideaalne kaasas kandmiseks ja reisideks, kuna k\u00fclmkapis hoidmine pole vajalik<\/li>\n<\/ul>\n<p>sisu: 30 g = 60 kapslit<\/p>\n<p>&nbsp;<\/p>\n<p><a href=\"https:\/\/biospa.ee\/vanaveeb2026\/wp-content\/uploads\/2020\/11\/TISSOgramm_Glutenfrei.png\" data-caption=\"\"><img decoding=\"async\" class=\"alignnone wp-image-13290 size-full\" title=\"Gluteenivaba \" src=\"https:\/\/biospa.ee\/vanaveeb2026\/wp-content\/uploads\/2020\/11\/TISSOgramm_Glutenfrei.png\" alt=\"\" width=\"45\" height=\"45\" \/><\/a><a href=\"https:\/\/biospa.ee\/vanaveeb2026\/wp-content\/uploads\/2020\/11\/TISSOgramm_Hypoallergen.png\">\u00a0<\/a><a href=\"https:\/\/biospa.ee\/vanaveeb2026\/wp-content\/uploads\/2020\/11\/TISSOgramm_Hefefrei.png\" data-caption=\"\"><img decoding=\"async\" class=\"alignnone wp-image-13293 size-full\" title=\"P\u00e4rmivaba \" src=\"https:\/\/biospa.ee\/vanaveeb2026\/wp-content\/uploads\/2020\/11\/TISSOgramm_Hefefrei.png\" alt=\"\" width=\"45\" height=\"45\" \/><\/a><a href=\"https:\/\/biospa.ee\/vanaveeb2026\/wp-content\/uploads\/2020\/11\/TISSOgramm_Hypoallergen.png\">\u00a0<\/a><a href=\"https:\/\/biospa.ee\/vanaveeb2026\/wp-content\/uploads\/2020\/11\/TISSOgramm_ohne-zusatz-von.png\" data-caption=\"\"><img decoding=\"async\" class=\"alignnone wp-image-13299 size-full\" title=\"Ei sisalda magusaineid, s\u00e4ilitusaineid, aroome, v\u00e4rvaineid, maitsetugevdajaid, kunstlikke koostisosi\" src=\"https:\/\/biospa.ee\/vanaveeb2026\/wp-content\/uploads\/2020\/11\/TISSOgramm_ohne-zusatz-von.png\" alt=\"\" width=\"45\" height=\"45\" \/><\/a><a href=\"https:\/\/biospa.ee\/vanaveeb2026\/wp-content\/uploads\/2020\/11\/TISSOgramm_Hypoallergen.png\">\u00a0<\/a><a href=\"https:\/\/biospa.ee\/vanaveeb2026\/wp-content\/uploads\/2020\/11\/TISSOgramm_Schadstofffrei.png\" data-caption=\"\"><img decoding=\"async\" class=\"alignnone wp-image-13287 size-full\" title=\"Kahjulike koostisaineteta\" src=\"https:\/\/biospa.ee\/vanaveeb2026\/wp-content\/uploads\/2020\/11\/TISSOgramm_Schadstofffrei.png\" alt=\"\" width=\"45\" height=\"45\" \/><\/a><a href=\"https:\/\/biospa.ee\/vanaveeb2026\/wp-content\/uploads\/2020\/11\/TISSOgramm_Hypoallergen.png\">\u00a0<\/a><a href=\"https:\/\/biospa.ee\/vanaveeb2026\/wp-content\/uploads\/2020\/11\/TISSOgramm_Vegan.png\" data-caption=\"\"><img decoding=\"async\" class=\"alignnone wp-image-13275 size-full\" title=\"Vegan\" src=\"https:\/\/biospa.ee\/vanaveeb2026\/wp-content\/uploads\/2020\/11\/TISSOgramm_Vegan.png\" alt=\"\" width=\"45\" height=\"45\" \/><\/a><a href=\"https:\/\/biospa.ee\/vanaveeb2026\/wp-content\/uploads\/2020\/11\/TISSOgramm_Hypoallergen.png\">\u00a0<\/a><a href=\"https:\/\/biospa.ee\/vanaveeb2026\/wp-content\/uploads\/2020\/11\/TISSOgramm_Natuerliche-Inhaltsstoffe.png\" data-caption=\"\"><img decoding=\"async\" class=\"alignnone wp-image-13278 size-full\" title=\"Looduslikud koostisosad\" src=\"https:\/\/biospa.ee\/vanaveeb2026\/wp-content\/uploads\/2020\/11\/TISSOgramm_Natuerliche-Inhaltsstoffe.png\" alt=\"\" width=\"45\" height=\"45\" \/><\/a><a href=\"https:\/\/biospa.ee\/vanaveeb2026\/wp-content\/uploads\/2020\/11\/TISSOgramm_Hypoallergen.png\">\u00a0<\/a><a href=\"https:\/\/biospa.ee\/vanaveeb2026\/wp-content\/uploads\/2020\/11\/TISSOgramm_Lactosefrei.png\" data-caption=\"\"><img decoding=\"async\" class=\"alignnone wp-image-13281 size-full\" title=\"Laktoosivaba \" src=\"https:\/\/biospa.ee\/vanaveeb2026\/wp-content\/uploads\/2020\/11\/TISSOgramm_Lactosefrei.png\" alt=\"\" width=\"45\" height=\"45\" \/><\/a><a href=\"https:\/\/biospa.ee\/vanaveeb2026\/wp-content\/uploads\/2020\/11\/TISSOgramm_Hypoallergen.png\">\u00a0<\/a><a href=\"https:\/\/biospa.ee\/vanaveeb2026\/wp-content\/uploads\/2020\/11\/TISSOgramm_Hypoallergen.png\" data-caption=\"\"><img decoding=\"async\" class=\"alignnone wp-image-13284 size-full\" title=\"H\u00fcpoallergeenne \" src=\"https:\/\/biospa.ee\/vanaveeb2026\/wp-content\/uploads\/2020\/11\/TISSOgramm_Hypoallergen.png\" alt=\"\" width=\"45\" height=\"45\" \/><\/a><\/p>\n","protected":false},"featured_media":96698,"template":"","meta":[],"product_brand":[],"product_cat":[412,423,263],"product_tag":[],"class_list":{"0":"post-34701","1":"product","2":"type-product","3":"status-publish","4":"has-post-thumbnail","6":"product_cat-uudis-uudis","7":"product_cat-uudis","8":"product_cat-toidulisandid","10":"first","11":"outofstock","12":"taxable","13":"shipping-taxable","14":"purchasable","15":"product-type-simple"},"yoast_head":"<!-- This site is optimized with the Yoast SEO plugin v27.3 - https:\/\/yoast.com\/product\/yoast-seo-wordpress\/ -->\n<title>Pro Omega Vegan - Loodus BioSpa<\/title>\n<meta name=\"robots\" content=\"index, follow, max-snippet:-1, max-image-preview:large, max-video-preview:-1\" \/>\n<link rel=\"canonical\" href=\"https:\/\/biospa.ee\/vanaveeb2026\/toode\/pro-omega-vegan\/\" \/>\n<meta property=\"og:locale\" content=\"et_EE\" \/>\n<meta property=\"og:type\" content=\"article\" \/>\n<meta property=\"og:title\" content=\"Pro Omega Vegan - Loodus BioSpa\" \/>\n<meta property=\"og:description\" content=\"Veganitele sobivad Omega-3 rasvhapped kapslites: Omega-3 rasvhapped (DHA ja EPA) mikrovetikast Schizochytrium sp. saadud vetika\u00f5lis, millel on patenteeritud antioks\u00fcdantide kaitse (Qualitysilver\u00ae) \u2013 s\u00fcdamele, ajule ja n\u00e4gemisv\u00f5imele.   DHA- ja EPA-rikka Omegavie\u00ae \u00f5li mikrovetikast Schizochytrium sp.  Tervislik aju- ja s\u00fcdamefunktsioon ning n\u00e4gemine  P\u00fcsivalt kasvatatud vetikatest \u2013 kontrollitud saasteainete suhtes  Patenteeritud oks\u00fcdatsioonikaitse (Qualitysilver\u00ae)*, kapslid tapiokast\u00e4rklist  T\u00e4iuslik veganitele ja taimetoitlastele  Ideaalne kaasas kandmiseks ja reisideks, kuna k\u00fclmkapis hoidmine pole vajalik  sisu: 30 g = 60 kapslit  &nbsp;  \u00a0\u00a0\u00a0\u00a0\u00a0\u00a0\u00a0\" \/>\n<meta property=\"og:url\" content=\"https:\/\/biospa.ee\/vanaveeb2026\/toode\/pro-omega-vegan\/\" \/>\n<meta property=\"og:site_name\" content=\"Loodus BioSpa\" \/>\n<meta property=\"article:publisher\" content=\"https:\/\/www.facebook.com\/LoodusBioSpa\/\" \/>\n<meta property=\"article:modified_time\" content=\"2026-03-26T12:35:36+00:00\" \/>\n<meta property=\"og:image\" content=\"https:\/\/biospa.ee\/vanaveeb2026\/wp-content\/uploads\/2025\/02\/TISSO_Naturprodukte_Pro-Omega-Vegan_FS_Icon.jpg\" \/>\n\t<meta property=\"og:image:width\" content=\"1080\" \/>\n\t<meta property=\"og:image:height\" content=\"1080\" \/>\n\t<meta property=\"og:image:type\" content=\"image\/jpeg\" \/>\n<meta name=\"twitter:card\" content=\"summary_large_image\" \/>\n<meta name=\"twitter:label1\" content=\"Est. reading time\" \/>\n\t<meta name=\"twitter:data1\" content=\"2 minutit\" \/>\n<script type=\"application\/ld+json\" class=\"yoast-schema-graph\">{\"@context\":\"https:\\\/\\\/schema.org\",\"@graph\":[{\"@type\":\"WebPage\",\"@id\":\"https:\\\/\\\/biospa.ee\\\/vanaveeb2026\\\/toode\\\/pro-omega-vegan\\\/\",\"url\":\"https:\\\/\\\/biospa.ee\\\/vanaveeb2026\\\/toode\\\/pro-omega-vegan\\\/\",\"name\":\"Pro Omega Vegan - Loodus BioSpa\",\"isPartOf\":{\"@id\":\"https:\\\/\\\/biospa.ee\\\/vanaveeb2026\\\/?lang=ru\\\/#website\"},\"primaryImageOfPage\":{\"@id\":\"https:\\\/\\\/biospa.ee\\\/vanaveeb2026\\\/toode\\\/pro-omega-vegan\\\/#primaryimage\"},\"image\":{\"@id\":\"https:\\\/\\\/biospa.ee\\\/vanaveeb2026\\\/toode\\\/pro-omega-vegan\\\/#primaryimage\"},\"thumbnailUrl\":\"https:\\\/\\\/biospa.ee\\\/vanaveeb2026\\\/wp-content\\\/uploads\\\/2025\\\/02\\\/TISSO_Naturprodukte_Pro-Omega-Vegan_FS_Icon.jpg\",\"datePublished\":\"2025-02-07T09:54:54+00:00\",\"dateModified\":\"2026-03-26T12:35:36+00:00\",\"breadcrumb\":{\"@id\":\"https:\\\/\\\/biospa.ee\\\/vanaveeb2026\\\/toode\\\/pro-omega-vegan\\\/#breadcrumb\"},\"inLanguage\":\"et\",\"potentialAction\":[{\"@type\":\"ReadAction\",\"target\":[\"https:\\\/\\\/biospa.ee\\\/vanaveeb2026\\\/toode\\\/pro-omega-vegan\\\/\"]}]},{\"@type\":\"ImageObject\",\"inLanguage\":\"et\",\"@id\":\"https:\\\/\\\/biospa.ee\\\/vanaveeb2026\\\/toode\\\/pro-omega-vegan\\\/#primaryimage\",\"url\":\"https:\\\/\\\/biospa.ee\\\/vanaveeb2026\\\/wp-content\\\/uploads\\\/2025\\\/02\\\/TISSO_Naturprodukte_Pro-Omega-Vegan_FS_Icon.jpg\",\"contentUrl\":\"https:\\\/\\\/biospa.ee\\\/vanaveeb2026\\\/wp-content\\\/uploads\\\/2025\\\/02\\\/TISSO_Naturprodukte_Pro-Omega-Vegan_FS_Icon.jpg\",\"width\":1080,\"height\":1080},{\"@type\":\"BreadcrumbList\",\"@id\":\"https:\\\/\\\/biospa.ee\\\/vanaveeb2026\\\/toode\\\/pro-omega-vegan\\\/#breadcrumb\",\"itemListElement\":[{\"@type\":\"ListItem\",\"position\":1,\"name\":\"Home\",\"item\":\"https:\\\/\\\/biospa.ee\\\/vanaveeb2026\\\/\"},{\"@type\":\"ListItem\",\"position\":2,\"name\":\"Pood\",\"item\":\"https:\\\/\\\/biospa.ee\\\/vanaveeb2026\\\/pood\\\/\"},{\"@type\":\"ListItem\",\"position\":3,\"name\":\"Pro Omega Vegan\"}]},{\"@type\":\"WebSite\",\"@id\":\"https:\\\/\\\/biospa.ee\\\/vanaveeb2026\\\/?lang=ru\\\/#website\",\"url\":\"https:\\\/\\\/biospa.ee\\\/vanaveeb2026\\\/?lang=ru\\\/\",\"name\":\"Loodus BioSpa\",\"description\":\"Loodus BioSpa\",\"publisher\":{\"@id\":\"https:\\\/\\\/biospa.ee\\\/vanaveeb2026\\\/?lang=ru\\\/#organization\"},\"potentialAction\":[{\"@type\":\"SearchAction\",\"target\":{\"@type\":\"EntryPoint\",\"urlTemplate\":\"https:\\\/\\\/biospa.ee\\\/vanaveeb2026\\\/?lang=ru\\\/?s={search_term_string}\"},\"query-input\":{\"@type\":\"PropertyValueSpecification\",\"valueRequired\":true,\"valueName\":\"search_term_string\"}}],\"inLanguage\":\"et\"},{\"@type\":\"Organization\",\"@id\":\"https:\\\/\\\/biospa.ee\\\/vanaveeb2026\\\/?lang=ru\\\/#organization\",\"name\":\"Tesmasan O\u00dc\",\"url\":\"https:\\\/\\\/biospa.ee\\\/vanaveeb2026\\\/?lang=ru\\\/\",\"logo\":{\"@type\":\"ImageObject\",\"inLanguage\":\"et\",\"@id\":\"https:\\\/\\\/biospa.ee\\\/vanaveeb2026\\\/?lang=ru\\\/#\\\/schema\\\/logo\\\/image\\\/\",\"url\":\"https:\\\/\\\/biospa.ee\\\/vanaveeb2026\\\/vanaveeb2026\\\/wp-content\\\/uploads\\\/2023\\\/06\\\/BioSpa-loggo-est1-0-143.png\",\"contentUrl\":\"https:\\\/\\\/biospa.ee\\\/vanaveeb2026\\\/vanaveeb2026\\\/wp-content\\\/uploads\\\/2023\\\/06\\\/BioSpa-loggo-est1-0-143.png\",\"width\":143,\"height\":59,\"caption\":\"Tesmasan O\u00dc\"},\"image\":{\"@id\":\"https:\\\/\\\/biospa.ee\\\/vanaveeb2026\\\/?lang=ru\\\/#\\\/schema\\\/logo\\\/image\\\/\"},\"sameAs\":[\"https:\\\/\\\/www.facebook.com\\\/LoodusBioSpa\\\/\",\"https:\\\/\\\/www.instagram.com\\\/loodusbiospa\\\/\"]}]}<\/script>\n<!-- \/ Yoast SEO plugin. -->","yoast_head_json":{"title":"Pro Omega Vegan - Loodus BioSpa","robots":{"index":"index","follow":"follow","max-snippet":"max-snippet:-1","max-image-preview":"max-image-preview:large","max-video-preview":"max-video-preview:-1"},"canonical":"https:\/\/biospa.ee\/vanaveeb2026\/toode\/pro-omega-vegan\/","og_locale":"et_EE","og_type":"article","og_title":"Pro Omega Vegan - Loodus BioSpa","og_description":"Veganitele sobivad Omega-3 rasvhapped kapslites: Omega-3 rasvhapped (DHA ja EPA) mikrovetikast Schizochytrium sp. saadud vetika\u00f5lis, millel on patenteeritud antioks\u00fcdantide kaitse (Qualitysilver\u00ae) \u2013 s\u00fcdamele, ajule ja n\u00e4gemisv\u00f5imele.   DHA- ja EPA-rikka Omegavie\u00ae \u00f5li mikrovetikast Schizochytrium sp.  Tervislik aju- ja s\u00fcdamefunktsioon ning n\u00e4gemine  P\u00fcsivalt kasvatatud vetikatest \u2013 kontrollitud saasteainete suhtes  Patenteeritud oks\u00fcdatsioonikaitse (Qualitysilver\u00ae)*, kapslid tapiokast\u00e4rklist  T\u00e4iuslik veganitele ja taimetoitlastele  Ideaalne kaasas kandmiseks ja reisideks, kuna k\u00fclmkapis hoidmine pole vajalik  sisu: 30 g = 60 kapslit  &nbsp;  \u00a0\u00a0\u00a0\u00a0\u00a0\u00a0\u00a0","og_url":"https:\/\/biospa.ee\/vanaveeb2026\/toode\/pro-omega-vegan\/","og_site_name":"Loodus BioSpa","article_publisher":"https:\/\/www.facebook.com\/LoodusBioSpa\/","article_modified_time":"2026-03-26T12:35:36+00:00","og_image":[{"width":1080,"height":1080,"url":"https:\/\/biospa.ee\/vanaveeb2026\/wp-content\/uploads\/2025\/02\/TISSO_Naturprodukte_Pro-Omega-Vegan_FS_Icon.jpg","type":"image\/jpeg"}],"twitter_card":"summary_large_image","twitter_misc":{"Est. reading time":"2 minutit"},"schema":{"@context":"https:\/\/schema.org","@graph":[{"@type":"WebPage","@id":"https:\/\/biospa.ee\/vanaveeb2026\/toode\/pro-omega-vegan\/","url":"https:\/\/biospa.ee\/vanaveeb2026\/toode\/pro-omega-vegan\/","name":"Pro Omega Vegan - Loodus BioSpa","isPartOf":{"@id":"https:\/\/biospa.ee\/vanaveeb2026\/?lang=ru\/#website"},"primaryImageOfPage":{"@id":"https:\/\/biospa.ee\/vanaveeb2026\/toode\/pro-omega-vegan\/#primaryimage"},"image":{"@id":"https:\/\/biospa.ee\/vanaveeb2026\/toode\/pro-omega-vegan\/#primaryimage"},"thumbnailUrl":"https:\/\/biospa.ee\/vanaveeb2026\/wp-content\/uploads\/2025\/02\/TISSO_Naturprodukte_Pro-Omega-Vegan_FS_Icon.jpg","datePublished":"2025-02-07T09:54:54+00:00","dateModified":"2026-03-26T12:35:36+00:00","breadcrumb":{"@id":"https:\/\/biospa.ee\/vanaveeb2026\/toode\/pro-omega-vegan\/#breadcrumb"},"inLanguage":"et","potentialAction":[{"@type":"ReadAction","target":["https:\/\/biospa.ee\/vanaveeb2026\/toode\/pro-omega-vegan\/"]}]},{"@type":"ImageObject","inLanguage":"et","@id":"https:\/\/biospa.ee\/vanaveeb2026\/toode\/pro-omega-vegan\/#primaryimage","url":"https:\/\/biospa.ee\/vanaveeb2026\/wp-content\/uploads\/2025\/02\/TISSO_Naturprodukte_Pro-Omega-Vegan_FS_Icon.jpg","contentUrl":"https:\/\/biospa.ee\/vanaveeb2026\/wp-content\/uploads\/2025\/02\/TISSO_Naturprodukte_Pro-Omega-Vegan_FS_Icon.jpg","width":1080,"height":1080},{"@type":"BreadcrumbList","@id":"https:\/\/biospa.ee\/vanaveeb2026\/toode\/pro-omega-vegan\/#breadcrumb","itemListElement":[{"@type":"ListItem","position":1,"name":"Home","item":"https:\/\/biospa.ee\/vanaveeb2026\/"},{"@type":"ListItem","position":2,"name":"Pood","item":"https:\/\/biospa.ee\/vanaveeb2026\/pood\/"},{"@type":"ListItem","position":3,"name":"Pro Omega Vegan"}]},{"@type":"WebSite","@id":"https:\/\/biospa.ee\/vanaveeb2026\/?lang=ru\/#website","url":"https:\/\/biospa.ee\/vanaveeb2026\/?lang=ru\/","name":"Loodus BioSpa","description":"Loodus BioSpa","publisher":{"@id":"https:\/\/biospa.ee\/vanaveeb2026\/?lang=ru\/#organization"},"potentialAction":[{"@type":"SearchAction","target":{"@type":"EntryPoint","urlTemplate":"https:\/\/biospa.ee\/vanaveeb2026\/?lang=ru\/?s={search_term_string}"},"query-input":{"@type":"PropertyValueSpecification","valueRequired":true,"valueName":"search_term_string"}}],"inLanguage":"et"},{"@type":"Organization","@id":"https:\/\/biospa.ee\/vanaveeb2026\/?lang=ru\/#organization","name":"Tesmasan O\u00dc","url":"https:\/\/biospa.ee\/vanaveeb2026\/?lang=ru\/","logo":{"@type":"ImageObject","inLanguage":"et","@id":"https:\/\/biospa.ee\/vanaveeb2026\/?lang=ru\/#\/schema\/logo\/image\/","url":"https:\/\/biospa.ee\/vanaveeb2026\/vanaveeb2026\/wp-content\/uploads\/2023\/06\/BioSpa-loggo-est1-0-143.png","contentUrl":"https:\/\/biospa.ee\/vanaveeb2026\/vanaveeb2026\/wp-content\/uploads\/2023\/06\/BioSpa-loggo-est1-0-143.png","width":143,"height":59,"caption":"Tesmasan O\u00dc"},"image":{"@id":"https:\/\/biospa.ee\/vanaveeb2026\/?lang=ru\/#\/schema\/logo\/image\/"},"sameAs":["https:\/\/www.facebook.com\/LoodusBioSpa\/","https:\/\/www.instagram.com\/loodusbiospa\/"]}]}},"_links":{"self":[{"href":"https:\/\/biospa.ee\/vanaveeb2026\/wp-json\/wp\/v2\/product\/34701","targetHints":{"allow":["GET"]}}],"collection":[{"href":"https:\/\/biospa.ee\/vanaveeb2026\/wp-json\/wp\/v2\/product"}],"about":[{"href":"https:\/\/biospa.ee\/vanaveeb2026\/wp-json\/wp\/v2\/types\/product"}],"wp:featuredmedia":[{"embeddable":true,"href":"https:\/\/biospa.ee\/vanaveeb2026\/wp-json\/wp\/v2\/media\/96698"}],"wp:attachment":[{"href":"https:\/\/biospa.ee\/vanaveeb2026\/wp-json\/wp\/v2\/media?parent=34701"}],"wp:term":[{"taxonomy":"product_brand","embeddable":true,"href":"https:\/\/biospa.ee\/vanaveeb2026\/wp-json\/wp\/v2\/product_brand?post=34701"},{"taxonomy":"product_cat","embeddable":true,"href":"https:\/\/biospa.ee\/vanaveeb2026\/wp-json\/wp\/v2\/product_cat?post=34701"},{"taxonomy":"product_tag","embeddable":true,"href":"https:\/\/biospa.ee\/vanaveeb2026\/wp-json\/wp\/v2\/product_tag?post=34701"}],"curies":[{"name":"wp","href":"https:\/\/api.w.org\/{rel}","templated":true}]}}