{"id":34704,"date":"2025-02-07T12:47:58","date_gmt":"2025-02-07T10:47:58","guid":{"rendered":"https:\/\/biospa.ee\/vanaveeb2026\/?post_type=product&#038;p=34704"},"modified":"2026-03-24T14:38:38","modified_gmt":"2026-03-24T12:38:38","slug":"pro-astaxanthin","status":"publish","type":"product","link":"https:\/\/biospa.ee\/vanaveeb2026\/toode\/pro-astaxanthin\/","title":{"rendered":"Pro Astaxanthin"},"content":{"rendered":"<p>V\u00f5imas antioks\u00fcdant tervete rakkude jaoks: Astaksantiin on aine, mida mikrovetikad,( nagu n\u00e4iteks Haematococcus pluvialis), koguvad suures koguses, kui nad puutuvad kokku tugeva p\u00e4ikesevalguse ja sellega kaasneva stressiga. Nii kaitsevad vetikad end astaksantiini abil kahjustuste eest. Samuti on astaksantiin v\u00f5imeline kogunema k\u00f5igisse inimkeha rakkudesse. See suudab \u00fcletada nii vere-retina-barj\u00e4\u00e4ri kui ka vere-ajubarj\u00e4\u00e4ri, pakkudes kasu m\u00f5lemal pool. \u00dcks tugevamaid antioks\u00fcdante, samuti oma p\u00f5letikuvastaste omaduste t\u00f5ttu, kasutatakse seda meelsasti. Astaksantiin kuulub karotenoidide gruppi, mis on sekundaarsete taimsete \u00fchendite r\u00fchm. Mikrovetikad ladustavad seda ainet suures koguses, kui nad on tugeva p\u00e4ikesevalguse ja oks\u00fcdatiivse stressi all. Samuti saavad inimkeha rakud koguda seda v\u00e4\u00e4rtuslikku astaksantiini, et nahas ja silmades kasutada oma antioks\u00fcdantseid omadusi.<\/p>\n<p>\u00dcks uuring* astaksantiini pikaajalise tarbimisega on n\u00e4idanud, et see tekitas loodusliku UV-kaitse. Lisaks paranes naha elastsus ja niiskusesisaldus. Seega on loogiline, et astaksantiin v\u00f5ib toimida loodusliku p\u00e4ikesekaitsevahendina. Kuid selleks on vaja aega, seega on m\u00f5istlik alustada astaksantiini varajast manustamist. Loodus ei tee midagi ilma p\u00f5hjuseta. Seet\u00f5ttu kasutame taimset allikat, mis pakub eriti suuri koguseid astaksantiini looduslikus kompleksis: mikrovetikas Haematococcus pluvialis. Kasu saamiseks looduse s\u00fcnergiast.<\/p>\n<p>Paljud sarnased tooted sisaldavad odavaid taime\u00f5lisid, nagu n\u00e4iteks p\u00e4evalille\u00f5li. Rafineeritud taime\u00f5lide probleem on see, et need oks\u00fcdeeruvad t\u00f6\u00f6stusliku t\u00f6\u00f6tlemise k\u00e4igus, andes seel\u00e4bi kehale vabu radikaale. Just neid vabu radikaale saad sa v\u00e4hendada selliste antioks\u00fcdantidega nagu astaksantiin. Seega oleks vastuoluline kasutada p\u00e4evalille\u00f5li. Selle asemel kasutame kvaliteetset, k\u00fclmpressitud oliivi\u00f5li, mis ei ole oks\u00fcdeerunud ja annab sulle t\u00e4iendavalt v\u00e4\u00e4rtuslikke pol\u00fcfenoole.<\/p>\n","protected":false},"excerpt":{"rendered":"<p>\u00dcks maailma tugevaimaid antioks\u00fcdante: Pro Astaxanthin sisaldab astaksantiini verevihmaalga (Haematococcus pluvialis) ekstraktist. V\u00f5rreldes C-vitamiiniga, mis on tuntud oma radikaalide p\u00fc\u00fcdmise ja rakkude kaitse omaduste poolest, on astaksantiini antioks\u00fcdatiivne toime 6 000 korda tugevam. Toode sisaldab kvaliteetset naturaalset oliivi\u00f5li kandjana.<\/p>\n<ul>\n<li>K\u00f5rge annus: 8 mg looduslikku premium astaksantiini<\/li>\n<li>Rakkude kaitseks: \u00fcks tugevaimaid antioks\u00fcdante ehk radikaalide p\u00fc\u00fcdjaid<\/li>\n<li>Tervete naharakkude, energia ainevahetuse ja tugeva s\u00fcdame jaoks<\/li>\n<li>Veganitele ja carrageenivaba<\/li>\n<li>Kvaliteetne naturaalne oliivi\u00f5li<\/li>\n<\/ul>\n<p>sisu: 204 g = 60 kapslit<\/p>\n<p>&nbsp;<\/p>\n<p><a href=\"https:\/\/biospa.ee\/vanaveeb2026\/wp-content\/uploads\/2020\/11\/TISSOgramm_Glutenfrei.png\" data-caption=\"\"><img decoding=\"async\" class=\"alignnone wp-image-13290 size-full\" title=\"Gluteenivaba \" src=\"https:\/\/biospa.ee\/vanaveeb2026\/wp-content\/uploads\/2020\/11\/TISSOgramm_Glutenfrei.png\" alt=\"\" width=\"45\" height=\"45\" \/><\/a><a href=\"https:\/\/biospa.ee\/vanaveeb2026\/wp-content\/uploads\/2020\/11\/TISSOgramm_Hypoallergen.png\">\u00a0<\/a><a href=\"https:\/\/biospa.ee\/vanaveeb2026\/wp-content\/uploads\/2020\/11\/TISSOgramm_Hefefrei.png\" data-caption=\"\"><img decoding=\"async\" class=\"alignnone wp-image-13293 size-full\" title=\"P\u00e4rmivaba \" src=\"https:\/\/biospa.ee\/vanaveeb2026\/wp-content\/uploads\/2020\/11\/TISSOgramm_Hefefrei.png\" alt=\"\" width=\"45\" height=\"45\" \/><\/a><a href=\"https:\/\/biospa.ee\/vanaveeb2026\/wp-content\/uploads\/2020\/11\/TISSOgramm_Hypoallergen.png\">\u00a0<\/a><a href=\"https:\/\/biospa.ee\/vanaveeb2026\/wp-content\/uploads\/2020\/11\/TISSOgramm_ohne-zusatz-von.png\" data-caption=\"\"><img decoding=\"async\" class=\"alignnone wp-image-13299 size-full\" title=\"Ei sisalda magusaineid, s\u00e4ilitusaineid, aroome, v\u00e4rvaineid, maitsetugevdajaid, kunstlikke koostisosi\" src=\"https:\/\/biospa.ee\/vanaveeb2026\/wp-content\/uploads\/2020\/11\/TISSOgramm_ohne-zusatz-von.png\" alt=\"\" width=\"45\" height=\"45\" \/><\/a><a href=\"https:\/\/biospa.ee\/vanaveeb2026\/wp-content\/uploads\/2020\/11\/TISSOgramm_Hypoallergen.png\">\u00a0<\/a><a href=\"https:\/\/biospa.ee\/vanaveeb2026\/wp-content\/uploads\/2020\/11\/TISSOgramm_Schadstofffrei.png\" data-caption=\"\"><img decoding=\"async\" class=\"alignnone wp-image-13287 size-full\" title=\"Kahjulike koostisaineteta\" src=\"https:\/\/biospa.ee\/vanaveeb2026\/wp-content\/uploads\/2020\/11\/TISSOgramm_Schadstofffrei.png\" alt=\"\" width=\"45\" height=\"45\" \/><\/a><a href=\"https:\/\/biospa.ee\/vanaveeb2026\/wp-content\/uploads\/2020\/11\/TISSOgramm_Hypoallergen.png\">\u00a0<\/a><a href=\"https:\/\/biospa.ee\/vanaveeb2026\/wp-content\/uploads\/2020\/11\/TISSOgramm_Vegan.png\" data-caption=\"\"><img decoding=\"async\" class=\"alignnone wp-image-13275 size-full\" title=\"Vegan\" src=\"https:\/\/biospa.ee\/vanaveeb2026\/wp-content\/uploads\/2020\/11\/TISSOgramm_Vegan.png\" alt=\"\" width=\"45\" height=\"45\" \/><\/a><a href=\"https:\/\/biospa.ee\/vanaveeb2026\/wp-content\/uploads\/2020\/11\/TISSOgramm_Hypoallergen.png\">\u00a0<\/a><a href=\"https:\/\/biospa.ee\/vanaveeb2026\/wp-content\/uploads\/2020\/11\/TISSOgramm_Natuerliche-Inhaltsstoffe.png\" data-caption=\"\"><img decoding=\"async\" class=\"alignnone wp-image-13278 size-full\" title=\"Looduslikud koostisosad\" src=\"https:\/\/biospa.ee\/vanaveeb2026\/wp-content\/uploads\/2020\/11\/TISSOgramm_Natuerliche-Inhaltsstoffe.png\" alt=\"\" width=\"45\" height=\"45\" \/><\/a><a href=\"https:\/\/biospa.ee\/vanaveeb2026\/wp-content\/uploads\/2020\/11\/TISSOgramm_Hypoallergen.png\">\u00a0<\/a><a href=\"https:\/\/biospa.ee\/vanaveeb2026\/wp-content\/uploads\/2020\/11\/TISSOgramm_Lactosefrei.png\" data-caption=\"\"><img decoding=\"async\" class=\"alignnone wp-image-13281 size-full\" title=\"Laktoosivaba \" src=\"https:\/\/biospa.ee\/vanaveeb2026\/wp-content\/uploads\/2020\/11\/TISSOgramm_Lactosefrei.png\" alt=\"\" width=\"45\" height=\"45\" \/><\/a><a href=\"https:\/\/biospa.ee\/vanaveeb2026\/wp-content\/uploads\/2020\/11\/TISSOgramm_Hypoallergen.png\">\u00a0<\/a><a href=\"https:\/\/biospa.ee\/vanaveeb2026\/wp-content\/uploads\/2020\/11\/TISSOgramm_Hypoallergen.png\" data-caption=\"\"><img decoding=\"async\" class=\"alignnone wp-image-13284 size-full\" title=\"H\u00fcpoallergeenne \" src=\"https:\/\/biospa.ee\/vanaveeb2026\/wp-content\/uploads\/2020\/11\/TISSOgramm_Hypoallergen.png\" alt=\"\" width=\"45\" height=\"45\" \/><\/a><\/p>\n","protected":false},"featured_media":96730,"template":"","meta":[],"product_brand":[],"product_cat":[412,423,263],"product_tag":[],"class_list":{"0":"post-34704","1":"product","2":"type-product","3":"status-publish","4":"has-post-thumbnail","6":"product_cat-uudis-uudis","7":"product_cat-uudis","8":"product_cat-toidulisandid","10":"first","11":"instock","12":"taxable","13":"shipping-taxable","14":"purchasable","15":"product-type-simple"},"yoast_head":"<!-- This site is optimized with the Yoast SEO plugin v27.3 - https:\/\/yoast.com\/product\/yoast-seo-wordpress\/ -->\n<title>Pro Astaxanthin - Loodus BioSpa<\/title>\n<meta name=\"robots\" content=\"index, follow, max-snippet:-1, max-image-preview:large, max-video-preview:-1\" \/>\n<link rel=\"canonical\" href=\"https:\/\/biospa.ee\/vanaveeb2026\/toode\/pro-astaxanthin\/\" \/>\n<meta property=\"og:locale\" content=\"et_EE\" \/>\n<meta property=\"og:type\" content=\"article\" \/>\n<meta property=\"og:title\" content=\"Pro Astaxanthin - Loodus BioSpa\" \/>\n<meta property=\"og:description\" content=\"\u00dcks maailma tugevaimaid antioks\u00fcdante: Pro Astaxanthin sisaldab astaksantiini verevihmaalga (Haematococcus pluvialis) ekstraktist. V\u00f5rreldes C-vitamiiniga, mis on tuntud oma radikaalide p\u00fc\u00fcdmise ja rakkude kaitse omaduste poolest, on astaksantiini antioks\u00fcdatiivne toime 6 000 korda tugevam. Toode sisaldab kvaliteetset naturaalset oliivi\u00f5li kandjana.   K\u00f5rge annus: 8 mg looduslikku premium astaksantiini  Rakkude kaitseks: \u00fcks tugevaimaid antioks\u00fcdante ehk radikaalide p\u00fc\u00fcdjaid  Tervete naharakkude, energia ainevahetuse ja tugeva s\u00fcdame jaoks  Veganitele ja carrageenivaba  Kvaliteetne naturaalne oliivi\u00f5li  sisu: 204 g = 60 kapslit  &nbsp;  \u00a0\u00a0\u00a0\u00a0\u00a0\u00a0\u00a0\" \/>\n<meta property=\"og:url\" content=\"https:\/\/biospa.ee\/vanaveeb2026\/toode\/pro-astaxanthin\/\" \/>\n<meta property=\"og:site_name\" content=\"Loodus BioSpa\" \/>\n<meta property=\"article:publisher\" content=\"https:\/\/www.facebook.com\/LoodusBioSpa\/\" \/>\n<meta property=\"article:modified_time\" content=\"2026-03-24T12:38:38+00:00\" \/>\n<meta property=\"og:image\" content=\"https:\/\/biospa.ee\/vanaveeb2026\/wp-content\/uploads\/2025\/02\/TISSO_Naturprodukte_Pro-Astaxanthin_FS_Icon-1-scaled.jpg\" \/>\n\t<meta property=\"og:image:width\" content=\"2560\" \/>\n\t<meta property=\"og:image:height\" content=\"2560\" \/>\n\t<meta property=\"og:image:type\" content=\"image\/jpeg\" \/>\n<meta name=\"twitter:card\" content=\"summary_large_image\" \/>\n<meta name=\"twitter:label1\" content=\"Est. reading time\" \/>\n\t<meta name=\"twitter:data1\" content=\"1 minut\" \/>\n<script type=\"application\/ld+json\" class=\"yoast-schema-graph\">{\"@context\":\"https:\\\/\\\/schema.org\",\"@graph\":[{\"@type\":\"WebPage\",\"@id\":\"https:\\\/\\\/biospa.ee\\\/vanaveeb2026\\\/toode\\\/pro-astaxanthin\\\/\",\"url\":\"https:\\\/\\\/biospa.ee\\\/vanaveeb2026\\\/toode\\\/pro-astaxanthin\\\/\",\"name\":\"Pro Astaxanthin - Loodus BioSpa\",\"isPartOf\":{\"@id\":\"https:\\\/\\\/biospa.ee\\\/vanaveeb2026\\\/?lang=ru\\\/#website\"},\"primaryImageOfPage\":{\"@id\":\"https:\\\/\\\/biospa.ee\\\/vanaveeb2026\\\/toode\\\/pro-astaxanthin\\\/#primaryimage\"},\"image\":{\"@id\":\"https:\\\/\\\/biospa.ee\\\/vanaveeb2026\\\/toode\\\/pro-astaxanthin\\\/#primaryimage\"},\"thumbnailUrl\":\"https:\\\/\\\/biospa.ee\\\/vanaveeb2026\\\/wp-content\\\/uploads\\\/2025\\\/02\\\/TISSO_Naturprodukte_Pro-Astaxanthin_FS_Icon-1-scaled.jpg\",\"datePublished\":\"2025-02-07T10:47:58+00:00\",\"dateModified\":\"2026-03-24T12:38:38+00:00\",\"breadcrumb\":{\"@id\":\"https:\\\/\\\/biospa.ee\\\/vanaveeb2026\\\/toode\\\/pro-astaxanthin\\\/#breadcrumb\"},\"inLanguage\":\"et\",\"potentialAction\":[{\"@type\":\"ReadAction\",\"target\":[\"https:\\\/\\\/biospa.ee\\\/vanaveeb2026\\\/toode\\\/pro-astaxanthin\\\/\"]}]},{\"@type\":\"ImageObject\",\"inLanguage\":\"et\",\"@id\":\"https:\\\/\\\/biospa.ee\\\/vanaveeb2026\\\/toode\\\/pro-astaxanthin\\\/#primaryimage\",\"url\":\"https:\\\/\\\/biospa.ee\\\/vanaveeb2026\\\/wp-content\\\/uploads\\\/2025\\\/02\\\/TISSO_Naturprodukte_Pro-Astaxanthin_FS_Icon-1-scaled.jpg\",\"contentUrl\":\"https:\\\/\\\/biospa.ee\\\/vanaveeb2026\\\/wp-content\\\/uploads\\\/2025\\\/02\\\/TISSO_Naturprodukte_Pro-Astaxanthin_FS_Icon-1-scaled.jpg\",\"width\":2560,\"height\":2560},{\"@type\":\"BreadcrumbList\",\"@id\":\"https:\\\/\\\/biospa.ee\\\/vanaveeb2026\\\/toode\\\/pro-astaxanthin\\\/#breadcrumb\",\"itemListElement\":[{\"@type\":\"ListItem\",\"position\":1,\"name\":\"Home\",\"item\":\"https:\\\/\\\/biospa.ee\\\/vanaveeb2026\\\/\"},{\"@type\":\"ListItem\",\"position\":2,\"name\":\"Pood\",\"item\":\"https:\\\/\\\/biospa.ee\\\/vanaveeb2026\\\/pood\\\/\"},{\"@type\":\"ListItem\",\"position\":3,\"name\":\"Pro Astaxanthin\"}]},{\"@type\":\"WebSite\",\"@id\":\"https:\\\/\\\/biospa.ee\\\/vanaveeb2026\\\/?lang=ru\\\/#website\",\"url\":\"https:\\\/\\\/biospa.ee\\\/vanaveeb2026\\\/?lang=ru\\\/\",\"name\":\"Loodus BioSpa\",\"description\":\"Loodus BioSpa\",\"publisher\":{\"@id\":\"https:\\\/\\\/biospa.ee\\\/vanaveeb2026\\\/?lang=ru\\\/#organization\"},\"potentialAction\":[{\"@type\":\"SearchAction\",\"target\":{\"@type\":\"EntryPoint\",\"urlTemplate\":\"https:\\\/\\\/biospa.ee\\\/vanaveeb2026\\\/?lang=ru\\\/?s={search_term_string}\"},\"query-input\":{\"@type\":\"PropertyValueSpecification\",\"valueRequired\":true,\"valueName\":\"search_term_string\"}}],\"inLanguage\":\"et\"},{\"@type\":\"Organization\",\"@id\":\"https:\\\/\\\/biospa.ee\\\/vanaveeb2026\\\/?lang=ru\\\/#organization\",\"name\":\"Tesmasan O\u00dc\",\"url\":\"https:\\\/\\\/biospa.ee\\\/vanaveeb2026\\\/?lang=ru\\\/\",\"logo\":{\"@type\":\"ImageObject\",\"inLanguage\":\"et\",\"@id\":\"https:\\\/\\\/biospa.ee\\\/vanaveeb2026\\\/?lang=ru\\\/#\\\/schema\\\/logo\\\/image\\\/\",\"url\":\"https:\\\/\\\/biospa.ee\\\/vanaveeb2026\\\/vanaveeb2026\\\/wp-content\\\/uploads\\\/2023\\\/06\\\/BioSpa-loggo-est1-0-143.png\",\"contentUrl\":\"https:\\\/\\\/biospa.ee\\\/vanaveeb2026\\\/vanaveeb2026\\\/wp-content\\\/uploads\\\/2023\\\/06\\\/BioSpa-loggo-est1-0-143.png\",\"width\":143,\"height\":59,\"caption\":\"Tesmasan O\u00dc\"},\"image\":{\"@id\":\"https:\\\/\\\/biospa.ee\\\/vanaveeb2026\\\/?lang=ru\\\/#\\\/schema\\\/logo\\\/image\\\/\"},\"sameAs\":[\"https:\\\/\\\/www.facebook.com\\\/LoodusBioSpa\\\/\",\"https:\\\/\\\/www.instagram.com\\\/loodusbiospa\\\/\"]}]}<\/script>\n<!-- \/ Yoast SEO plugin. -->","yoast_head_json":{"title":"Pro Astaxanthin - Loodus BioSpa","robots":{"index":"index","follow":"follow","max-snippet":"max-snippet:-1","max-image-preview":"max-image-preview:large","max-video-preview":"max-video-preview:-1"},"canonical":"https:\/\/biospa.ee\/vanaveeb2026\/toode\/pro-astaxanthin\/","og_locale":"et_EE","og_type":"article","og_title":"Pro Astaxanthin - Loodus BioSpa","og_description":"\u00dcks maailma tugevaimaid antioks\u00fcdante: Pro Astaxanthin sisaldab astaksantiini verevihmaalga (Haematococcus pluvialis) ekstraktist. V\u00f5rreldes C-vitamiiniga, mis on tuntud oma radikaalide p\u00fc\u00fcdmise ja rakkude kaitse omaduste poolest, on astaksantiini antioks\u00fcdatiivne toime 6 000 korda tugevam. Toode sisaldab kvaliteetset naturaalset oliivi\u00f5li kandjana.   K\u00f5rge annus: 8 mg looduslikku premium astaksantiini  Rakkude kaitseks: \u00fcks tugevaimaid antioks\u00fcdante ehk radikaalide p\u00fc\u00fcdjaid  Tervete naharakkude, energia ainevahetuse ja tugeva s\u00fcdame jaoks  Veganitele ja carrageenivaba  Kvaliteetne naturaalne oliivi\u00f5li  sisu: 204 g = 60 kapslit  &nbsp;  \u00a0\u00a0\u00a0\u00a0\u00a0\u00a0\u00a0","og_url":"https:\/\/biospa.ee\/vanaveeb2026\/toode\/pro-astaxanthin\/","og_site_name":"Loodus BioSpa","article_publisher":"https:\/\/www.facebook.com\/LoodusBioSpa\/","article_modified_time":"2026-03-24T12:38:38+00:00","og_image":[{"width":2560,"height":2560,"url":"https:\/\/biospa.ee\/vanaveeb2026\/wp-content\/uploads\/2025\/02\/TISSO_Naturprodukte_Pro-Astaxanthin_FS_Icon-1-scaled.jpg","type":"image\/jpeg"}],"twitter_card":"summary_large_image","twitter_misc":{"Est. reading time":"1 minut"},"schema":{"@context":"https:\/\/schema.org","@graph":[{"@type":"WebPage","@id":"https:\/\/biospa.ee\/vanaveeb2026\/toode\/pro-astaxanthin\/","url":"https:\/\/biospa.ee\/vanaveeb2026\/toode\/pro-astaxanthin\/","name":"Pro Astaxanthin - Loodus BioSpa","isPartOf":{"@id":"https:\/\/biospa.ee\/vanaveeb2026\/?lang=ru\/#website"},"primaryImageOfPage":{"@id":"https:\/\/biospa.ee\/vanaveeb2026\/toode\/pro-astaxanthin\/#primaryimage"},"image":{"@id":"https:\/\/biospa.ee\/vanaveeb2026\/toode\/pro-astaxanthin\/#primaryimage"},"thumbnailUrl":"https:\/\/biospa.ee\/vanaveeb2026\/wp-content\/uploads\/2025\/02\/TISSO_Naturprodukte_Pro-Astaxanthin_FS_Icon-1-scaled.jpg","datePublished":"2025-02-07T10:47:58+00:00","dateModified":"2026-03-24T12:38:38+00:00","breadcrumb":{"@id":"https:\/\/biospa.ee\/vanaveeb2026\/toode\/pro-astaxanthin\/#breadcrumb"},"inLanguage":"et","potentialAction":[{"@type":"ReadAction","target":["https:\/\/biospa.ee\/vanaveeb2026\/toode\/pro-astaxanthin\/"]}]},{"@type":"ImageObject","inLanguage":"et","@id":"https:\/\/biospa.ee\/vanaveeb2026\/toode\/pro-astaxanthin\/#primaryimage","url":"https:\/\/biospa.ee\/vanaveeb2026\/wp-content\/uploads\/2025\/02\/TISSO_Naturprodukte_Pro-Astaxanthin_FS_Icon-1-scaled.jpg","contentUrl":"https:\/\/biospa.ee\/vanaveeb2026\/wp-content\/uploads\/2025\/02\/TISSO_Naturprodukte_Pro-Astaxanthin_FS_Icon-1-scaled.jpg","width":2560,"height":2560},{"@type":"BreadcrumbList","@id":"https:\/\/biospa.ee\/vanaveeb2026\/toode\/pro-astaxanthin\/#breadcrumb","itemListElement":[{"@type":"ListItem","position":1,"name":"Home","item":"https:\/\/biospa.ee\/vanaveeb2026\/"},{"@type":"ListItem","position":2,"name":"Pood","item":"https:\/\/biospa.ee\/vanaveeb2026\/pood\/"},{"@type":"ListItem","position":3,"name":"Pro Astaxanthin"}]},{"@type":"WebSite","@id":"https:\/\/biospa.ee\/vanaveeb2026\/?lang=ru\/#website","url":"https:\/\/biospa.ee\/vanaveeb2026\/?lang=ru\/","name":"Loodus BioSpa","description":"Loodus BioSpa","publisher":{"@id":"https:\/\/biospa.ee\/vanaveeb2026\/?lang=ru\/#organization"},"potentialAction":[{"@type":"SearchAction","target":{"@type":"EntryPoint","urlTemplate":"https:\/\/biospa.ee\/vanaveeb2026\/?lang=ru\/?s={search_term_string}"},"query-input":{"@type":"PropertyValueSpecification","valueRequired":true,"valueName":"search_term_string"}}],"inLanguage":"et"},{"@type":"Organization","@id":"https:\/\/biospa.ee\/vanaveeb2026\/?lang=ru\/#organization","name":"Tesmasan O\u00dc","url":"https:\/\/biospa.ee\/vanaveeb2026\/?lang=ru\/","logo":{"@type":"ImageObject","inLanguage":"et","@id":"https:\/\/biospa.ee\/vanaveeb2026\/?lang=ru\/#\/schema\/logo\/image\/","url":"https:\/\/biospa.ee\/vanaveeb2026\/vanaveeb2026\/wp-content\/uploads\/2023\/06\/BioSpa-loggo-est1-0-143.png","contentUrl":"https:\/\/biospa.ee\/vanaveeb2026\/vanaveeb2026\/wp-content\/uploads\/2023\/06\/BioSpa-loggo-est1-0-143.png","width":143,"height":59,"caption":"Tesmasan O\u00dc"},"image":{"@id":"https:\/\/biospa.ee\/vanaveeb2026\/?lang=ru\/#\/schema\/logo\/image\/"},"sameAs":["https:\/\/www.facebook.com\/LoodusBioSpa\/","https:\/\/www.instagram.com\/loodusbiospa\/"]}]}},"_links":{"self":[{"href":"https:\/\/biospa.ee\/vanaveeb2026\/wp-json\/wp\/v2\/product\/34704","targetHints":{"allow":["GET"]}}],"collection":[{"href":"https:\/\/biospa.ee\/vanaveeb2026\/wp-json\/wp\/v2\/product"}],"about":[{"href":"https:\/\/biospa.ee\/vanaveeb2026\/wp-json\/wp\/v2\/types\/product"}],"wp:featuredmedia":[{"embeddable":true,"href":"https:\/\/biospa.ee\/vanaveeb2026\/wp-json\/wp\/v2\/media\/96730"}],"wp:attachment":[{"href":"https:\/\/biospa.ee\/vanaveeb2026\/wp-json\/wp\/v2\/media?parent=34704"}],"wp:term":[{"taxonomy":"product_brand","embeddable":true,"href":"https:\/\/biospa.ee\/vanaveeb2026\/wp-json\/wp\/v2\/product_brand?post=34704"},{"taxonomy":"product_cat","embeddable":true,"href":"https:\/\/biospa.ee\/vanaveeb2026\/wp-json\/wp\/v2\/product_cat?post=34704"},{"taxonomy":"product_tag","embeddable":true,"href":"https:\/\/biospa.ee\/vanaveeb2026\/wp-json\/wp\/v2\/product_tag?post=34704"}],"curies":[{"name":"wp","href":"https:\/\/api.w.org\/{rel}","templated":true}]}}