{"id":93174,"date":"2025-03-12T13:29:47","date_gmt":"2025-03-12T11:29:47","guid":{"rendered":"https:\/\/biospa.ee\/vanaveeb2026\/?post_type=product&#038;p=93174"},"modified":"2025-09-08T12:33:27","modified_gmt":"2025-09-08T09:33:27","slug":"mikrobioomiuuring","status":"publish","type":"product","link":"https:\/\/biospa.ee\/vanaveeb2026\/toode\/mikrobioomiuuring\/","title":{"rendered":"Mikrobioomiuuring-kodune test+ konsultatsioon"},"content":{"rendered":"<div class=\"fusion-text fusion-text-1\">\n<div class=\"fusion-text fusion-text-1\">\n<p data-start=\"0\" data-end=\"406\">Meie laboriuuringud arenevad pidevalt ja ka sooleanal\u00fc\u00fcside valdkonnas on BIOVIS-il innovatiivseid arenguid. Seet\u00f5ttu on eriti mikrobioomi uuringutes mitmeid asju, mis v\u00f5ivad aidata teil teed tervislikuma k\u00f5hutunde poole. Mikrobioomi anal\u00fc\u00fcsi abil on meil laboris v\u00f5imalik saada v\u00e4\u00e4rtuslikku teavet soole olukorra kohta. Uuringu kaudu saab tuvastada mikrobioomi tasakaalu h\u00e4ireid, mida saab seej\u00e4rel ravida.<\/p>\n<p data-start=\"408\" data-end=\"822\" data-is-last-node=\"\" data-is-only-node=\"\">Esmalt tekib k\u00fcsimus, mis see mikrobioom \u00fcldse on ja kuidas see meie keha m\u00f5jutab. Mikrobioomiks m\u00f5istame k\u00f5iki mikroorganisme, mis elavad inimesel nii kehal kui ka kehas. Meie seedetraktis elab triljoneid mikroorganisme, mis koos moodustavad soolemikrobioomi. K\u00f5ik soolebakterid ei avalda positiivset m\u00f5ju meie tervisele, seet\u00f5ttu v\u00f5ib kaitsvate ja kahjulike bakterite tasakaalu h\u00e4ire p\u00f5hjustada terviseprobleeme.<\/p>\n<p>Seedimine: Raskesti seeditavate s\u00fcsivesikute ja kiudainete seedimist toetavad soolebakterid. Lisaks muundavad nad kiudaineid l\u00fchenenud ahelaga rasvhapeteks. Need toimivad energiaallikana soolerakkudele ja soodustavad sooleliikumist.<br data-start=\"232\" data-end=\"235\" \/>Vitamiinide tootmine: Meie soolebakterid toodavad erinevaid vitamiine, mis aitavad igap\u00e4evaselt toitumist. Nendeks on B1-, B2- ja B6-vitamiin ning K-vitamiin.<br data-start=\"393\" data-end=\"396\" \/>Detoksikatsioon: M\u00f5ned soolebakterid suudavad neutraliseerida m\u00fcrgiseid aineid. Seega m\u00e4ngib mikrobioom rolli ka keskkonnap\u00fchtide kemikaalide detoksikatsioonis.<br data-start=\"556\" data-end=\"559\" \/>Immuun\u00fcsteem: Meie soolelimaskesta soolebakterid toimivad mikrobiaalse barj\u00e4\u00e4rina haigusekandjate vastu, mis v\u00f5ivad sattuda seedetrakti. Seega takistavad nad ohtlike patogeenide tungimist kehasse. Lisaks v\u00f5ib l\u00fchenenud ahelaga rasvhapete kaudu soole l\u00e4bilaskvust haigustekitajate jaoks v\u00e4hendada.<\/p>\n<p data-start=\"0\" data-end=\"223\">Kui oleme pikka aega kokkupuutes ebatervisliku terviseseisundiga, v\u00f5ib m\u00f5nikord tekkida mulje, et see on normaalne. Kuid meie soolestik annab igap\u00e4evaelus sageli vihjeid ebatervisliku eluviisi kohta, mida tuleks arvestada.<\/p>\n<p data-start=\"225\" data-end=\"665\" data-is-last-node=\"\" data-is-only-node=\"\">Selged s\u00fcmptomid on sagedased gaasid, krambid, seedeh\u00e4ired, raskendatud sooleliikumine v\u00f5i ka puhitus. Kuigi paisunud k\u00f5ht pole aeg-ajalt midagi ebatavalist, v\u00f5ib see siiski viidata toidutalumatusele ja seega anda j\u00e4reldusi meie \u00fcldise terviseseisundi kohta. Kuna k\u00f5ik meie kehas on omavahel seotud, v\u00f5ivad sooleprobleemid v\u00e4ljenduda ka teistes organites \u2013 n\u00e4iteks v\u00f5ib \u00e4rritunud nahk viidata gluteenitalumatusele v\u00f5i sarnasele probleemile.<\/p>\n<p>&nbsp;<\/p>\n<\/div>\n<\/div>\n","protected":false},"excerpt":{"rendered":"<p>MIKROBIOOM- MEIE SOOLE ELANIKUD.<\/p>\n<p>Meie soole tervis on tihedalt seotud meie \u00fcldise heaoluga. Sageli annab meie soolestiku sisemus juba m\u00e4rke h\u00e4iretest ja haigustest, kaua enne, kui me need ise m\u00e4rkame. Stress, ebatervislik toitumine ja eluviis v\u00f5ivad aga h\u00e4irida meie soolestiku ja seal elavate soolebakterite tundlikku tasakaalu, mis omakorda v\u00f5ib avaldada olulist m\u00f5ju meie tervisele. Mikroorganismide kogum, mis elab inimese peal ja sees, nimetatakse mikrobiomiks. Meie seedetraktis elab triljoneid mikroorganisme, mis kokku moodustavad soolemikrobiomi. K\u00f5ik soolebakterid ei m\u00f5juta positiivselt meie tervist, seet\u00f5ttu v\u00f5ib kaitsvate ja kahjulike bakterite tasakaalu h\u00e4ire p\u00f5hjustada terviseprobleeme.<\/p>\n<p>&nbsp;<\/p>\n","protected":false},"featured_media":93494,"template":"","meta":[],"product_brand":[],"product_cat":[295],"product_tag":[],"class_list":{"0":"post-93174","1":"product","2":"type-product","3":"status-publish","4":"has-post-thumbnail","6":"product_cat-testid-uuringud","8":"first","9":"instock","10":"purchasable","11":"product-type-simple"},"yoast_head":"<!-- This site is optimized with the Yoast SEO plugin v27.3 - https:\/\/yoast.com\/product\/yoast-seo-wordpress\/ -->\n<title>Mikrobioomiuuring-kodune test+ konsultatsioon - Loodus BioSpa<\/title>\n<meta name=\"robots\" content=\"index, follow, max-snippet:-1, max-image-preview:large, max-video-preview:-1\" \/>\n<link rel=\"canonical\" href=\"https:\/\/biospa.ee\/vanaveeb2026\/toode\/mikrobioomiuuring\/\" \/>\n<meta property=\"og:locale\" content=\"et_EE\" \/>\n<meta property=\"og:type\" content=\"article\" \/>\n<meta property=\"og:title\" content=\"Mikrobioomiuuring-kodune test+ konsultatsioon - Loodus BioSpa\" \/>\n<meta property=\"og:description\" content=\"MIKROBIOOM- MEIE SOOLE ELANIKUD.  Meie soole tervis on tihedalt seotud meie \u00fcldise heaoluga. Sageli annab meie soolestiku sisemus juba m\u00e4rke h\u00e4iretest ja haigustest, kaua enne, kui me need ise m\u00e4rkame. Stress, ebatervislik toitumine ja eluviis v\u00f5ivad aga h\u00e4irida meie soolestiku ja seal elavate soolebakterite tundlikku tasakaalu, mis omakorda v\u00f5ib avaldada olulist m\u00f5ju meie tervisele. Mikroorganismide kogum, mis elab inimese peal ja sees, nimetatakse mikrobiomiks. Meie seedetraktis elab triljoneid mikroorganisme, mis kokku moodustavad soolemikrobiomi. K\u00f5ik soolebakterid ei m\u00f5juta positiivselt meie tervist, seet\u00f5ttu v\u00f5ib kaitsvate ja kahjulike bakterite tasakaalu h\u00e4ire p\u00f5hjustada terviseprobleeme.  &nbsp;\" \/>\n<meta property=\"og:url\" content=\"https:\/\/biospa.ee\/vanaveeb2026\/toode\/mikrobioomiuuring\/\" \/>\n<meta property=\"og:site_name\" content=\"Loodus BioSpa\" \/>\n<meta property=\"article:publisher\" content=\"https:\/\/www.facebook.com\/LoodusBioSpa\/\" \/>\n<meta property=\"article:modified_time\" content=\"2025-09-08T09:33:27+00:00\" \/>\n<meta property=\"og:image\" content=\"https:\/\/biospa.ee\/vanaveeb2026\/wp-content\/uploads\/2025\/03\/E-POOD-TOOTED-2-1.jpg\" \/>\n\t<meta property=\"og:image:width\" content=\"1080\" \/>\n\t<meta property=\"og:image:height\" content=\"1080\" \/>\n\t<meta property=\"og:image:type\" content=\"image\/jpeg\" \/>\n<meta name=\"twitter:card\" content=\"summary_large_image\" \/>\n<meta name=\"twitter:label1\" content=\"Est. reading time\" \/>\n\t<meta name=\"twitter:data1\" content=\"2 minutit\" \/>\n<script type=\"application\/ld+json\" class=\"yoast-schema-graph\">{\"@context\":\"https:\\\/\\\/schema.org\",\"@graph\":[{\"@type\":\"WebPage\",\"@id\":\"https:\\\/\\\/biospa.ee\\\/vanaveeb2026\\\/toode\\\/mikrobioomiuuring\\\/\",\"url\":\"https:\\\/\\\/biospa.ee\\\/vanaveeb2026\\\/toode\\\/mikrobioomiuuring\\\/\",\"name\":\"Mikrobioomiuuring-kodune test+ konsultatsioon - Loodus BioSpa\",\"isPartOf\":{\"@id\":\"https:\\\/\\\/biospa.ee\\\/vanaveeb2026\\\/#website\"},\"primaryImageOfPage\":{\"@id\":\"https:\\\/\\\/biospa.ee\\\/vanaveeb2026\\\/toode\\\/mikrobioomiuuring\\\/#primaryimage\"},\"image\":{\"@id\":\"https:\\\/\\\/biospa.ee\\\/vanaveeb2026\\\/toode\\\/mikrobioomiuuring\\\/#primaryimage\"},\"thumbnailUrl\":\"https:\\\/\\\/biospa.ee\\\/vanaveeb2026\\\/wp-content\\\/uploads\\\/2025\\\/03\\\/E-POOD-TOOTED-2-1.jpg\",\"datePublished\":\"2025-03-12T11:29:47+00:00\",\"dateModified\":\"2025-09-08T09:33:27+00:00\",\"breadcrumb\":{\"@id\":\"https:\\\/\\\/biospa.ee\\\/vanaveeb2026\\\/toode\\\/mikrobioomiuuring\\\/#breadcrumb\"},\"inLanguage\":\"et\",\"potentialAction\":[{\"@type\":\"ReadAction\",\"target\":[\"https:\\\/\\\/biospa.ee\\\/vanaveeb2026\\\/toode\\\/mikrobioomiuuring\\\/\"]}]},{\"@type\":\"ImageObject\",\"inLanguage\":\"et\",\"@id\":\"https:\\\/\\\/biospa.ee\\\/vanaveeb2026\\\/toode\\\/mikrobioomiuuring\\\/#primaryimage\",\"url\":\"https:\\\/\\\/biospa.ee\\\/vanaveeb2026\\\/wp-content\\\/uploads\\\/2025\\\/03\\\/E-POOD-TOOTED-2-1.jpg\",\"contentUrl\":\"https:\\\/\\\/biospa.ee\\\/vanaveeb2026\\\/wp-content\\\/uploads\\\/2025\\\/03\\\/E-POOD-TOOTED-2-1.jpg\",\"width\":1080,\"height\":1080},{\"@type\":\"BreadcrumbList\",\"@id\":\"https:\\\/\\\/biospa.ee\\\/vanaveeb2026\\\/toode\\\/mikrobioomiuuring\\\/#breadcrumb\",\"itemListElement\":[{\"@type\":\"ListItem\",\"position\":1,\"name\":\"Home\",\"item\":\"https:\\\/\\\/biospa.ee\\\/vanaveeb2026\\\/\"},{\"@type\":\"ListItem\",\"position\":2,\"name\":\"Pood\",\"item\":\"https:\\\/\\\/biospa.ee\\\/vanaveeb2026\\\/pood\\\/\"},{\"@type\":\"ListItem\",\"position\":3,\"name\":\"Mikrobioomiuuring-kodune test+ konsultatsioon\"}]},{\"@type\":\"WebSite\",\"@id\":\"https:\\\/\\\/biospa.ee\\\/vanaveeb2026\\\/#website\",\"url\":\"https:\\\/\\\/biospa.ee\\\/vanaveeb2026\\\/\",\"name\":\"Loodus BioSpa\",\"description\":\"Loodus BioSpa\",\"publisher\":{\"@id\":\"https:\\\/\\\/biospa.ee\\\/vanaveeb2026\\\/#organization\"},\"potentialAction\":[{\"@type\":\"SearchAction\",\"target\":{\"@type\":\"EntryPoint\",\"urlTemplate\":\"https:\\\/\\\/biospa.ee\\\/vanaveeb2026\\\/?s={search_term_string}\"},\"query-input\":{\"@type\":\"PropertyValueSpecification\",\"valueRequired\":true,\"valueName\":\"search_term_string\"}}],\"inLanguage\":\"et\"},{\"@type\":\"Organization\",\"@id\":\"https:\\\/\\\/biospa.ee\\\/vanaveeb2026\\\/#organization\",\"name\":\"Tesmasan O\u00dc\",\"url\":\"https:\\\/\\\/biospa.ee\\\/vanaveeb2026\\\/\",\"logo\":{\"@type\":\"ImageObject\",\"inLanguage\":\"et\",\"@id\":\"https:\\\/\\\/biospa.ee\\\/vanaveeb2026\\\/#\\\/schema\\\/logo\\\/image\\\/\",\"url\":\"https:\\\/\\\/biospa.ee\\\/vanaveeb2026\\\/vanaveeb2026\\\/wp-content\\\/uploads\\\/2023\\\/06\\\/BioSpa-loggo-est1-0-143.png\",\"contentUrl\":\"https:\\\/\\\/biospa.ee\\\/vanaveeb2026\\\/vanaveeb2026\\\/wp-content\\\/uploads\\\/2023\\\/06\\\/BioSpa-loggo-est1-0-143.png\",\"width\":143,\"height\":59,\"caption\":\"Tesmasan O\u00dc\"},\"image\":{\"@id\":\"https:\\\/\\\/biospa.ee\\\/vanaveeb2026\\\/#\\\/schema\\\/logo\\\/image\\\/\"},\"sameAs\":[\"https:\\\/\\\/www.facebook.com\\\/LoodusBioSpa\\\/\",\"https:\\\/\\\/www.instagram.com\\\/loodusbiospa\\\/\"]}]}<\/script>\n<!-- \/ Yoast SEO plugin. -->","yoast_head_json":{"title":"Mikrobioomiuuring-kodune test+ konsultatsioon - Loodus BioSpa","robots":{"index":"index","follow":"follow","max-snippet":"max-snippet:-1","max-image-preview":"max-image-preview:large","max-video-preview":"max-video-preview:-1"},"canonical":"https:\/\/biospa.ee\/vanaveeb2026\/toode\/mikrobioomiuuring\/","og_locale":"et_EE","og_type":"article","og_title":"Mikrobioomiuuring-kodune test+ konsultatsioon - Loodus BioSpa","og_description":"MIKROBIOOM- MEIE SOOLE ELANIKUD.  Meie soole tervis on tihedalt seotud meie \u00fcldise heaoluga. Sageli annab meie soolestiku sisemus juba m\u00e4rke h\u00e4iretest ja haigustest, kaua enne, kui me need ise m\u00e4rkame. Stress, ebatervislik toitumine ja eluviis v\u00f5ivad aga h\u00e4irida meie soolestiku ja seal elavate soolebakterite tundlikku tasakaalu, mis omakorda v\u00f5ib avaldada olulist m\u00f5ju meie tervisele. Mikroorganismide kogum, mis elab inimese peal ja sees, nimetatakse mikrobiomiks. Meie seedetraktis elab triljoneid mikroorganisme, mis kokku moodustavad soolemikrobiomi. K\u00f5ik soolebakterid ei m\u00f5juta positiivselt meie tervist, seet\u00f5ttu v\u00f5ib kaitsvate ja kahjulike bakterite tasakaalu h\u00e4ire p\u00f5hjustada terviseprobleeme.  &nbsp;","og_url":"https:\/\/biospa.ee\/vanaveeb2026\/toode\/mikrobioomiuuring\/","og_site_name":"Loodus BioSpa","article_publisher":"https:\/\/www.facebook.com\/LoodusBioSpa\/","article_modified_time":"2025-09-08T09:33:27+00:00","og_image":[{"width":1080,"height":1080,"url":"https:\/\/biospa.ee\/vanaveeb2026\/wp-content\/uploads\/2025\/03\/E-POOD-TOOTED-2-1.jpg","type":"image\/jpeg"}],"twitter_card":"summary_large_image","twitter_misc":{"Est. reading time":"2 minutit"},"schema":{"@context":"https:\/\/schema.org","@graph":[{"@type":"WebPage","@id":"https:\/\/biospa.ee\/vanaveeb2026\/toode\/mikrobioomiuuring\/","url":"https:\/\/biospa.ee\/vanaveeb2026\/toode\/mikrobioomiuuring\/","name":"Mikrobioomiuuring-kodune test+ konsultatsioon - Loodus BioSpa","isPartOf":{"@id":"https:\/\/biospa.ee\/vanaveeb2026\/#website"},"primaryImageOfPage":{"@id":"https:\/\/biospa.ee\/vanaveeb2026\/toode\/mikrobioomiuuring\/#primaryimage"},"image":{"@id":"https:\/\/biospa.ee\/vanaveeb2026\/toode\/mikrobioomiuuring\/#primaryimage"},"thumbnailUrl":"https:\/\/biospa.ee\/vanaveeb2026\/wp-content\/uploads\/2025\/03\/E-POOD-TOOTED-2-1.jpg","datePublished":"2025-03-12T11:29:47+00:00","dateModified":"2025-09-08T09:33:27+00:00","breadcrumb":{"@id":"https:\/\/biospa.ee\/vanaveeb2026\/toode\/mikrobioomiuuring\/#breadcrumb"},"inLanguage":"et","potentialAction":[{"@type":"ReadAction","target":["https:\/\/biospa.ee\/vanaveeb2026\/toode\/mikrobioomiuuring\/"]}]},{"@type":"ImageObject","inLanguage":"et","@id":"https:\/\/biospa.ee\/vanaveeb2026\/toode\/mikrobioomiuuring\/#primaryimage","url":"https:\/\/biospa.ee\/vanaveeb2026\/wp-content\/uploads\/2025\/03\/E-POOD-TOOTED-2-1.jpg","contentUrl":"https:\/\/biospa.ee\/vanaveeb2026\/wp-content\/uploads\/2025\/03\/E-POOD-TOOTED-2-1.jpg","width":1080,"height":1080},{"@type":"BreadcrumbList","@id":"https:\/\/biospa.ee\/vanaveeb2026\/toode\/mikrobioomiuuring\/#breadcrumb","itemListElement":[{"@type":"ListItem","position":1,"name":"Home","item":"https:\/\/biospa.ee\/vanaveeb2026\/"},{"@type":"ListItem","position":2,"name":"Pood","item":"https:\/\/biospa.ee\/vanaveeb2026\/pood\/"},{"@type":"ListItem","position":3,"name":"Mikrobioomiuuring-kodune test+ konsultatsioon"}]},{"@type":"WebSite","@id":"https:\/\/biospa.ee\/vanaveeb2026\/#website","url":"https:\/\/biospa.ee\/vanaveeb2026\/","name":"Loodus BioSpa","description":"Loodus BioSpa","publisher":{"@id":"https:\/\/biospa.ee\/vanaveeb2026\/#organization"},"potentialAction":[{"@type":"SearchAction","target":{"@type":"EntryPoint","urlTemplate":"https:\/\/biospa.ee\/vanaveeb2026\/?s={search_term_string}"},"query-input":{"@type":"PropertyValueSpecification","valueRequired":true,"valueName":"search_term_string"}}],"inLanguage":"et"},{"@type":"Organization","@id":"https:\/\/biospa.ee\/vanaveeb2026\/#organization","name":"Tesmasan O\u00dc","url":"https:\/\/biospa.ee\/vanaveeb2026\/","logo":{"@type":"ImageObject","inLanguage":"et","@id":"https:\/\/biospa.ee\/vanaveeb2026\/#\/schema\/logo\/image\/","url":"https:\/\/biospa.ee\/vanaveeb2026\/vanaveeb2026\/wp-content\/uploads\/2023\/06\/BioSpa-loggo-est1-0-143.png","contentUrl":"https:\/\/biospa.ee\/vanaveeb2026\/vanaveeb2026\/wp-content\/uploads\/2023\/06\/BioSpa-loggo-est1-0-143.png","width":143,"height":59,"caption":"Tesmasan O\u00dc"},"image":{"@id":"https:\/\/biospa.ee\/vanaveeb2026\/#\/schema\/logo\/image\/"},"sameAs":["https:\/\/www.facebook.com\/LoodusBioSpa\/","https:\/\/www.instagram.com\/loodusbiospa\/"]}]}},"_links":{"self":[{"href":"https:\/\/biospa.ee\/vanaveeb2026\/wp-json\/wp\/v2\/product\/93174","targetHints":{"allow":["GET"]}}],"collection":[{"href":"https:\/\/biospa.ee\/vanaveeb2026\/wp-json\/wp\/v2\/product"}],"about":[{"href":"https:\/\/biospa.ee\/vanaveeb2026\/wp-json\/wp\/v2\/types\/product"}],"wp:featuredmedia":[{"embeddable":true,"href":"https:\/\/biospa.ee\/vanaveeb2026\/wp-json\/wp\/v2\/media\/93494"}],"wp:attachment":[{"href":"https:\/\/biospa.ee\/vanaveeb2026\/wp-json\/wp\/v2\/media?parent=93174"}],"wp:term":[{"taxonomy":"product_brand","embeddable":true,"href":"https:\/\/biospa.ee\/vanaveeb2026\/wp-json\/wp\/v2\/product_brand?post=93174"},{"taxonomy":"product_cat","embeddable":true,"href":"https:\/\/biospa.ee\/vanaveeb2026\/wp-json\/wp\/v2\/product_cat?post=93174"},{"taxonomy":"product_tag","embeddable":true,"href":"https:\/\/biospa.ee\/vanaveeb2026\/wp-json\/wp\/v2\/product_tag?post=93174"}],"curies":[{"name":"wp","href":"https:\/\/api.w.org\/{rel}","templated":true}]}}