{"id":93928,"date":"2025-07-07T12:50:33","date_gmt":"2025-07-07T09:50:33","guid":{"rendered":"https:\/\/biospa.ee\/vanaveeb2026\/?post_type=product&#038;p=93928"},"modified":"2026-04-14T13:00:41","modified_gmt":"2026-04-14T10:00:41","slug":"21-paevane-kodune-tervise-ja-ilu-detokspakett","status":"publish","type":"product","link":"https:\/\/biospa.ee\/vanaveeb2026\/toode\/21-paevane-kodune-tervise-ja-ilu-detokspakett\/","title":{"rendered":"UUS! Upgraders\u00ae 21-p\u00e4eva kaalulangetuse programm"},"content":{"rendered":"","protected":false},"excerpt":{"rendered":"<blockquote>\n<div>\n<div>\n<div dir=\"auto\">\n<div dir=\"auto\">\n<div>\n<p>See meditsiinilise kvaliteediga kodune ainevahetuse restart-programm ei toeta mitte ainult kaalulangust ja \u00fcldist tervist, vaid pakub ka anti-aging eeliseid \u2013 puhastades rakutasandil, taastades ainevahetuse loomuliku tasakaalu ning k\u00e4ivitades uuesti keha enda isetervenemise mehhanismid.<\/p>\n<p>Inspiratsiooni saanud Austria legendaarse arsti Dr. Franz Xaver Mayri eksklusiivsetest kliinikuprogrammidest, on see t\u00f5hus meetod n\u00fc\u00fcd kohandatud koduseks kasutamiseks \u2013 v\u00f5imaldades saavutada kliiniku tasemel tulemusi mugavalt oma kodus.<\/p>\n<p><strong>Komplekt sisaldab:<\/strong><\/p>\n<p>\u2705\u00a0<strong>5 kontsentreeritud, t\u00f5husat ja 100% looduslikku toidulisandit<\/strong>, mis sisaldavad unikaalseid bioaktiivseid toitainete segusid: magneesiumtsitraat, aluselised mineraalid, bitterid ja ens\u00fc\u00fcmid, multivitamiinid, pre- ja probiootikumid. K\u00f5ik tooted on valmistatud Alpides k\u00f5rgeima puhtuse ja imendumisv\u00f5imega, arendatud Austria arstide poolt.<br \/>\n<strong><br \/>\n<\/strong><\/p>\n<p><strong>Toetab t\u00f5husalt:<\/strong><\/p>\n<ul>\n<li>Detoksi ja soolestiku puhastust<\/li>\n<li>Ainevahetuse tasakaalustamist<\/li>\n<li>Isude kontrollimist<\/li>\n<li>Rasvap\u00f5letust<\/li>\n<li>P\u00f5letiku v\u00e4hendamist ja immuunsuse tugevdamist<\/li>\n<\/ul>\n<p>\u2705\u00a0<strong>UPGRADERS\u00ae metoodika juhend<\/strong>\u00a0\u2013 terviklik eluviisijuhis, mis sisaldab detailseid toitumiskavasid, retsepte, intervallpaastumise juhiseid ja kiireid, kuid t\u00f5husaid igap\u00e4evaseid harjumusi, mis toetavad p\u00fcsivaid tulemusi.<\/p>\n<p>\u2705\u00a0<strong>pH-testribad<\/strong>\u00a0\u2013 j\u00e4lgi oma keha happelisuse ja aluselise tasakaalu teekonda parema tervise suunas.<\/p>\n<p><strong>Taasta oma ideaalkaal \u2013 21 p\u00e4evaga!<\/strong><\/p>\n<\/div>\n<\/div>\n<\/div>\n<\/div>\n<\/div>\n<\/blockquote>\n","protected":false},"featured_media":94061,"template":"","meta":[],"product_brand":[],"product_cat":[412,423,427],"product_tag":[],"class_list":{"0":"post-93928","1":"product","2":"type-product","3":"status-publish","4":"has-post-thumbnail","6":"product_cat-uudis-uudis","7":"product_cat-uudis","8":"product_cat-upgraders","10":"first","11":"instock","12":"sale","13":"taxable","14":"shipping-taxable","15":"purchasable","16":"product-type-simple"},"yoast_head":"<!-- This site is optimized with the Yoast SEO plugin v27.3 - https:\/\/yoast.com\/product\/yoast-seo-wordpress\/ -->\n<title>UUS! Upgraders\u00ae 21-p\u00e4eva kaalulangetuse programm - Loodus BioSpa<\/title>\n<meta name=\"robots\" content=\"index, follow, max-snippet:-1, max-image-preview:large, max-video-preview:-1\" \/>\n<link rel=\"canonical\" href=\"https:\/\/biospa.ee\/vanaveeb2026\/toode\/21-paevane-kodune-tervise-ja-ilu-detokspakett\/\" \/>\n<meta property=\"og:locale\" content=\"et_EE\" \/>\n<meta property=\"og:type\" content=\"article\" \/>\n<meta property=\"og:title\" content=\"UUS! Upgraders\u00ae 21-p\u00e4eva kaalulangetuse programm - Loodus BioSpa\" \/>\n<meta property=\"og:description\" content=\"See meditsiinilise kvaliteediga kodune ainevahetuse restart-programm ei toeta mitte ainult kaalulangust ja \u00fcldist tervist, vaid pakub ka anti-aging eeliseid \u2013 puhastades rakutasandil, taastades ainevahetuse loomuliku tasakaalu ning k\u00e4ivitades uuesti keha enda isetervenemise mehhanismid.  Inspiratsiooni saanud Austria legendaarse arsti Dr. Franz Xaver Mayri eksklusiivsetest kliinikuprogrammidest, on see t\u00f5hus meetod n\u00fc\u00fcd kohandatud koduseks kasutamiseks \u2013 v\u00f5imaldades saavutada kliiniku tasemel tulemusi mugavalt oma kodus.  Komplekt sisaldab:  \u2705\u00a05 kontsentreeritud, t\u00f5husat ja 100% looduslikku toidulisandit, mis sisaldavad unikaalseid bioaktiivseid toitainete segusid: magneesiumtsitraat, aluselised mineraalid, bitterid ja ens\u00fc\u00fcmid, multivitamiinid, pre- ja probiootikumid. K\u00f5ik tooted on valmistatud Alpides k\u00f5rgeima puhtuse ja imendumisv\u00f5imega, arendatud Austria arstide poolt.    Toetab t\u00f5husalt:   Detoksi ja soolestiku puhastust  Ainevahetuse tasakaalustamist  Isude kontrollimist  Rasvap\u00f5letust  P\u00f5letiku v\u00e4hendamist ja immuunsuse tugevdamist  \u2705\u00a0UPGRADERS\u00ae metoodika juhend\u00a0\u2013 terviklik eluviisijuhis, mis sisaldab detailseid toitumiskavasid, retsepte, intervallpaastumise juhiseid ja kiireid, kuid t\u00f5husaid igap\u00e4evaseid harjumusi, mis toetavad p\u00fcsivaid tulemusi.  \u2705\u00a0pH-testribad\u00a0\u2013 j\u00e4lgi oma keha happelisuse ja aluselise tasakaalu teekonda parema tervise suunas.  Taasta oma ideaalkaal \u2013 21 p\u00e4evaga!\" \/>\n<meta property=\"og:url\" content=\"https:\/\/biospa.ee\/vanaveeb2026\/toode\/21-paevane-kodune-tervise-ja-ilu-detokspakett\/\" \/>\n<meta property=\"og:site_name\" content=\"Loodus BioSpa\" \/>\n<meta property=\"article:publisher\" content=\"https:\/\/www.facebook.com\/LoodusBioSpa\/\" \/>\n<meta property=\"article:modified_time\" content=\"2026-04-14T10:00:41+00:00\" \/>\n<meta property=\"og:image\" content=\"https:\/\/biospa.ee\/vanaveeb2026\/wp-content\/uploads\/2025\/07\/21day-set-English-1-scaled.jpg\" \/>\n\t<meta property=\"og:image:width\" content=\"2560\" \/>\n\t<meta property=\"og:image:height\" content=\"2560\" \/>\n\t<meta property=\"og:image:type\" content=\"image\/jpeg\" \/>\n<meta name=\"twitter:card\" content=\"summary_large_image\" \/>\n<meta name=\"twitter:label1\" content=\"Est. reading time\" \/>\n\t<meta name=\"twitter:data1\" content=\"1 minut\" \/>\n<script type=\"application\/ld+json\" class=\"yoast-schema-graph\">{\"@context\":\"https:\\\/\\\/schema.org\",\"@graph\":[{\"@type\":\"WebPage\",\"@id\":\"https:\\\/\\\/biospa.ee\\\/vanaveeb2026\\\/toode\\\/21-paevane-kodune-tervise-ja-ilu-detokspakett\\\/\",\"url\":\"https:\\\/\\\/biospa.ee\\\/vanaveeb2026\\\/toode\\\/21-paevane-kodune-tervise-ja-ilu-detokspakett\\\/\",\"name\":\"UUS! Upgraders\u00ae 21-p\u00e4eva kaalulangetuse programm - Loodus BioSpa\",\"isPartOf\":{\"@id\":\"https:\\\/\\\/biospa.ee\\\/vanaveeb2026\\\/?lang=ru\\\/#website\"},\"primaryImageOfPage\":{\"@id\":\"https:\\\/\\\/biospa.ee\\\/vanaveeb2026\\\/toode\\\/21-paevane-kodune-tervise-ja-ilu-detokspakett\\\/#primaryimage\"},\"image\":{\"@id\":\"https:\\\/\\\/biospa.ee\\\/vanaveeb2026\\\/toode\\\/21-paevane-kodune-tervise-ja-ilu-detokspakett\\\/#primaryimage\"},\"thumbnailUrl\":\"https:\\\/\\\/biospa.ee\\\/vanaveeb2026\\\/wp-content\\\/uploads\\\/2025\\\/07\\\/21day-set-English-1-scaled.jpg\",\"datePublished\":\"2025-07-07T09:50:33+00:00\",\"dateModified\":\"2026-04-14T10:00:41+00:00\",\"breadcrumb\":{\"@id\":\"https:\\\/\\\/biospa.ee\\\/vanaveeb2026\\\/toode\\\/21-paevane-kodune-tervise-ja-ilu-detokspakett\\\/#breadcrumb\"},\"inLanguage\":\"et\",\"potentialAction\":[{\"@type\":\"ReadAction\",\"target\":[\"https:\\\/\\\/biospa.ee\\\/vanaveeb2026\\\/toode\\\/21-paevane-kodune-tervise-ja-ilu-detokspakett\\\/\"]}]},{\"@type\":\"ImageObject\",\"inLanguage\":\"et\",\"@id\":\"https:\\\/\\\/biospa.ee\\\/vanaveeb2026\\\/toode\\\/21-paevane-kodune-tervise-ja-ilu-detokspakett\\\/#primaryimage\",\"url\":\"https:\\\/\\\/biospa.ee\\\/vanaveeb2026\\\/wp-content\\\/uploads\\\/2025\\\/07\\\/21day-set-English-1-scaled.jpg\",\"contentUrl\":\"https:\\\/\\\/biospa.ee\\\/vanaveeb2026\\\/wp-content\\\/uploads\\\/2025\\\/07\\\/21day-set-English-1-scaled.jpg\",\"width\":2560,\"height\":2560,\"caption\":\"UPGRADERS 21-p\u00e4evane detoks-komplekt\"},{\"@type\":\"BreadcrumbList\",\"@id\":\"https:\\\/\\\/biospa.ee\\\/vanaveeb2026\\\/toode\\\/21-paevane-kodune-tervise-ja-ilu-detokspakett\\\/#breadcrumb\",\"itemListElement\":[{\"@type\":\"ListItem\",\"position\":1,\"name\":\"Home\",\"item\":\"https:\\\/\\\/biospa.ee\\\/vanaveeb2026\\\/\"},{\"@type\":\"ListItem\",\"position\":2,\"name\":\"Pood\",\"item\":\"https:\\\/\\\/biospa.ee\\\/vanaveeb2026\\\/pood\\\/\"},{\"@type\":\"ListItem\",\"position\":3,\"name\":\"UUS! Upgraders\u00ae 21-p\u00e4eva kaalulangetuse programm\"}]},{\"@type\":\"WebSite\",\"@id\":\"https:\\\/\\\/biospa.ee\\\/vanaveeb2026\\\/?lang=ru\\\/#website\",\"url\":\"https:\\\/\\\/biospa.ee\\\/vanaveeb2026\\\/?lang=ru\\\/\",\"name\":\"Loodus BioSpa\",\"description\":\"Loodus BioSpa\",\"publisher\":{\"@id\":\"https:\\\/\\\/biospa.ee\\\/vanaveeb2026\\\/?lang=ru\\\/#organization\"},\"potentialAction\":[{\"@type\":\"SearchAction\",\"target\":{\"@type\":\"EntryPoint\",\"urlTemplate\":\"https:\\\/\\\/biospa.ee\\\/vanaveeb2026\\\/?lang=ru\\\/?s={search_term_string}\"},\"query-input\":{\"@type\":\"PropertyValueSpecification\",\"valueRequired\":true,\"valueName\":\"search_term_string\"}}],\"inLanguage\":\"et\"},{\"@type\":\"Organization\",\"@id\":\"https:\\\/\\\/biospa.ee\\\/vanaveeb2026\\\/?lang=ru\\\/#organization\",\"name\":\"Tesmasan O\u00dc\",\"url\":\"https:\\\/\\\/biospa.ee\\\/vanaveeb2026\\\/?lang=ru\\\/\",\"logo\":{\"@type\":\"ImageObject\",\"inLanguage\":\"et\",\"@id\":\"https:\\\/\\\/biospa.ee\\\/vanaveeb2026\\\/?lang=ru\\\/#\\\/schema\\\/logo\\\/image\\\/\",\"url\":\"https:\\\/\\\/biospa.ee\\\/vanaveeb2026\\\/vanaveeb2026\\\/wp-content\\\/uploads\\\/2023\\\/06\\\/BioSpa-loggo-est1-0-143.png\",\"contentUrl\":\"https:\\\/\\\/biospa.ee\\\/vanaveeb2026\\\/vanaveeb2026\\\/wp-content\\\/uploads\\\/2023\\\/06\\\/BioSpa-loggo-est1-0-143.png\",\"width\":143,\"height\":59,\"caption\":\"Tesmasan O\u00dc\"},\"image\":{\"@id\":\"https:\\\/\\\/biospa.ee\\\/vanaveeb2026\\\/?lang=ru\\\/#\\\/schema\\\/logo\\\/image\\\/\"},\"sameAs\":[\"https:\\\/\\\/www.facebook.com\\\/LoodusBioSpa\\\/\",\"https:\\\/\\\/www.instagram.com\\\/loodusbiospa\\\/\"]}]}<\/script>\n<!-- \/ Yoast SEO plugin. -->","yoast_head_json":{"title":"UUS! Upgraders\u00ae 21-p\u00e4eva kaalulangetuse programm - Loodus BioSpa","robots":{"index":"index","follow":"follow","max-snippet":"max-snippet:-1","max-image-preview":"max-image-preview:large","max-video-preview":"max-video-preview:-1"},"canonical":"https:\/\/biospa.ee\/vanaveeb2026\/toode\/21-paevane-kodune-tervise-ja-ilu-detokspakett\/","og_locale":"et_EE","og_type":"article","og_title":"UUS! Upgraders\u00ae 21-p\u00e4eva kaalulangetuse programm - Loodus BioSpa","og_description":"See meditsiinilise kvaliteediga kodune ainevahetuse restart-programm ei toeta mitte ainult kaalulangust ja \u00fcldist tervist, vaid pakub ka anti-aging eeliseid \u2013 puhastades rakutasandil, taastades ainevahetuse loomuliku tasakaalu ning k\u00e4ivitades uuesti keha enda isetervenemise mehhanismid.  Inspiratsiooni saanud Austria legendaarse arsti Dr. Franz Xaver Mayri eksklusiivsetest kliinikuprogrammidest, on see t\u00f5hus meetod n\u00fc\u00fcd kohandatud koduseks kasutamiseks \u2013 v\u00f5imaldades saavutada kliiniku tasemel tulemusi mugavalt oma kodus.  Komplekt sisaldab:  \u2705\u00a05 kontsentreeritud, t\u00f5husat ja 100% looduslikku toidulisandit, mis sisaldavad unikaalseid bioaktiivseid toitainete segusid: magneesiumtsitraat, aluselised mineraalid, bitterid ja ens\u00fc\u00fcmid, multivitamiinid, pre- ja probiootikumid. K\u00f5ik tooted on valmistatud Alpides k\u00f5rgeima puhtuse ja imendumisv\u00f5imega, arendatud Austria arstide poolt.    Toetab t\u00f5husalt:   Detoksi ja soolestiku puhastust  Ainevahetuse tasakaalustamist  Isude kontrollimist  Rasvap\u00f5letust  P\u00f5letiku v\u00e4hendamist ja immuunsuse tugevdamist  \u2705\u00a0UPGRADERS\u00ae metoodika juhend\u00a0\u2013 terviklik eluviisijuhis, mis sisaldab detailseid toitumiskavasid, retsepte, intervallpaastumise juhiseid ja kiireid, kuid t\u00f5husaid igap\u00e4evaseid harjumusi, mis toetavad p\u00fcsivaid tulemusi.  \u2705\u00a0pH-testribad\u00a0\u2013 j\u00e4lgi oma keha happelisuse ja aluselise tasakaalu teekonda parema tervise suunas.  Taasta oma ideaalkaal \u2013 21 p\u00e4evaga!","og_url":"https:\/\/biospa.ee\/vanaveeb2026\/toode\/21-paevane-kodune-tervise-ja-ilu-detokspakett\/","og_site_name":"Loodus BioSpa","article_publisher":"https:\/\/www.facebook.com\/LoodusBioSpa\/","article_modified_time":"2026-04-14T10:00:41+00:00","og_image":[{"width":2560,"height":2560,"url":"https:\/\/biospa.ee\/vanaveeb2026\/wp-content\/uploads\/2025\/07\/21day-set-English-1-scaled.jpg","type":"image\/jpeg"}],"twitter_card":"summary_large_image","twitter_misc":{"Est. reading time":"1 minut"},"schema":{"@context":"https:\/\/schema.org","@graph":[{"@type":"WebPage","@id":"https:\/\/biospa.ee\/vanaveeb2026\/toode\/21-paevane-kodune-tervise-ja-ilu-detokspakett\/","url":"https:\/\/biospa.ee\/vanaveeb2026\/toode\/21-paevane-kodune-tervise-ja-ilu-detokspakett\/","name":"UUS! Upgraders\u00ae 21-p\u00e4eva kaalulangetuse programm - Loodus BioSpa","isPartOf":{"@id":"https:\/\/biospa.ee\/vanaveeb2026\/?lang=ru\/#website"},"primaryImageOfPage":{"@id":"https:\/\/biospa.ee\/vanaveeb2026\/toode\/21-paevane-kodune-tervise-ja-ilu-detokspakett\/#primaryimage"},"image":{"@id":"https:\/\/biospa.ee\/vanaveeb2026\/toode\/21-paevane-kodune-tervise-ja-ilu-detokspakett\/#primaryimage"},"thumbnailUrl":"https:\/\/biospa.ee\/vanaveeb2026\/wp-content\/uploads\/2025\/07\/21day-set-English-1-scaled.jpg","datePublished":"2025-07-07T09:50:33+00:00","dateModified":"2026-04-14T10:00:41+00:00","breadcrumb":{"@id":"https:\/\/biospa.ee\/vanaveeb2026\/toode\/21-paevane-kodune-tervise-ja-ilu-detokspakett\/#breadcrumb"},"inLanguage":"et","potentialAction":[{"@type":"ReadAction","target":["https:\/\/biospa.ee\/vanaveeb2026\/toode\/21-paevane-kodune-tervise-ja-ilu-detokspakett\/"]}]},{"@type":"ImageObject","inLanguage":"et","@id":"https:\/\/biospa.ee\/vanaveeb2026\/toode\/21-paevane-kodune-tervise-ja-ilu-detokspakett\/#primaryimage","url":"https:\/\/biospa.ee\/vanaveeb2026\/wp-content\/uploads\/2025\/07\/21day-set-English-1-scaled.jpg","contentUrl":"https:\/\/biospa.ee\/vanaveeb2026\/wp-content\/uploads\/2025\/07\/21day-set-English-1-scaled.jpg","width":2560,"height":2560,"caption":"UPGRADERS 21-p\u00e4evane detoks-komplekt"},{"@type":"BreadcrumbList","@id":"https:\/\/biospa.ee\/vanaveeb2026\/toode\/21-paevane-kodune-tervise-ja-ilu-detokspakett\/#breadcrumb","itemListElement":[{"@type":"ListItem","position":1,"name":"Home","item":"https:\/\/biospa.ee\/vanaveeb2026\/"},{"@type":"ListItem","position":2,"name":"Pood","item":"https:\/\/biospa.ee\/vanaveeb2026\/pood\/"},{"@type":"ListItem","position":3,"name":"UUS! Upgraders\u00ae 21-p\u00e4eva kaalulangetuse programm"}]},{"@type":"WebSite","@id":"https:\/\/biospa.ee\/vanaveeb2026\/?lang=ru\/#website","url":"https:\/\/biospa.ee\/vanaveeb2026\/?lang=ru\/","name":"Loodus BioSpa","description":"Loodus BioSpa","publisher":{"@id":"https:\/\/biospa.ee\/vanaveeb2026\/?lang=ru\/#organization"},"potentialAction":[{"@type":"SearchAction","target":{"@type":"EntryPoint","urlTemplate":"https:\/\/biospa.ee\/vanaveeb2026\/?lang=ru\/?s={search_term_string}"},"query-input":{"@type":"PropertyValueSpecification","valueRequired":true,"valueName":"search_term_string"}}],"inLanguage":"et"},{"@type":"Organization","@id":"https:\/\/biospa.ee\/vanaveeb2026\/?lang=ru\/#organization","name":"Tesmasan O\u00dc","url":"https:\/\/biospa.ee\/vanaveeb2026\/?lang=ru\/","logo":{"@type":"ImageObject","inLanguage":"et","@id":"https:\/\/biospa.ee\/vanaveeb2026\/?lang=ru\/#\/schema\/logo\/image\/","url":"https:\/\/biospa.ee\/vanaveeb2026\/vanaveeb2026\/wp-content\/uploads\/2023\/06\/BioSpa-loggo-est1-0-143.png","contentUrl":"https:\/\/biospa.ee\/vanaveeb2026\/vanaveeb2026\/wp-content\/uploads\/2023\/06\/BioSpa-loggo-est1-0-143.png","width":143,"height":59,"caption":"Tesmasan O\u00dc"},"image":{"@id":"https:\/\/biospa.ee\/vanaveeb2026\/?lang=ru\/#\/schema\/logo\/image\/"},"sameAs":["https:\/\/www.facebook.com\/LoodusBioSpa\/","https:\/\/www.instagram.com\/loodusbiospa\/"]}]}},"_links":{"self":[{"href":"https:\/\/biospa.ee\/vanaveeb2026\/wp-json\/wp\/v2\/product\/93928","targetHints":{"allow":["GET"]}}],"collection":[{"href":"https:\/\/biospa.ee\/vanaveeb2026\/wp-json\/wp\/v2\/product"}],"about":[{"href":"https:\/\/biospa.ee\/vanaveeb2026\/wp-json\/wp\/v2\/types\/product"}],"wp:featuredmedia":[{"embeddable":true,"href":"https:\/\/biospa.ee\/vanaveeb2026\/wp-json\/wp\/v2\/media\/94061"}],"wp:attachment":[{"href":"https:\/\/biospa.ee\/vanaveeb2026\/wp-json\/wp\/v2\/media?parent=93928"}],"wp:term":[{"taxonomy":"product_brand","embeddable":true,"href":"https:\/\/biospa.ee\/vanaveeb2026\/wp-json\/wp\/v2\/product_brand?post=93928"},{"taxonomy":"product_cat","embeddable":true,"href":"https:\/\/biospa.ee\/vanaveeb2026\/wp-json\/wp\/v2\/product_cat?post=93928"},{"taxonomy":"product_tag","embeddable":true,"href":"https:\/\/biospa.ee\/vanaveeb2026\/wp-json\/wp\/v2\/product_tag?post=93928"}],"curies":[{"name":"wp","href":"https:\/\/api.w.org\/{rel}","templated":true}]}}