{"id":94675,"date":"2025-10-14T15:56:05","date_gmt":"2025-10-14T12:56:05","guid":{"rendered":"https:\/\/biospa.ee\/vanaveeb2026\/?post_type=product&#038;p=94675"},"modified":"2025-11-14T14:38:48","modified_gmt":"2025-11-14T12:38:48","slug":"upgraders-multivitamiin","status":"publish","type":"product","link":"https:\/\/biospa.ee\/vanaveeb2026\/toode\/upgraders-multivitamiin\/","title":{"rendered":"Upgraders Multivitamiin"},"content":{"rendered":"<p data-start=\"1518\" data-end=\"1644\">Sisaldab B-kompleksi, vitamiine C, A, D, K ja E, aidates tasakaalustada aeglast ainevahetust ja k\u00f5rvaldada toitainete puudust.<\/p>\n<p data-start=\"1646\" data-end=\"1658\"><strong data-start=\"1646\" data-end=\"1658\">T\u00f5husus:<\/strong><\/p>\n<ul data-start=\"1660\" data-end=\"2150\">\n<li data-start=\"1660\" data-end=\"1708\">\n<p data-start=\"1662\" data-end=\"1708\"><strong data-start=\"1662\" data-end=\"1676\">Energiaks:<\/strong>\u00a0B1, B2, B6, biotiin, C-vitamiin<\/p>\n<\/li>\n<li data-start=\"1709\" data-end=\"1796\">\n<p data-start=\"1711\" data-end=\"1796\"><strong data-start=\"1711\" data-end=\"1753\">N\u00e4rvis\u00fcsteemile ja vaimsele tervisele:<\/strong>\u00a0B1, B6, B12, biotiin, folaadid, C-vitamiin<\/p>\n<\/li>\n<li data-start=\"1797\" data-end=\"1829\">\n<p data-start=\"1799\" data-end=\"1829\"><strong data-start=\"1799\" data-end=\"1820\">Immuuns\u00fcsteemile:<\/strong>\u00a0B6, C, D<\/p>\n<\/li>\n<li data-start=\"1830\" data-end=\"1897\">\n<p data-start=\"1832\" data-end=\"1897\"><strong data-start=\"1832\" data-end=\"1844\">Luudele:<\/strong>\u00a0K- ja D-vitamiin (kaltsiumi ja fosfori omastamiseks)<\/p>\n<\/li>\n<li data-start=\"1898\" data-end=\"1952\">\n<p data-start=\"1900\" data-end=\"1952\"><strong data-start=\"1900\" data-end=\"1934\">Homots\u00fcsteiini ainevahetuseks:<\/strong>\u00a0B6, B12, folaadid<\/p>\n<\/li>\n<li data-start=\"1953\" data-end=\"1994\">\n<p data-start=\"1955\" data-end=\"1994\"><strong data-start=\"1955\" data-end=\"1980\">Vaimsele v\u00f5imekusele:<\/strong>\u00a0Pantoteenhape<\/p>\n<\/li>\n<li data-start=\"1995\" data-end=\"2065\">\n<p data-start=\"1997\" data-end=\"2065\"><strong data-start=\"1997\" data-end=\"2013\">Vereloomele:<\/strong>\u00a0B6, B12, folaadid, B2, C (parandab raua imendumist)<\/p>\n<\/li>\n<li data-start=\"2066\" data-end=\"2120\">\n<p data-start=\"2068\" data-end=\"2120\"><strong data-start=\"2068\" data-end=\"2107\">Aminohapete ja valkude ainevahetus:<\/strong>\u00a0B6, folaadid<\/p>\n<\/li>\n<li data-start=\"2121\" data-end=\"2150\">\n<p data-start=\"2123\" data-end=\"2150\"><strong data-start=\"2123\" data-end=\"2138\">N\u00e4gemisele:<\/strong>\u00a0B2-vitamiin<\/p>\n<\/li>\n<\/ul>\n","protected":false},"excerpt":{"rendered":"<p>Tugev immuunsuss\u00fcsteem s\u00f5ltub olulistest toitainetest. See toidulisand sisaldab taimep\u00f5hiseid multivitamiine: B-kompleks, C-vitamiin, A-,D-,K- ja E-vitamiine.<\/p>\n","protected":false},"featured_media":94065,"template":"","meta":[],"product_brand":[],"product_cat":[412,423,427],"product_tag":[328,330],"class_list":{"0":"post-94675","1":"product","2":"type-product","3":"status-publish","4":"has-post-thumbnail","6":"product_cat-uudis-uudis","7":"product_cat-uudis","8":"product_cat-upgraders","9":"product_tag-immuunsus","10":"product_tag-organismi-kaitsevoime","12":"first","13":"instock","14":"taxable","15":"shipping-taxable","16":"purchasable","17":"product-type-simple"},"yoast_head":"<!-- This site is optimized with the Yoast SEO plugin v27.3 - https:\/\/yoast.com\/product\/yoast-seo-wordpress\/ -->\n<title>Upgraders Multivitamiin - Loodus BioSpa<\/title>\n<meta name=\"robots\" content=\"index, follow, max-snippet:-1, max-image-preview:large, max-video-preview:-1\" \/>\n<link rel=\"canonical\" href=\"https:\/\/biospa.ee\/vanaveeb2026\/toode\/upgraders-multivitamiin\/\" \/>\n<meta property=\"og:locale\" content=\"et_EE\" \/>\n<meta property=\"og:type\" content=\"article\" \/>\n<meta property=\"og:title\" content=\"Upgraders Multivitamiin - Loodus BioSpa\" \/>\n<meta property=\"og:description\" content=\"Tugev immuunsuss\u00fcsteem s\u00f5ltub olulistest toitainetest. See toidulisand sisaldab taimep\u00f5hiseid multivitamiine: B-kompleks, C-vitamiin, A-,D-,K- ja E-vitamiine.\" \/>\n<meta property=\"og:url\" content=\"https:\/\/biospa.ee\/vanaveeb2026\/toode\/upgraders-multivitamiin\/\" \/>\n<meta property=\"og:site_name\" content=\"Loodus BioSpa\" \/>\n<meta property=\"article:publisher\" content=\"https:\/\/www.facebook.com\/LoodusBioSpa\/\" \/>\n<meta property=\"article:modified_time\" content=\"2025-11-14T12:38:48+00:00\" \/>\n<meta property=\"og:image\" content=\"https:\/\/biospa.ee\/vanaveeb2026\/wp-content\/uploads\/2025\/07\/multi_nobg-1.png\" \/>\n\t<meta property=\"og:image:width\" content=\"1442\" \/>\n\t<meta property=\"og:image:height\" content=\"2356\" \/>\n\t<meta property=\"og:image:type\" content=\"image\/png\" \/>\n<meta name=\"twitter:card\" content=\"summary_large_image\" \/>\n<script type=\"application\/ld+json\" class=\"yoast-schema-graph\">{\"@context\":\"https:\\\/\\\/schema.org\",\"@graph\":[{\"@type\":\"WebPage\",\"@id\":\"https:\\\/\\\/biospa.ee\\\/vanaveeb2026\\\/toode\\\/upgraders-multivitamiin\\\/\",\"url\":\"https:\\\/\\\/biospa.ee\\\/vanaveeb2026\\\/toode\\\/upgraders-multivitamiin\\\/\",\"name\":\"Upgraders Multivitamiin - Loodus BioSpa\",\"isPartOf\":{\"@id\":\"https:\\\/\\\/biospa.ee\\\/vanaveeb2026\\\/#website\"},\"primaryImageOfPage\":{\"@id\":\"https:\\\/\\\/biospa.ee\\\/vanaveeb2026\\\/toode\\\/upgraders-multivitamiin\\\/#primaryimage\"},\"image\":{\"@id\":\"https:\\\/\\\/biospa.ee\\\/vanaveeb2026\\\/toode\\\/upgraders-multivitamiin\\\/#primaryimage\"},\"thumbnailUrl\":\"https:\\\/\\\/biospa.ee\\\/vanaveeb2026\\\/wp-content\\\/uploads\\\/2025\\\/07\\\/multi_nobg-1.png\",\"datePublished\":\"2025-10-14T12:56:05+00:00\",\"dateModified\":\"2025-11-14T12:38:48+00:00\",\"breadcrumb\":{\"@id\":\"https:\\\/\\\/biospa.ee\\\/vanaveeb2026\\\/toode\\\/upgraders-multivitamiin\\\/#breadcrumb\"},\"inLanguage\":\"et\",\"potentialAction\":[{\"@type\":\"ReadAction\",\"target\":[\"https:\\\/\\\/biospa.ee\\\/vanaveeb2026\\\/toode\\\/upgraders-multivitamiin\\\/\"]}]},{\"@type\":\"ImageObject\",\"inLanguage\":\"et\",\"@id\":\"https:\\\/\\\/biospa.ee\\\/vanaveeb2026\\\/toode\\\/upgraders-multivitamiin\\\/#primaryimage\",\"url\":\"https:\\\/\\\/biospa.ee\\\/vanaveeb2026\\\/wp-content\\\/uploads\\\/2025\\\/07\\\/multi_nobg-1.png\",\"contentUrl\":\"https:\\\/\\\/biospa.ee\\\/vanaveeb2026\\\/wp-content\\\/uploads\\\/2025\\\/07\\\/multi_nobg-1.png\",\"width\":1442,\"height\":2356},{\"@type\":\"BreadcrumbList\",\"@id\":\"https:\\\/\\\/biospa.ee\\\/vanaveeb2026\\\/toode\\\/upgraders-multivitamiin\\\/#breadcrumb\",\"itemListElement\":[{\"@type\":\"ListItem\",\"position\":1,\"name\":\"Home\",\"item\":\"https:\\\/\\\/biospa.ee\\\/vanaveeb2026\\\/\"},{\"@type\":\"ListItem\",\"position\":2,\"name\":\"Pood\",\"item\":\"https:\\\/\\\/biospa.ee\\\/vanaveeb2026\\\/pood\\\/\"},{\"@type\":\"ListItem\",\"position\":3,\"name\":\"Upgraders Multivitamiin\"}]},{\"@type\":\"WebSite\",\"@id\":\"https:\\\/\\\/biospa.ee\\\/vanaveeb2026\\\/#website\",\"url\":\"https:\\\/\\\/biospa.ee\\\/vanaveeb2026\\\/\",\"name\":\"Loodus BioSpa\",\"description\":\"Loodus BioSpa\",\"publisher\":{\"@id\":\"https:\\\/\\\/biospa.ee\\\/vanaveeb2026\\\/#organization\"},\"potentialAction\":[{\"@type\":\"SearchAction\",\"target\":{\"@type\":\"EntryPoint\",\"urlTemplate\":\"https:\\\/\\\/biospa.ee\\\/vanaveeb2026\\\/?s={search_term_string}\"},\"query-input\":{\"@type\":\"PropertyValueSpecification\",\"valueRequired\":true,\"valueName\":\"search_term_string\"}}],\"inLanguage\":\"et\"},{\"@type\":\"Organization\",\"@id\":\"https:\\\/\\\/biospa.ee\\\/vanaveeb2026\\\/#organization\",\"name\":\"Tesmasan O\u00dc\",\"url\":\"https:\\\/\\\/biospa.ee\\\/vanaveeb2026\\\/\",\"logo\":{\"@type\":\"ImageObject\",\"inLanguage\":\"et\",\"@id\":\"https:\\\/\\\/biospa.ee\\\/vanaveeb2026\\\/#\\\/schema\\\/logo\\\/image\\\/\",\"url\":\"https:\\\/\\\/biospa.ee\\\/vanaveeb2026\\\/vanaveeb2026\\\/wp-content\\\/uploads\\\/2023\\\/06\\\/BioSpa-loggo-est1-0-143.png\",\"contentUrl\":\"https:\\\/\\\/biospa.ee\\\/vanaveeb2026\\\/vanaveeb2026\\\/wp-content\\\/uploads\\\/2023\\\/06\\\/BioSpa-loggo-est1-0-143.png\",\"width\":143,\"height\":59,\"caption\":\"Tesmasan O\u00dc\"},\"image\":{\"@id\":\"https:\\\/\\\/biospa.ee\\\/vanaveeb2026\\\/#\\\/schema\\\/logo\\\/image\\\/\"},\"sameAs\":[\"https:\\\/\\\/www.facebook.com\\\/LoodusBioSpa\\\/\",\"https:\\\/\\\/www.instagram.com\\\/loodusbiospa\\\/\"]}]}<\/script>\n<!-- \/ Yoast SEO plugin. -->","yoast_head_json":{"title":"Upgraders Multivitamiin - Loodus BioSpa","robots":{"index":"index","follow":"follow","max-snippet":"max-snippet:-1","max-image-preview":"max-image-preview:large","max-video-preview":"max-video-preview:-1"},"canonical":"https:\/\/biospa.ee\/vanaveeb2026\/toode\/upgraders-multivitamiin\/","og_locale":"et_EE","og_type":"article","og_title":"Upgraders Multivitamiin - Loodus BioSpa","og_description":"Tugev immuunsuss\u00fcsteem s\u00f5ltub olulistest toitainetest. See toidulisand sisaldab taimep\u00f5hiseid multivitamiine: B-kompleks, C-vitamiin, A-,D-,K- ja E-vitamiine.","og_url":"https:\/\/biospa.ee\/vanaveeb2026\/toode\/upgraders-multivitamiin\/","og_site_name":"Loodus BioSpa","article_publisher":"https:\/\/www.facebook.com\/LoodusBioSpa\/","article_modified_time":"2025-11-14T12:38:48+00:00","og_image":[{"width":1442,"height":2356,"url":"https:\/\/biospa.ee\/vanaveeb2026\/wp-content\/uploads\/2025\/07\/multi_nobg-1.png","type":"image\/png"}],"twitter_card":"summary_large_image","schema":{"@context":"https:\/\/schema.org","@graph":[{"@type":"WebPage","@id":"https:\/\/biospa.ee\/vanaveeb2026\/toode\/upgraders-multivitamiin\/","url":"https:\/\/biospa.ee\/vanaveeb2026\/toode\/upgraders-multivitamiin\/","name":"Upgraders Multivitamiin - Loodus BioSpa","isPartOf":{"@id":"https:\/\/biospa.ee\/vanaveeb2026\/#website"},"primaryImageOfPage":{"@id":"https:\/\/biospa.ee\/vanaveeb2026\/toode\/upgraders-multivitamiin\/#primaryimage"},"image":{"@id":"https:\/\/biospa.ee\/vanaveeb2026\/toode\/upgraders-multivitamiin\/#primaryimage"},"thumbnailUrl":"https:\/\/biospa.ee\/vanaveeb2026\/wp-content\/uploads\/2025\/07\/multi_nobg-1.png","datePublished":"2025-10-14T12:56:05+00:00","dateModified":"2025-11-14T12:38:48+00:00","breadcrumb":{"@id":"https:\/\/biospa.ee\/vanaveeb2026\/toode\/upgraders-multivitamiin\/#breadcrumb"},"inLanguage":"et","potentialAction":[{"@type":"ReadAction","target":["https:\/\/biospa.ee\/vanaveeb2026\/toode\/upgraders-multivitamiin\/"]}]},{"@type":"ImageObject","inLanguage":"et","@id":"https:\/\/biospa.ee\/vanaveeb2026\/toode\/upgraders-multivitamiin\/#primaryimage","url":"https:\/\/biospa.ee\/vanaveeb2026\/wp-content\/uploads\/2025\/07\/multi_nobg-1.png","contentUrl":"https:\/\/biospa.ee\/vanaveeb2026\/wp-content\/uploads\/2025\/07\/multi_nobg-1.png","width":1442,"height":2356},{"@type":"BreadcrumbList","@id":"https:\/\/biospa.ee\/vanaveeb2026\/toode\/upgraders-multivitamiin\/#breadcrumb","itemListElement":[{"@type":"ListItem","position":1,"name":"Home","item":"https:\/\/biospa.ee\/vanaveeb2026\/"},{"@type":"ListItem","position":2,"name":"Pood","item":"https:\/\/biospa.ee\/vanaveeb2026\/pood\/"},{"@type":"ListItem","position":3,"name":"Upgraders Multivitamiin"}]},{"@type":"WebSite","@id":"https:\/\/biospa.ee\/vanaveeb2026\/#website","url":"https:\/\/biospa.ee\/vanaveeb2026\/","name":"Loodus BioSpa","description":"Loodus BioSpa","publisher":{"@id":"https:\/\/biospa.ee\/vanaveeb2026\/#organization"},"potentialAction":[{"@type":"SearchAction","target":{"@type":"EntryPoint","urlTemplate":"https:\/\/biospa.ee\/vanaveeb2026\/?s={search_term_string}"},"query-input":{"@type":"PropertyValueSpecification","valueRequired":true,"valueName":"search_term_string"}}],"inLanguage":"et"},{"@type":"Organization","@id":"https:\/\/biospa.ee\/vanaveeb2026\/#organization","name":"Tesmasan O\u00dc","url":"https:\/\/biospa.ee\/vanaveeb2026\/","logo":{"@type":"ImageObject","inLanguage":"et","@id":"https:\/\/biospa.ee\/vanaveeb2026\/#\/schema\/logo\/image\/","url":"https:\/\/biospa.ee\/vanaveeb2026\/vanaveeb2026\/wp-content\/uploads\/2023\/06\/BioSpa-loggo-est1-0-143.png","contentUrl":"https:\/\/biospa.ee\/vanaveeb2026\/vanaveeb2026\/wp-content\/uploads\/2023\/06\/BioSpa-loggo-est1-0-143.png","width":143,"height":59,"caption":"Tesmasan O\u00dc"},"image":{"@id":"https:\/\/biospa.ee\/vanaveeb2026\/#\/schema\/logo\/image\/"},"sameAs":["https:\/\/www.facebook.com\/LoodusBioSpa\/","https:\/\/www.instagram.com\/loodusbiospa\/"]}]}},"_links":{"self":[{"href":"https:\/\/biospa.ee\/vanaveeb2026\/wp-json\/wp\/v2\/product\/94675","targetHints":{"allow":["GET"]}}],"collection":[{"href":"https:\/\/biospa.ee\/vanaveeb2026\/wp-json\/wp\/v2\/product"}],"about":[{"href":"https:\/\/biospa.ee\/vanaveeb2026\/wp-json\/wp\/v2\/types\/product"}],"wp:featuredmedia":[{"embeddable":true,"href":"https:\/\/biospa.ee\/vanaveeb2026\/wp-json\/wp\/v2\/media\/94065"}],"wp:attachment":[{"href":"https:\/\/biospa.ee\/vanaveeb2026\/wp-json\/wp\/v2\/media?parent=94675"}],"wp:term":[{"taxonomy":"product_brand","embeddable":true,"href":"https:\/\/biospa.ee\/vanaveeb2026\/wp-json\/wp\/v2\/product_brand?post=94675"},{"taxonomy":"product_cat","embeddable":true,"href":"https:\/\/biospa.ee\/vanaveeb2026\/wp-json\/wp\/v2\/product_cat?post=94675"},{"taxonomy":"product_tag","embeddable":true,"href":"https:\/\/biospa.ee\/vanaveeb2026\/wp-json\/wp\/v2\/product_tag?post=94675"}],"curies":[{"name":"wp","href":"https:\/\/api.w.org\/{rel}","templated":true}]}}