{"id":94686,"date":"2025-10-15T09:34:28","date_gmt":"2025-10-15T06:34:28","guid":{"rendered":"https:\/\/biospa.ee\/vanaveeb2026\/?post_type=product&#038;p=94686"},"modified":"2025-11-14T14:38:38","modified_gmt":"2025-11-14T12:38:38","slug":"upgraders-bittersenzymes","status":"publish","type":"product","link":"https:\/\/biospa.ee\/vanaveeb2026\/toode\/upgraders-bittersenzymes\/","title":{"rendered":"Upgraders Bitters&#038;Enzymes"},"content":{"rendered":"<ul>\n<li><strong data-start=\"1261\" data-end=\"1286\">M\u00f5ruained ja ens\u00fc\u00fcmid<\/strong> \u2013 parandavad seedimist ja toitainete imendumist<\/li>\n<\/ul>\n","protected":false},"excerpt":{"rendered":"<p>See unikaalne segu toetab seedimist, v\u00e4hendab magusaisusid ja kiirendab ainevahetust, kombneerides taimset p\u00e4ritolu bittereid ja ens\u00fc\u00fcme. Toidulisand toetab maksa, sapip\u00f5ie ja mao loomulikku detoksifikatsiooni.<\/p>\n","protected":false},"featured_media":94045,"template":"","meta":[],"product_brand":[],"product_cat":[412,423,427],"product_tag":[328,330],"class_list":{"0":"post-94686","1":"product","2":"type-product","3":"status-publish","4":"has-post-thumbnail","6":"product_cat-uudis-uudis","7":"product_cat-uudis","8":"product_cat-upgraders","9":"product_tag-immuunsus","10":"product_tag-organismi-kaitsevoime","12":"first","13":"instock","14":"taxable","15":"shipping-taxable","16":"purchasable","17":"product-type-simple"},"yoast_head":"<!-- This site is optimized with the Yoast SEO plugin v27.3 - https:\/\/yoast.com\/product\/yoast-seo-wordpress\/ -->\n<title>Upgraders Bitters&amp;Enzymes - Loodus BioSpa<\/title>\n<meta name=\"robots\" content=\"index, follow, max-snippet:-1, max-image-preview:large, max-video-preview:-1\" \/>\n<link rel=\"canonical\" href=\"https:\/\/biospa.ee\/vanaveeb2026\/toode\/upgraders-bittersenzymes\/\" \/>\n<meta property=\"og:locale\" content=\"et_EE\" \/>\n<meta property=\"og:type\" content=\"article\" \/>\n<meta property=\"og:title\" content=\"Upgraders Bitters&amp;Enzymes - Loodus BioSpa\" \/>\n<meta property=\"og:description\" content=\"See unikaalne segu toetab seedimist, v\u00e4hendab magusaisusid ja kiirendab ainevahetust, kombneerides taimset p\u00e4ritolu bittereid ja ens\u00fc\u00fcme. Toidulisand toetab maksa, sapip\u00f5ie ja mao loomulikku detoksifikatsiooni.\" \/>\n<meta property=\"og:url\" content=\"https:\/\/biospa.ee\/vanaveeb2026\/toode\/upgraders-bittersenzymes\/\" \/>\n<meta property=\"og:site_name\" content=\"Loodus BioSpa\" \/>\n<meta property=\"article:publisher\" content=\"https:\/\/www.facebook.com\/LoodusBioSpa\/\" \/>\n<meta property=\"article:modified_time\" content=\"2025-11-14T12:38:38+00:00\" \/>\n<meta property=\"og:image\" content=\"https:\/\/biospa.ee\/vanaveeb2026\/wp-content\/uploads\/2025\/07\/Bitters_no-bg-1.png\" \/>\n\t<meta property=\"og:image:width\" content=\"1344\" \/>\n\t<meta property=\"og:image:height\" content=\"2367\" \/>\n\t<meta property=\"og:image:type\" content=\"image\/png\" \/>\n<meta name=\"twitter:card\" content=\"summary_large_image\" \/>\n<script type=\"application\/ld+json\" class=\"yoast-schema-graph\">{\"@context\":\"https:\\\/\\\/schema.org\",\"@graph\":[{\"@type\":\"WebPage\",\"@id\":\"https:\\\/\\\/biospa.ee\\\/vanaveeb2026\\\/toode\\\/upgraders-bittersenzymes\\\/\",\"url\":\"https:\\\/\\\/biospa.ee\\\/vanaveeb2026\\\/toode\\\/upgraders-bittersenzymes\\\/\",\"name\":\"Upgraders Bitters&Enzymes - Loodus BioSpa\",\"isPartOf\":{\"@id\":\"https:\\\/\\\/biospa.ee\\\/vanaveeb2026\\\/#website\"},\"primaryImageOfPage\":{\"@id\":\"https:\\\/\\\/biospa.ee\\\/vanaveeb2026\\\/toode\\\/upgraders-bittersenzymes\\\/#primaryimage\"},\"image\":{\"@id\":\"https:\\\/\\\/biospa.ee\\\/vanaveeb2026\\\/toode\\\/upgraders-bittersenzymes\\\/#primaryimage\"},\"thumbnailUrl\":\"https:\\\/\\\/biospa.ee\\\/vanaveeb2026\\\/wp-content\\\/uploads\\\/2025\\\/07\\\/Bitters_no-bg-1.png\",\"datePublished\":\"2025-10-15T06:34:28+00:00\",\"dateModified\":\"2025-11-14T12:38:38+00:00\",\"breadcrumb\":{\"@id\":\"https:\\\/\\\/biospa.ee\\\/vanaveeb2026\\\/toode\\\/upgraders-bittersenzymes\\\/#breadcrumb\"},\"inLanguage\":\"et\",\"potentialAction\":[{\"@type\":\"ReadAction\",\"target\":[\"https:\\\/\\\/biospa.ee\\\/vanaveeb2026\\\/toode\\\/upgraders-bittersenzymes\\\/\"]}]},{\"@type\":\"ImageObject\",\"inLanguage\":\"et\",\"@id\":\"https:\\\/\\\/biospa.ee\\\/vanaveeb2026\\\/toode\\\/upgraders-bittersenzymes\\\/#primaryimage\",\"url\":\"https:\\\/\\\/biospa.ee\\\/vanaveeb2026\\\/wp-content\\\/uploads\\\/2025\\\/07\\\/Bitters_no-bg-1.png\",\"contentUrl\":\"https:\\\/\\\/biospa.ee\\\/vanaveeb2026\\\/wp-content\\\/uploads\\\/2025\\\/07\\\/Bitters_no-bg-1.png\",\"width\":1344,\"height\":2367},{\"@type\":\"BreadcrumbList\",\"@id\":\"https:\\\/\\\/biospa.ee\\\/vanaveeb2026\\\/toode\\\/upgraders-bittersenzymes\\\/#breadcrumb\",\"itemListElement\":[{\"@type\":\"ListItem\",\"position\":1,\"name\":\"Home\",\"item\":\"https:\\\/\\\/biospa.ee\\\/vanaveeb2026\\\/\"},{\"@type\":\"ListItem\",\"position\":2,\"name\":\"Pood\",\"item\":\"https:\\\/\\\/biospa.ee\\\/vanaveeb2026\\\/pood\\\/\"},{\"@type\":\"ListItem\",\"position\":3,\"name\":\"Upgraders Bitters&#038;Enzymes\"}]},{\"@type\":\"WebSite\",\"@id\":\"https:\\\/\\\/biospa.ee\\\/vanaveeb2026\\\/#website\",\"url\":\"https:\\\/\\\/biospa.ee\\\/vanaveeb2026\\\/\",\"name\":\"Loodus BioSpa\",\"description\":\"Loodus BioSpa\",\"publisher\":{\"@id\":\"https:\\\/\\\/biospa.ee\\\/vanaveeb2026\\\/#organization\"},\"potentialAction\":[{\"@type\":\"SearchAction\",\"target\":{\"@type\":\"EntryPoint\",\"urlTemplate\":\"https:\\\/\\\/biospa.ee\\\/vanaveeb2026\\\/?s={search_term_string}\"},\"query-input\":{\"@type\":\"PropertyValueSpecification\",\"valueRequired\":true,\"valueName\":\"search_term_string\"}}],\"inLanguage\":\"et\"},{\"@type\":\"Organization\",\"@id\":\"https:\\\/\\\/biospa.ee\\\/vanaveeb2026\\\/#organization\",\"name\":\"Tesmasan O\u00dc\",\"url\":\"https:\\\/\\\/biospa.ee\\\/vanaveeb2026\\\/\",\"logo\":{\"@type\":\"ImageObject\",\"inLanguage\":\"et\",\"@id\":\"https:\\\/\\\/biospa.ee\\\/vanaveeb2026\\\/#\\\/schema\\\/logo\\\/image\\\/\",\"url\":\"https:\\\/\\\/biospa.ee\\\/vanaveeb2026\\\/vanaveeb2026\\\/wp-content\\\/uploads\\\/2023\\\/06\\\/BioSpa-loggo-est1-0-143.png\",\"contentUrl\":\"https:\\\/\\\/biospa.ee\\\/vanaveeb2026\\\/vanaveeb2026\\\/wp-content\\\/uploads\\\/2023\\\/06\\\/BioSpa-loggo-est1-0-143.png\",\"width\":143,\"height\":59,\"caption\":\"Tesmasan O\u00dc\"},\"image\":{\"@id\":\"https:\\\/\\\/biospa.ee\\\/vanaveeb2026\\\/#\\\/schema\\\/logo\\\/image\\\/\"},\"sameAs\":[\"https:\\\/\\\/www.facebook.com\\\/LoodusBioSpa\\\/\",\"https:\\\/\\\/www.instagram.com\\\/loodusbiospa\\\/\"]}]}<\/script>\n<!-- \/ Yoast SEO plugin. -->","yoast_head_json":{"title":"Upgraders Bitters&Enzymes - Loodus BioSpa","robots":{"index":"index","follow":"follow","max-snippet":"max-snippet:-1","max-image-preview":"max-image-preview:large","max-video-preview":"max-video-preview:-1"},"canonical":"https:\/\/biospa.ee\/vanaveeb2026\/toode\/upgraders-bittersenzymes\/","og_locale":"et_EE","og_type":"article","og_title":"Upgraders Bitters&Enzymes - Loodus BioSpa","og_description":"See unikaalne segu toetab seedimist, v\u00e4hendab magusaisusid ja kiirendab ainevahetust, kombneerides taimset p\u00e4ritolu bittereid ja ens\u00fc\u00fcme. Toidulisand toetab maksa, sapip\u00f5ie ja mao loomulikku detoksifikatsiooni.","og_url":"https:\/\/biospa.ee\/vanaveeb2026\/toode\/upgraders-bittersenzymes\/","og_site_name":"Loodus BioSpa","article_publisher":"https:\/\/www.facebook.com\/LoodusBioSpa\/","article_modified_time":"2025-11-14T12:38:38+00:00","og_image":[{"width":1344,"height":2367,"url":"https:\/\/biospa.ee\/vanaveeb2026\/wp-content\/uploads\/2025\/07\/Bitters_no-bg-1.png","type":"image\/png"}],"twitter_card":"summary_large_image","schema":{"@context":"https:\/\/schema.org","@graph":[{"@type":"WebPage","@id":"https:\/\/biospa.ee\/vanaveeb2026\/toode\/upgraders-bittersenzymes\/","url":"https:\/\/biospa.ee\/vanaveeb2026\/toode\/upgraders-bittersenzymes\/","name":"Upgraders Bitters&Enzymes - Loodus BioSpa","isPartOf":{"@id":"https:\/\/biospa.ee\/vanaveeb2026\/#website"},"primaryImageOfPage":{"@id":"https:\/\/biospa.ee\/vanaveeb2026\/toode\/upgraders-bittersenzymes\/#primaryimage"},"image":{"@id":"https:\/\/biospa.ee\/vanaveeb2026\/toode\/upgraders-bittersenzymes\/#primaryimage"},"thumbnailUrl":"https:\/\/biospa.ee\/vanaveeb2026\/wp-content\/uploads\/2025\/07\/Bitters_no-bg-1.png","datePublished":"2025-10-15T06:34:28+00:00","dateModified":"2025-11-14T12:38:38+00:00","breadcrumb":{"@id":"https:\/\/biospa.ee\/vanaveeb2026\/toode\/upgraders-bittersenzymes\/#breadcrumb"},"inLanguage":"et","potentialAction":[{"@type":"ReadAction","target":["https:\/\/biospa.ee\/vanaveeb2026\/toode\/upgraders-bittersenzymes\/"]}]},{"@type":"ImageObject","inLanguage":"et","@id":"https:\/\/biospa.ee\/vanaveeb2026\/toode\/upgraders-bittersenzymes\/#primaryimage","url":"https:\/\/biospa.ee\/vanaveeb2026\/wp-content\/uploads\/2025\/07\/Bitters_no-bg-1.png","contentUrl":"https:\/\/biospa.ee\/vanaveeb2026\/wp-content\/uploads\/2025\/07\/Bitters_no-bg-1.png","width":1344,"height":2367},{"@type":"BreadcrumbList","@id":"https:\/\/biospa.ee\/vanaveeb2026\/toode\/upgraders-bittersenzymes\/#breadcrumb","itemListElement":[{"@type":"ListItem","position":1,"name":"Home","item":"https:\/\/biospa.ee\/vanaveeb2026\/"},{"@type":"ListItem","position":2,"name":"Pood","item":"https:\/\/biospa.ee\/vanaveeb2026\/pood\/"},{"@type":"ListItem","position":3,"name":"Upgraders Bitters&#038;Enzymes"}]},{"@type":"WebSite","@id":"https:\/\/biospa.ee\/vanaveeb2026\/#website","url":"https:\/\/biospa.ee\/vanaveeb2026\/","name":"Loodus BioSpa","description":"Loodus BioSpa","publisher":{"@id":"https:\/\/biospa.ee\/vanaveeb2026\/#organization"},"potentialAction":[{"@type":"SearchAction","target":{"@type":"EntryPoint","urlTemplate":"https:\/\/biospa.ee\/vanaveeb2026\/?s={search_term_string}"},"query-input":{"@type":"PropertyValueSpecification","valueRequired":true,"valueName":"search_term_string"}}],"inLanguage":"et"},{"@type":"Organization","@id":"https:\/\/biospa.ee\/vanaveeb2026\/#organization","name":"Tesmasan O\u00dc","url":"https:\/\/biospa.ee\/vanaveeb2026\/","logo":{"@type":"ImageObject","inLanguage":"et","@id":"https:\/\/biospa.ee\/vanaveeb2026\/#\/schema\/logo\/image\/","url":"https:\/\/biospa.ee\/vanaveeb2026\/vanaveeb2026\/wp-content\/uploads\/2023\/06\/BioSpa-loggo-est1-0-143.png","contentUrl":"https:\/\/biospa.ee\/vanaveeb2026\/vanaveeb2026\/wp-content\/uploads\/2023\/06\/BioSpa-loggo-est1-0-143.png","width":143,"height":59,"caption":"Tesmasan O\u00dc"},"image":{"@id":"https:\/\/biospa.ee\/vanaveeb2026\/#\/schema\/logo\/image\/"},"sameAs":["https:\/\/www.facebook.com\/LoodusBioSpa\/","https:\/\/www.instagram.com\/loodusbiospa\/"]}]}},"_links":{"self":[{"href":"https:\/\/biospa.ee\/vanaveeb2026\/wp-json\/wp\/v2\/product\/94686","targetHints":{"allow":["GET"]}}],"collection":[{"href":"https:\/\/biospa.ee\/vanaveeb2026\/wp-json\/wp\/v2\/product"}],"about":[{"href":"https:\/\/biospa.ee\/vanaveeb2026\/wp-json\/wp\/v2\/types\/product"}],"wp:featuredmedia":[{"embeddable":true,"href":"https:\/\/biospa.ee\/vanaveeb2026\/wp-json\/wp\/v2\/media\/94045"}],"wp:attachment":[{"href":"https:\/\/biospa.ee\/vanaveeb2026\/wp-json\/wp\/v2\/media?parent=94686"}],"wp:term":[{"taxonomy":"product_brand","embeddable":true,"href":"https:\/\/biospa.ee\/vanaveeb2026\/wp-json\/wp\/v2\/product_brand?post=94686"},{"taxonomy":"product_cat","embeddable":true,"href":"https:\/\/biospa.ee\/vanaveeb2026\/wp-json\/wp\/v2\/product_cat?post=94686"},{"taxonomy":"product_tag","embeddable":true,"href":"https:\/\/biospa.ee\/vanaveeb2026\/wp-json\/wp\/v2\/product_tag?post=94686"}],"curies":[{"name":"wp","href":"https:\/\/api.w.org\/{rel}","templated":true}]}}