{"id":95095,"date":"2025-11-03T08:34:54","date_gmt":"2025-11-03T06:34:54","guid":{"rendered":"https:\/\/biospa.ee\/vanaveeb2026\/product\/95095\/"},"modified":"2026-04-13T14:24:40","modified_gmt":"2026-04-13T11:24:40","slug":"95095","status":"publish","type":"product","link":"https:\/\/biospa.ee\/vanaveeb2026\/toode\/95095\/","title":{"rendered":"Integratiivse toitumisn\u00f5ustaja konsultatsioon"},"content":{"rendered":"<p><strong>Integratiivne toitumisn\u00f5ustamine Liina Molenaars-Trofimovaga<\/strong><\/p>\n<p>Sinu teekond parema tervise poole algab p\u00f5hjaliku <strong>90-minutilise esmase konsultatsiooniga<\/strong>. Selle kohtumise k\u00e4igus s\u00fcveneme p\u00f5hjalikult sinu tervisemuredesse, eesm\u00e4rkidesse ja elustiili. Anal\u00fc\u00fcsin hoolikalt sinu tervise tausta, toitumisharjumusi, eelistusi, p\u00e4evast r\u00fctmi ning v\u00f5imalikke s\u00fcmptomeid v\u00f5i v\u00e4ljakutseid, millega kokku puutud. See detailne hinnang aitab mul selgitada v\u00e4lja mustreid, mis m\u00f5jutavad sinu heaolu ja tervist.<\/p>\n<p>P\u00e4rast konsultatsiooni koostan sulle <strong>personaaliseeritud kirjaliku toitumiskava<\/strong>, mis on kohandatud just sinu vajaduste j\u00e4rgi. See sisaldab praktilisi toitumissoovitusi, elustiilisoovitusi ning vajadusel ka n\u00f5uandeid toidulisandi kasutamiseks, et toetada taastumist ja organismi optimaalset toimimist.<\/p>\n<p><strong>J\u00e4tkukonsultatsioonid<\/strong><br \/>\nKohtume l\u00fchemates j\u00e4tkuseanssides, et hinnata edenemist, arutada kogemusi ja t\u00e4iustada kava vastavalt sinu keha muutustele. Samm-sammult loome koos toitumisstrateegia, mis sobitub loomulikult sinu igap\u00e4evaellu ja toetab p\u00fcsivat muutust.<\/p>\n<p><strong>Keeled:<\/strong> eesti, inglise, vene, hollandi<br \/>\n<strong>Vorm:<\/strong> veebis v\u00f5i kohtumisel Hollandis ja Eestis<\/p>\n<p>Investeeri oma tervisesse juba t\u00e4na \u2013 sest t\u00f5eline heaolu algab keha m\u00f5istmisest ja selle vajaduste kuulamisest.<\/p>\n","protected":false},"excerpt":{"rendered":"<p>Integratiivne toitumisn\u00f5ustamine Liina Molenaars-Trofimovaga Sinu teekond parema tervise poole algab p\u00f5hjaliku 90-minutilise esmase konsultatsiooniga. Selle kohtumise k\u00e4igus s\u00fcveneme p\u00f5hjalikult sinu tervisemuredesse, eesm\u00e4rkidesse ja elustiili. Anal\u00fc\u00fcsin hoolikalt sinu tervise tausta, toitumisharjumusi,  [&#8230;]<\/p>\n","protected":false},"featured_media":95174,"template":"","meta":[],"product_brand":[],"product_cat":[412,294],"product_tag":[],"class_list":{"0":"post-95095","1":"product","2":"type-product","3":"status-publish","4":"has-post-thumbnail","6":"product_cat-uudis-uudis","7":"product_cat-vastuvotud","9":"first","10":"instock","11":"taxable","12":"shipping-taxable","13":"purchasable","14":"product-type-variable"},"yoast_head":"<!-- This site is optimized with the Yoast SEO plugin v27.3 - https:\/\/yoast.com\/product\/yoast-seo-wordpress\/ -->\n<title>Integratiivse toitumisn\u00f5ustaja konsultatsioon - Loodus BioSpa<\/title>\n<meta name=\"robots\" content=\"index, follow, max-snippet:-1, max-image-preview:large, max-video-preview:-1\" \/>\n<link rel=\"canonical\" href=\"https:\/\/biospa.ee\/vanaveeb2026\/toode\/95095\/\" \/>\n<meta property=\"og:locale\" content=\"et_EE\" \/>\n<meta property=\"og:type\" content=\"article\" \/>\n<meta property=\"og:title\" content=\"Integratiivse toitumisn\u00f5ustaja konsultatsioon - Loodus BioSpa\" \/>\n<meta property=\"og:description\" content=\"Integratiivne toitumisn\u00f5ustamine Liina Molenaars-Trofimovaga Sinu teekond parema tervise poole algab p\u00f5hjaliku 90-minutilise esmase konsultatsiooniga. Selle kohtumise k\u00e4igus s\u00fcveneme p\u00f5hjalikult sinu tervisemuredesse, eesm\u00e4rkidesse ja elustiili. Anal\u00fc\u00fcsin hoolikalt sinu tervise tausta, toitumisharjumusi, [...]\" \/>\n<meta property=\"og:url\" content=\"https:\/\/biospa.ee\/vanaveeb2026\/toode\/95095\/\" \/>\n<meta property=\"og:site_name\" content=\"Loodus BioSpa\" \/>\n<meta property=\"article:publisher\" content=\"https:\/\/www.facebook.com\/LoodusBioSpa\/\" \/>\n<meta property=\"article:modified_time\" content=\"2026-04-13T11:24:40+00:00\" \/>\n<meta property=\"og:image\" content=\"https:\/\/biospa.ee\/vanaveeb2026\/wp-content\/uploads\/2025\/11\/E-POOD-TOOTED-17-1.jpg\" \/>\n\t<meta property=\"og:image:width\" content=\"1080\" \/>\n\t<meta property=\"og:image:height\" content=\"1080\" \/>\n\t<meta property=\"og:image:type\" content=\"image\/jpeg\" \/>\n<meta name=\"twitter:card\" content=\"summary_large_image\" \/>\n<meta name=\"twitter:label1\" content=\"Est. reading time\" \/>\n\t<meta name=\"twitter:data1\" content=\"1 minut\" \/>\n<script type=\"application\/ld+json\" class=\"yoast-schema-graph\">{\"@context\":\"https:\\\/\\\/schema.org\",\"@graph\":[{\"@type\":\"WebPage\",\"@id\":\"https:\\\/\\\/biospa.ee\\\/vanaveeb2026\\\/toode\\\/95095\\\/\",\"url\":\"https:\\\/\\\/biospa.ee\\\/vanaveeb2026\\\/toode\\\/95095\\\/\",\"name\":\"Integratiivse toitumisn\u00f5ustaja konsultatsioon - Loodus BioSpa\",\"isPartOf\":{\"@id\":\"https:\\\/\\\/biospa.ee\\\/vanaveeb2026\\\/#website\"},\"primaryImageOfPage\":{\"@id\":\"https:\\\/\\\/biospa.ee\\\/vanaveeb2026\\\/toode\\\/95095\\\/#primaryimage\"},\"image\":{\"@id\":\"https:\\\/\\\/biospa.ee\\\/vanaveeb2026\\\/toode\\\/95095\\\/#primaryimage\"},\"thumbnailUrl\":\"https:\\\/\\\/biospa.ee\\\/vanaveeb2026\\\/wp-content\\\/uploads\\\/2025\\\/11\\\/E-POOD-TOOTED-17-1.jpg\",\"datePublished\":\"2025-11-03T06:34:54+00:00\",\"dateModified\":\"2026-04-13T11:24:40+00:00\",\"breadcrumb\":{\"@id\":\"https:\\\/\\\/biospa.ee\\\/vanaveeb2026\\\/toode\\\/95095\\\/#breadcrumb\"},\"inLanguage\":\"et\",\"potentialAction\":[{\"@type\":\"ReadAction\",\"target\":[\"https:\\\/\\\/biospa.ee\\\/vanaveeb2026\\\/toode\\\/95095\\\/\"]}]},{\"@type\":\"ImageObject\",\"inLanguage\":\"et\",\"@id\":\"https:\\\/\\\/biospa.ee\\\/vanaveeb2026\\\/toode\\\/95095\\\/#primaryimage\",\"url\":\"https:\\\/\\\/biospa.ee\\\/vanaveeb2026\\\/wp-content\\\/uploads\\\/2025\\\/11\\\/E-POOD-TOOTED-17-1.jpg\",\"contentUrl\":\"https:\\\/\\\/biospa.ee\\\/vanaveeb2026\\\/wp-content\\\/uploads\\\/2025\\\/11\\\/E-POOD-TOOTED-17-1.jpg\",\"width\":1080,\"height\":1080},{\"@type\":\"BreadcrumbList\",\"@id\":\"https:\\\/\\\/biospa.ee\\\/vanaveeb2026\\\/toode\\\/95095\\\/#breadcrumb\",\"itemListElement\":[{\"@type\":\"ListItem\",\"position\":1,\"name\":\"Home\",\"item\":\"https:\\\/\\\/biospa.ee\\\/vanaveeb2026\\\/\"},{\"@type\":\"ListItem\",\"position\":2,\"name\":\"Pood\",\"item\":\"https:\\\/\\\/biospa.ee\\\/vanaveeb2026\\\/pood\\\/\"},{\"@type\":\"ListItem\",\"position\":3,\"name\":\"Integratiivse toitumisn\u00f5ustaja konsultatsioon\"}]},{\"@type\":\"WebSite\",\"@id\":\"https:\\\/\\\/biospa.ee\\\/vanaveeb2026\\\/#website\",\"url\":\"https:\\\/\\\/biospa.ee\\\/vanaveeb2026\\\/\",\"name\":\"Loodus BioSpa\",\"description\":\"Loodus BioSpa\",\"publisher\":{\"@id\":\"https:\\\/\\\/biospa.ee\\\/vanaveeb2026\\\/#organization\"},\"potentialAction\":[{\"@type\":\"SearchAction\",\"target\":{\"@type\":\"EntryPoint\",\"urlTemplate\":\"https:\\\/\\\/biospa.ee\\\/vanaveeb2026\\\/?s={search_term_string}\"},\"query-input\":{\"@type\":\"PropertyValueSpecification\",\"valueRequired\":true,\"valueName\":\"search_term_string\"}}],\"inLanguage\":\"et\"},{\"@type\":\"Organization\",\"@id\":\"https:\\\/\\\/biospa.ee\\\/vanaveeb2026\\\/#organization\",\"name\":\"Tesmasan O\u00dc\",\"url\":\"https:\\\/\\\/biospa.ee\\\/vanaveeb2026\\\/\",\"logo\":{\"@type\":\"ImageObject\",\"inLanguage\":\"et\",\"@id\":\"https:\\\/\\\/biospa.ee\\\/vanaveeb2026\\\/#\\\/schema\\\/logo\\\/image\\\/\",\"url\":\"https:\\\/\\\/biospa.ee\\\/vanaveeb2026\\\/vanaveeb2026\\\/wp-content\\\/uploads\\\/2023\\\/06\\\/BioSpa-loggo-est1-0-143.png\",\"contentUrl\":\"https:\\\/\\\/biospa.ee\\\/vanaveeb2026\\\/vanaveeb2026\\\/wp-content\\\/uploads\\\/2023\\\/06\\\/BioSpa-loggo-est1-0-143.png\",\"width\":143,\"height\":59,\"caption\":\"Tesmasan O\u00dc\"},\"image\":{\"@id\":\"https:\\\/\\\/biospa.ee\\\/vanaveeb2026\\\/#\\\/schema\\\/logo\\\/image\\\/\"},\"sameAs\":[\"https:\\\/\\\/www.facebook.com\\\/LoodusBioSpa\\\/\",\"https:\\\/\\\/www.instagram.com\\\/loodusbiospa\\\/\"]}]}<\/script>\n<!-- \/ Yoast SEO plugin. -->","yoast_head_json":{"title":"Integratiivse toitumisn\u00f5ustaja konsultatsioon - Loodus BioSpa","robots":{"index":"index","follow":"follow","max-snippet":"max-snippet:-1","max-image-preview":"max-image-preview:large","max-video-preview":"max-video-preview:-1"},"canonical":"https:\/\/biospa.ee\/vanaveeb2026\/toode\/95095\/","og_locale":"et_EE","og_type":"article","og_title":"Integratiivse toitumisn\u00f5ustaja konsultatsioon - Loodus BioSpa","og_description":"Integratiivne toitumisn\u00f5ustamine Liina Molenaars-Trofimovaga Sinu teekond parema tervise poole algab p\u00f5hjaliku 90-minutilise esmase konsultatsiooniga. Selle kohtumise k\u00e4igus s\u00fcveneme p\u00f5hjalikult sinu tervisemuredesse, eesm\u00e4rkidesse ja elustiili. Anal\u00fc\u00fcsin hoolikalt sinu tervise tausta, toitumisharjumusi, [...]","og_url":"https:\/\/biospa.ee\/vanaveeb2026\/toode\/95095\/","og_site_name":"Loodus BioSpa","article_publisher":"https:\/\/www.facebook.com\/LoodusBioSpa\/","article_modified_time":"2026-04-13T11:24:40+00:00","og_image":[{"width":1080,"height":1080,"url":"https:\/\/biospa.ee\/vanaveeb2026\/wp-content\/uploads\/2025\/11\/E-POOD-TOOTED-17-1.jpg","type":"image\/jpeg"}],"twitter_card":"summary_large_image","twitter_misc":{"Est. reading time":"1 minut"},"schema":{"@context":"https:\/\/schema.org","@graph":[{"@type":"WebPage","@id":"https:\/\/biospa.ee\/vanaveeb2026\/toode\/95095\/","url":"https:\/\/biospa.ee\/vanaveeb2026\/toode\/95095\/","name":"Integratiivse toitumisn\u00f5ustaja konsultatsioon - Loodus BioSpa","isPartOf":{"@id":"https:\/\/biospa.ee\/vanaveeb2026\/#website"},"primaryImageOfPage":{"@id":"https:\/\/biospa.ee\/vanaveeb2026\/toode\/95095\/#primaryimage"},"image":{"@id":"https:\/\/biospa.ee\/vanaveeb2026\/toode\/95095\/#primaryimage"},"thumbnailUrl":"https:\/\/biospa.ee\/vanaveeb2026\/wp-content\/uploads\/2025\/11\/E-POOD-TOOTED-17-1.jpg","datePublished":"2025-11-03T06:34:54+00:00","dateModified":"2026-04-13T11:24:40+00:00","breadcrumb":{"@id":"https:\/\/biospa.ee\/vanaveeb2026\/toode\/95095\/#breadcrumb"},"inLanguage":"et","potentialAction":[{"@type":"ReadAction","target":["https:\/\/biospa.ee\/vanaveeb2026\/toode\/95095\/"]}]},{"@type":"ImageObject","inLanguage":"et","@id":"https:\/\/biospa.ee\/vanaveeb2026\/toode\/95095\/#primaryimage","url":"https:\/\/biospa.ee\/vanaveeb2026\/wp-content\/uploads\/2025\/11\/E-POOD-TOOTED-17-1.jpg","contentUrl":"https:\/\/biospa.ee\/vanaveeb2026\/wp-content\/uploads\/2025\/11\/E-POOD-TOOTED-17-1.jpg","width":1080,"height":1080},{"@type":"BreadcrumbList","@id":"https:\/\/biospa.ee\/vanaveeb2026\/toode\/95095\/#breadcrumb","itemListElement":[{"@type":"ListItem","position":1,"name":"Home","item":"https:\/\/biospa.ee\/vanaveeb2026\/"},{"@type":"ListItem","position":2,"name":"Pood","item":"https:\/\/biospa.ee\/vanaveeb2026\/pood\/"},{"@type":"ListItem","position":3,"name":"Integratiivse toitumisn\u00f5ustaja konsultatsioon"}]},{"@type":"WebSite","@id":"https:\/\/biospa.ee\/vanaveeb2026\/#website","url":"https:\/\/biospa.ee\/vanaveeb2026\/","name":"Loodus BioSpa","description":"Loodus BioSpa","publisher":{"@id":"https:\/\/biospa.ee\/vanaveeb2026\/#organization"},"potentialAction":[{"@type":"SearchAction","target":{"@type":"EntryPoint","urlTemplate":"https:\/\/biospa.ee\/vanaveeb2026\/?s={search_term_string}"},"query-input":{"@type":"PropertyValueSpecification","valueRequired":true,"valueName":"search_term_string"}}],"inLanguage":"et"},{"@type":"Organization","@id":"https:\/\/biospa.ee\/vanaveeb2026\/#organization","name":"Tesmasan O\u00dc","url":"https:\/\/biospa.ee\/vanaveeb2026\/","logo":{"@type":"ImageObject","inLanguage":"et","@id":"https:\/\/biospa.ee\/vanaveeb2026\/#\/schema\/logo\/image\/","url":"https:\/\/biospa.ee\/vanaveeb2026\/vanaveeb2026\/wp-content\/uploads\/2023\/06\/BioSpa-loggo-est1-0-143.png","contentUrl":"https:\/\/biospa.ee\/vanaveeb2026\/vanaveeb2026\/wp-content\/uploads\/2023\/06\/BioSpa-loggo-est1-0-143.png","width":143,"height":59,"caption":"Tesmasan O\u00dc"},"image":{"@id":"https:\/\/biospa.ee\/vanaveeb2026\/#\/schema\/logo\/image\/"},"sameAs":["https:\/\/www.facebook.com\/LoodusBioSpa\/","https:\/\/www.instagram.com\/loodusbiospa\/"]}]}},"_links":{"self":[{"href":"https:\/\/biospa.ee\/vanaveeb2026\/wp-json\/wp\/v2\/product\/95095","targetHints":{"allow":["GET"]}}],"collection":[{"href":"https:\/\/biospa.ee\/vanaveeb2026\/wp-json\/wp\/v2\/product"}],"about":[{"href":"https:\/\/biospa.ee\/vanaveeb2026\/wp-json\/wp\/v2\/types\/product"}],"wp:featuredmedia":[{"embeddable":true,"href":"https:\/\/biospa.ee\/vanaveeb2026\/wp-json\/wp\/v2\/media\/95174"}],"wp:attachment":[{"href":"https:\/\/biospa.ee\/vanaveeb2026\/wp-json\/wp\/v2\/media?parent=95095"}],"wp:term":[{"taxonomy":"product_brand","embeddable":true,"href":"https:\/\/biospa.ee\/vanaveeb2026\/wp-json\/wp\/v2\/product_brand?post=95095"},{"taxonomy":"product_cat","embeddable":true,"href":"https:\/\/biospa.ee\/vanaveeb2026\/wp-json\/wp\/v2\/product_cat?post=95095"},{"taxonomy":"product_tag","embeddable":true,"href":"https:\/\/biospa.ee\/vanaveeb2026\/wp-json\/wp\/v2\/product_tag?post=95095"}],"curies":[{"name":"wp","href":"https:\/\/api.w.org\/{rel}","templated":true}]}}